{"id":10122,"date":"2015-05-14T21:08:14","date_gmt":"2015-05-14T19:08:14","guid":{"rendered":"http:\/\/www.vom-taubertal.de\/blog\/?page_id=10122"},"modified":"2016-12-25T23:32:08","modified_gmt":"2016-12-25T21:32:08","slug":"katzensnacks-taubertalperser","status":"publish","type":"page","link":"https:\/\/www.vom-taubertal.de\/blog\/katzensnacks-taubertalperser\/","title":{"rendered":"Katzensnacks"},"content":{"rendered":"<h3>Katzensnack<\/h3>\n<p>Ich habe mit meinen Perserchen unz\u00e4hlige Katzennassfuttersorten getestet und auf der Seite <strong><a href=\"https:\/\/www.vom-taubertal.de\/blog\/katzenfuttertests\/\" target=\"_blank\">Katzenfuttertests<\/a><\/strong> f\u00fcr euch ver\u00f6ffentlicht. Zwangsl\u00e4ufig bin ich nat\u00fcrlich auch \u00fcber den einen oder anderen Katzensnacks gestolpert.<\/p>\n<p><!--more--><\/p>\n<p><a href=\"https:\/\/i0.wp.com\/www.vom-taubertal.de\/blog\/wp-content\/uploads\/2014\/09\/IMG_4489.jpg?quality=100&#038;ssl=1\"><img data-recalc-dims=\"1\" loading=\"lazy\" decoding=\"async\" class=\"alignleft size-medium wp-image-7344\" src=\"https:\/\/i0.wp.com\/www.vom-taubertal.de\/blog\/wp-content\/uploads\/2014\/09\/IMG_4489.jpg?resize=300%2C199&#038;quality=100&#038;ssl=1\" alt=\"IMG_4489\" width=\"300\" height=\"199\" srcset=\"https:\/\/i0.wp.com\/www.vom-taubertal.de\/blog\/wp-content\/uploads\/2014\/09\/IMG_4489.jpg?resize=300%2C199&amp;quality=100&amp;ssl=1 300w, https:\/\/i0.wp.com\/www.vom-taubertal.de\/blog\/wp-content\/uploads\/2014\/09\/IMG_4489.jpg?w=800&amp;quality=100&amp;ssl=1 800w\" sizes=\"auto, (max-width: 300px) 100vw, 300px\" \/><\/a>Damit dies alles mal eine gewisse &#8222;Form&#8220; hat, habe ich nun diese Seite hier erstellt um euch diverse Katzenfuttersnacks aufzulisten, die bei uns im Haus getestet wurden.<\/p>\n<p>Manche waren sensationell gut, manche eher reine Geldverschwendung. Aber lest einfach selber.<\/p>\n<p>Macht euch selber ein Bild und entscheidet dann ob es etwas f\u00fcr eure Fellnase ist oder eher doch nicht.<\/p>\n<p>Selbstverst\u00e4ndlich wird diese Liste hier st\u00e4ndig erweitert, so das ihr jedesmal etwas Neues hier entdecken k\u00f6nnt und nun viel Spa\u00df bei meinen Pr\u00e4sentationen.<\/p>\n<p>Je nach Qualit\u00e4t erh\u00e4lt der jeweilige Snack eine Pfote in der entsprechenden Ampelfarbe und ich denke, dazu bedarf es keiner weiteren Worte.<\/p>\n<table style=\"height: 120px;\" width=\"511\" cellspacing=\"0\" cellpadding=\"0\" border=\"0\">\n<colgroup>\n<col width=\"80\" span=\"3\"><\/colgroup>\n<tbody>\n<tr>\n<td class=\"xl65\" style=\"text-align: center;\" width=\"80\" height=\"20\"><a href=\"https:\/\/i0.wp.com\/www.vom-taubertal.de\/blog\/wp-content\/uploads\/2014\/09\/gruene_pfote1.png?quality=100&#038;ssl=1\"><img data-recalc-dims=\"1\" loading=\"lazy\" decoding=\"async\" class=\"aligncenter wp-image-10926\" src=\"https:\/\/i0.wp.com\/www.vom-taubertal.de\/blog\/wp-content\/uploads\/2014\/09\/gruene_pfote1.png?resize=110%2C100&#038;quality=100&#038;ssl=1\" alt=\"gruene_pfote\" width=\"110\" height=\"100\"><\/a><\/td>\n<td class=\"xl65\" width=\"80\"><a href=\"https:\/\/i0.wp.com\/www.vom-taubertal.de\/blog\/wp-content\/uploads\/2015\/05\/gelbe_Pfote.png?quality=100&#038;ssl=1\"><img data-recalc-dims=\"1\" loading=\"lazy\" decoding=\"async\" class=\"aligncenter wp-image-10929\" src=\"https:\/\/i0.wp.com\/www.vom-taubertal.de\/blog\/wp-content\/uploads\/2015\/05\/gelbe_Pfote.png?resize=110%2C100&#038;quality=100&#038;ssl=1\" alt=\"gelbe_Pfote\" width=\"110\" height=\"100\"><\/a><\/td>\n<td class=\"xl65\" width=\"80\"><a href=\"https:\/\/i0.wp.com\/www.vom-taubertal.de\/blog\/wp-content\/uploads\/2015\/05\/rote_pfote.png?quality=100&#038;ssl=1\"><img data-recalc-dims=\"1\" loading=\"lazy\" decoding=\"async\" class=\"aligncenter wp-image-10928\" src=\"https:\/\/i0.wp.com\/www.vom-taubertal.de\/blog\/wp-content\/uploads\/2015\/05\/rote_pfote.png?resize=110%2C100&#038;quality=100&#038;ssl=1\" alt=\"rote_pfote\" width=\"110\" height=\"100\"><\/a><\/td>\n<\/tr>\n<\/tbody>\n<\/table>\n<p><span style=\"color: #ff0000;\"><strong>Hinweis:<\/strong><\/span> Einige Produkte sind noch nicht verlinkt, das liegt daran, das die Ver\u00f6ffentlichung der Tests erst in den n\u00e4chsten Tagen erfolgt.<\/p>\n<p><strong><a href=\"https:\/\/www.vom-taubertal.de\/blog\/katzensnack-im-test-animonda-knuperkissen-taubertalperser\/\" target=\"_blank\">Animonda Knusperkissen<\/a><\/strong><\/p>\n<p><a href=\"https:\/\/www.vom-taubertal.de\/blog\/katzensnack-im-test-cachet\/\" target=\"_blank\"><strong>Cachet Knabberstangen<\/strong><\/a><\/p>\n<p><strong><a href=\"https:\/\/www.vom-taubertal.de\/blog\/produktvorstellung-cat-kisses\/\" target=\"_blank\">Cat Kisses<\/a><\/strong><\/p>\n<p><strong><a href=\"https:\/\/www.vom-taubertal.de\/blog\/katzensnack-im-test-cat-caviar\/\" target=\"_blank\">Cats Caviar<\/a><\/strong><\/p>\n<p><strong><a href=\"https:\/\/www.vom-taubertal.de\/blog\/katzensnack-im-test-catz-finefood-snackz\/\" target=\"_blank\">Catz Finefood Snack<\/a><\/strong><\/p>\n<p><strong><a href=\"https:\/\/www.vom-taubertal.de\/blog\/katzensnack-im-test-coshida-katzensnacks\/\" target=\"_blank\">Coshida Katzensnack<\/a><\/strong><\/p>\n<p><strong><a href=\"https:\/\/www.vom-taubertal.de\/blog\/katzensnack-im-test-cosma-snackies\/\" target=\"_blank\">Cosma<\/a><\/strong><\/p>\n<p><a href=\"https:\/\/www.vom-taubertal.de\/blog\/katzensnack-im-test-barva-fleisch-snack-rindfleisch-von-defu\/\" target=\"_blank\"><strong>Defu Barva<\/strong> <\/a><\/p>\n<p><strong><a href=\"https:\/\/www.vom-taubertal.de\/blog\/katzensnack-im-test-defu-katzensnack-bio-kaustange\/\" target=\"_blank\">Defu Bio Kaustangen<\/a><\/strong><\/p>\n<p><strong><a href=\"https:\/\/www.vom-taubertal.de\/blog\/katzenfutter-im-test-heute-dokas-snackwuerfel\/\" target=\"_blank\">Dokas Snackw\u00fcrfel<\/a><\/strong><\/p>\n<p><strong><a href=\"https:\/\/www.vom-taubertal.de\/blog\/katzensnack-im-test-dr-alder-landsnack-cat\/\" target=\"_blank\">Dr. Alder Landsnack Cat<\/a><\/strong><\/p>\n<p><strong><a href=\"https:\/\/www.vom-taubertal.de\/blog\/katzensnack-im-test-dreamies-katzensnack\/\" target=\"_blank\">Dreamies Katzensnack<\/a><\/strong><\/p>\n<p><strong><a href=\"https:\/\/www.vom-taubertal.de\/blog\/katzensnack-im-test-farrado-katzensnack-al-naturale\/\" target=\"_blank\">Farrado-Katzensnack<\/a><\/strong><\/p>\n<p><strong><a href=\"https:\/\/www.vom-taubertal.de\/blog\/katzenfutter-im-test-heute-granatapet-feini\/\" target=\"_blank\">Feinis &#8211; Granatapet<\/a><\/strong><\/p>\n<p><strong><a href=\"https:\/\/www.vom-taubertal.de\/blog\/granatapet-feinisticks-huehnchen\/\" target=\"_blank\">Feinisticks H\u00fchnchen &#8211; Granatapet<\/a><\/strong><\/p>\n<p><strong><a href=\"https:\/\/www.vom-taubertal.de\/blog\/felibon-der-katzensnack-perserkatzen-katzen-kuschelperser-perser\/\" target=\"_blank\">Felibon aus dem Hause Terra Faelis<\/a><\/strong><\/p>\n<p><strong><a href=\"https:\/\/www.vom-taubertal.de\/blog\/katzensnack-im-test-gimpet-fleischbaellchen\/\" target=\"_blank\">Gimpet Fleischb\u00e4llchen<\/a><\/strong><\/p>\n<p><script type=\"text\/javascript\">\/\/ <![CDATA[ google_ad_client = \"ca-pub-3363977028533397\"; google_ad_slot = \"9659168065\"; google_ad_width = 468; google_ad_height = 60; \/\/ ]]><\/script><br \/>\n<!-- Taubertal_1 --><br \/>\n<script src=\"\/\/pagead2.googlesyndication.com\/pagead\/show_ads.js\" type=\"text\/javascript\">\/\/ <![CDATA[ \/\/ ]]><\/script><br \/>\n<strong><a href=\"https:\/\/www.vom-taubertal.de\/blog\/futtertest-gimpet-katzenpudding\/\" target=\"_blank\">Gimpet Katzenpudding<\/a><\/strong><\/p>\n<p><strong><a href=\"https:\/\/www.vom-taubertal.de\/blog\/katzensnack-im-test-hello-kitty-super-premium-katzensnack\/\" target=\"_blank\">Hello Kitty Super Premium Katzensnack<\/a><\/strong><\/p>\n<p><strong><a href=\"https:\/\/www.vom-taubertal.de\/blog\/katzensnack-im-test-hello-kitty-super-premium-katzensticks\/\" target=\"_blank\">Hello Kitty Surpreme Sticks<\/a><\/strong><\/p>\n<p><strong><a href=\"https:\/\/www.vom-taubertal.de\/blog\/katzensnack-im-test-hunter-cat-treats\/\" target=\"_blank\">Hunter Cat Treats<\/a><\/strong><\/p>\n<p><strong><a href=\"https:\/\/www.vom-taubertal.de\/blog\/katzenleckerchen-huehnchen-mit-kuerbis-dokas\/\" target=\"_blank\">H\u00fchnchen mit K\u00fcrbis &#8211; Dokas Snack<\/a><\/strong><\/p>\n<p><a href=\"https:\/\/www.vom-taubertal.de\/blog\/katzensnack-im-test-jr-cat-snackball\/\" target=\"_blank\"><strong>JR Cat Snackball<\/strong><\/a><\/p>\n<p><strong><a href=\"https:\/\/www.vom-taubertal.de\/blog\/produktvorstellung-kitty-beat-huehnchen\/\" target=\"_blank\">Kitty Beat H\u00fchnchen<\/a><\/strong><\/p>\n<p><strong><a href=\"https:\/\/www.vom-taubertal.de\/blog\/produktvorstellung-kitty-beat-huehnchen-mit-kuerbis-und-banane-2\/\" target=\"_blank\">Kitty Beat H\u00fchnchen mit K\u00fcrbis und Banane<\/a><\/strong><\/p>\n<p><strong><a href=\"https:\/\/www.vom-taubertal.de\/blog\/katzensnack-im-test-shakery-von-macs\/\" target=\"_blank\">Macs Shakery<\/a><\/strong><\/p>\n<p><strong><a href=\"https:\/\/www.vom-taubertal.de\/blog\/katzensnack-im-test-miamor-snack-creme-taubertalperser\/\" target=\"_blank\">Miamor Snack Cream<\/a><\/strong><\/p>\n<p><strong><a href=\"https:\/\/www.vom-taubertal.de\/blog\/katzensnack-im-test-milkies-von-animonda\/\" target=\"_blank\">Milkies von Animonda<\/a><\/strong><\/p>\n<p><strong><a href=\"https:\/\/www.vom-taubertal.de\/blog\/katzensnack-im-test-multfit-naturelle-taubertalperser\/\" target=\"_blank\">Multifit naturelle<\/a><\/strong><\/p>\n<p><strong><a href=\"https:\/\/www.vom-taubertal.de\/blog\/katzensnack-im-test-orijen-snacks-tundra\/\" target=\"_blank\">Orijen Snacks Tundra<\/a><\/strong><\/p>\n<p><strong><a href=\"https:\/\/www.vom-taubertal.de\/blog\/katzenfutter-im-test-parfait-traum-lachs-gaensebluemchen\/\" target=\"_blank\">Parfait Traum Lachs mit G\u00e4nsebl\u00fcmchen<\/a><\/strong><\/p>\n<p><strong><a href=\"https:\/\/www.vom-taubertal.de\/blog\/katzensnack-im-test-pet-greens-snack\/\" target=\"_blank\">Pet Greens<\/a><\/strong><\/p>\n<p><strong><a href=\"https:\/\/www.vom-taubertal.de\/blog\/katzentrockenfutter-im-test-porta-21-wanted\/\" target=\"_blank\">Porta 21 Wanted<\/a><\/strong><\/p>\n<p><strong><a href=\"https:\/\/www.vom-taubertal.de\/blog\/katzensnack-im-test-pets-deli-cookies-minis\/\" target=\"_blank\">Pets Deli Cookies Minis<\/a><\/strong><\/p>\n<p><a href=\"https:\/\/www.vom-taubertal.de\/blog\/katzensnack-im-test-sanabelle-snacks\/\" target=\"_blank\"><strong>Sanabell Snacks Grain free<\/strong><\/a><\/p>\n<p><strong><a href=\"https:\/\/www.vom-taubertal.de\/blog\/katzensnack-im-test-tengocat\/\" target=\"_blank\">TENGO\u00aeCat<\/a><\/strong><\/p>\n<p><strong><a href=\"https:\/\/www.vom-taubertal.de\/blog\/katzensnack-im-test-thrive-cat\/\" target=\"_blank\">Thrive<\/a><\/strong><\/p>\n<p><strong><a href=\"https:\/\/www.vom-taubertal.de\/blog\/katzensnack-im-test-tigeria-sticklettis\/\" target=\"_blank\">Tigeria Stickelettis<\/a><\/strong><\/p>\n<p><strong><a href=\"https:\/\/www.vom-taubertal.de\/blog\/katzensnack-im-test-thrive-cat\/\" target=\"_blank\">Trive Katzensnack<\/a><\/strong><\/p>\n<p><strong><a href=\"https:\/\/www.vom-taubertal.de\/blog\/katzensnack-im-test-trixie-premio-chicken-cubes\/\" target=\"_blank\">Trixie Premio Chicken Cubes<\/a><\/strong><\/p>\n<p><strong><a href=\"https:\/\/www.vom-taubertal.de\/blog\/katzensnack-im-test-premio-hearts-von-trixie\/\" target=\"_blank\">Trixie Premio Hearts Katzensnack<\/a><\/strong><\/p>\n<p><strong><a href=\"https:\/\/www.vom-taubertal.de\/blog\/katzensnack-im-test-trixie-premio-leberwurst\/\" target=\"_blank\">Trixie Premio Leberwurst<\/a><\/strong><\/p>\n<p><strong><a href=\"https:\/\/www.vom-taubertal.de\/blog\/produktvorstellung-trixie-snack-roller-pop\/\" target=\"_blank\">Trixie Roller-Pop Snackroller<\/a><\/strong><\/p>\n<p><strong><a href=\"https:\/\/www.vom-taubertal.de\/blog\/katzensnack-im-test-tubi-cat-lachscreme-75g\/\" target=\"_blank\">Tubi Cat Lachscreme<\/a><\/strong><\/p>\n<p><strong><a href=\"https:\/\/www.vom-taubertal.de\/blog\/katzensnack-tuna-katzenkekse-von-wauimiaui\/\" target=\"_blank\">Tuna Kekse von WauiMiaui<\/a><\/strong><\/p>\n<p><!-- BEGIN ZOOPLUS PARTNER NETWORK --><br \/>\n<a href=\"http:\/\/marketing.net.zooplus.de\/ts\/i3101179\/tsc?amc=aff.zooplus.38494.44898.6702&amp;tst=!!TIMESTAMP!!\" target=\"_blank\" rel=\"nofollow\"><br \/>\n<img loading=\"lazy\" decoding=\"async\" src=\"http:\/\/marketing.net.zooplus.de\/ts\/i3101179\/tsv?amc=aff.zooplus.38494.44898.6702&amp;tst=!!TIMESTAMP!!\" alt=\"zooplus.de\" width=\"728\" height=\"90\" border=\"0\"><br \/>\n<\/a><\/p>\n<p><!-- END ZOOPLUS PARTNER NETWORK --><\/p>\n<p>TF: Applaws Adult Huhn &amp; Ente<\/p>\n<p><strong><a href=\"https:\/\/www.vom-taubertal.de\/blog\/katzenfutter-im-test-farrado-trockenfutter-fuer-katzen\/\" target=\"_blank\">TF: Farrado<\/a><\/strong><\/p>\n<p><strong><a href=\"https:\/\/www.vom-taubertal.de\/blog\/katzentrockenfutter-im-test-porta-21-wanted\/\" target=\"_blank\">TF: Porta 21 &#8211; Wanted<\/a><\/strong><\/p>\n<p>TF: Wildcat &#8211; Cheetah<\/p>\n<p>TF: Wilderness<\/p>\n<p><script type=\"text\/javascript\">\/\/ <![CDATA[ google_ad_client = \"ca-pub-3363977028533397\"; google_ad_slot = \"3730385664\"; google_ad_width = 728; google_ad_height = 90; \/\/ ]]><\/script><br \/>\n<!-- Taubertal2 --><br \/>\n<script src=\"\/\/pagead2.googlesyndication.com\/pagead\/show_ads.js\" type=\"text\/javascript\">\/\/ <![CDATA[ \/\/ ]]><\/script><\/p>\n<p><span style=\"border-radius: 2px; text-indent: 20px; width: auto; padding: 0px 4px 0px 0px; text-align: center; font: bold 11px\/20px 'Helvetica Neue',Helvetica,sans-serif; color: #ffffff; background: #bd081c no-repeat scroll 3px 50% \/ 14px 14px; position: absolute; opacity: 1; z-index: 8675309; display: none; cursor: pointer;\">Merken<\/span><\/p>\n<p><span style=\"border-radius: 2px; text-indent: 20px; width: auto; padding: 0px 4px 0px 0px; text-align: center; font: bold 11px\/20px 'Helvetica Neue',Helvetica,sans-serif; color: #ffffff; background: #bd081c  no-repeat scroll 3px 50% \/ 14px 14px; position: absolute; opacity: 1; z-index: 8675309; display: none; cursor: pointer;\">Merken<\/span><\/p>\n","protected":false},"excerpt":{"rendered":"<p>Katzensnack Ich habe mit meinen Perserchen unz\u00e4hlige Katzennassfuttersorten getestet und auf der Seite Katzenfuttertests f\u00fcr euch ver\u00f6ffentlicht. Zwangsl\u00e4ufig bin ich<\/p>\n","protected":false},"author":1,"featured_media":0,"parent":0,"menu_order":0,"comment_status":"closed","ping_status":"open","template":"","meta":{"colormag_page_container_layout":"default_layout","colormag_page_sidebar_layout":"default_layout","sfsi_plus_gutenberg_text_before_share":"","sfsi_plus_gutenberg_show_text_before_share":"","sfsi_plus_gutenberg_icon_type":"","sfsi_plus_gutenberg_icon_alignemt":"","sfsi_plus_gutenburg_max_per_row":"","ngg_post_thumbnail":0,"footnotes":""},"class_list":["post-10122","page","type-page","status-publish","hentry"],"yoast_head":"<!-- This site is optimized with the Yoast SEO plugin v27.3 - https:\/\/yoast.com\/product\/yoast-seo-wordpress\/ -->\n<title>Katzensnack im Test - Taubertalperser<\/title>\n<meta name=\"description\" content=\"Katzensnacks im Test. Die Taubertalperser testen und bewerten verschiedene Katzensnacks f\u00fcr euch.Manche aus dem Discounter, manche aus dem Fachhandel\" \/>\n<meta name=\"robots\" content=\"index, follow, max-snippet:-1, max-image-preview:large, max-video-preview:-1\" \/>\n<link rel=\"canonical\" href=\"https:\/\/www.vom-taubertal.de\/blog\/katzensnacks-taubertalperser\/\" \/>\n<meta property=\"og:locale\" content=\"de_DE\" \/>\n<meta property=\"og:type\" content=\"article\" \/>\n<meta property=\"og:title\" content=\"Katzensnack im Test - Taubertalperser\" \/>\n<meta property=\"og:description\" content=\"Katzensnacks im Test. Die Taubertalperser testen und bewerten verschiedene Katzensnacks f\u00fcr euch.Manche aus dem Discounter, manche aus dem Fachhandel\" \/>\n<meta property=\"og:url\" content=\"https:\/\/www.vom-taubertal.de\/blog\/katzensnacks-taubertalperser\/\" \/>\n<meta property=\"og:site_name\" content=\"Die Taubertalperser\" \/>\n<meta property=\"article:modified_time\" content=\"2016-12-25T21:32:08+00:00\" \/>\n<meta property=\"og:image\" content=\"https:\/\/www.vom-taubertal.de\/blog\/wp-content\/uploads\/2014\/09\/IMG_4489-300x199.jpg\" \/>\n<meta name=\"twitter:label1\" content=\"Gesch\u00e4tzte Lesezeit\" \/>\n\t<meta name=\"twitter:data1\" content=\"2\u00a0Minuten\" \/>\n<script type=\"application\/ld+json\" class=\"yoast-schema-graph\">{\"@context\":\"https:\\\/\\\/schema.org\",\"@graph\":[{\"@type\":\"WebPage\",\"@id\":\"https:\\\/\\\/www.vom-taubertal.de\\\/blog\\\/katzensnacks-taubertalperser\\\/\",\"url\":\"https:\\\/\\\/www.vom-taubertal.de\\\/blog\\\/katzensnacks-taubertalperser\\\/\",\"name\":\"Katzensnack im Test - Taubertalperser\",\"isPartOf\":{\"@id\":\"https:\\\/\\\/www.vom-taubertal.de\\\/blog\\\/#website\"},\"primaryImageOfPage\":{\"@id\":\"https:\\\/\\\/www.vom-taubertal.de\\\/blog\\\/katzensnacks-taubertalperser\\\/#primaryimage\"},\"image\":{\"@id\":\"https:\\\/\\\/www.vom-taubertal.de\\\/blog\\\/katzensnacks-taubertalperser\\\/#primaryimage\"},\"thumbnailUrl\":\"https:\\\/\\\/www.vom-taubertal.de\\\/blog\\\/wp-content\\\/uploads\\\/2014\\\/09\\\/IMG_4489-300x199.jpg\",\"datePublished\":\"2015-05-14T19:08:14+00:00\",\"dateModified\":\"2016-12-25T21:32:08+00:00\",\"description\":\"Katzensnacks im Test. Die Taubertalperser testen und bewerten verschiedene Katzensnacks f\u00fcr euch.Manche aus dem Discounter, manche aus dem Fachhandel\",\"breadcrumb\":{\"@id\":\"https:\\\/\\\/www.vom-taubertal.de\\\/blog\\\/katzensnacks-taubertalperser\\\/#breadcrumb\"},\"inLanguage\":\"de\",\"potentialAction\":[{\"@type\":\"ReadAction\",\"target\":[\"https:\\\/\\\/www.vom-taubertal.de\\\/blog\\\/katzensnacks-taubertalperser\\\/\"]}]},{\"@type\":\"ImageObject\",\"inLanguage\":\"de\",\"@id\":\"https:\\\/\\\/www.vom-taubertal.de\\\/blog\\\/katzensnacks-taubertalperser\\\/#primaryimage\",\"url\":\"https:\\\/\\\/i0.wp.com\\\/www.vom-taubertal.de\\\/blog\\\/wp-content\\\/uploads\\\/2014\\\/09\\\/IMG_4489.jpg?fit=800%2C533&quality=100&ssl=1\",\"contentUrl\":\"https:\\\/\\\/i0.wp.com\\\/www.vom-taubertal.de\\\/blog\\\/wp-content\\\/uploads\\\/2014\\\/09\\\/IMG_4489.jpg?fit=800%2C533&quality=100&ssl=1\",\"width\":800,\"height\":533},{\"@type\":\"BreadcrumbList\",\"@id\":\"https:\\\/\\\/www.vom-taubertal.de\\\/blog\\\/katzensnacks-taubertalperser\\\/#breadcrumb\",\"itemListElement\":[{\"@type\":\"ListItem\",\"position\":1,\"name\":\"Home\",\"item\":\"https:\\\/\\\/www.vom-taubertal.de\\\/blog\\\/\"},{\"@type\":\"ListItem\",\"position\":2,\"name\":\"Katzensnacks\"}]},{\"@type\":\"WebSite\",\"@id\":\"https:\\\/\\\/www.vom-taubertal.de\\\/blog\\\/#website\",\"url\":\"https:\\\/\\\/www.vom-taubertal.de\\\/blog\\\/\",\"name\":\"Die Taubertalperser\",\"description\":\"Alles \u00fcber und f\u00fcr Katzen \",\"publisher\":{\"@id\":\"https:\\\/\\\/www.vom-taubertal.de\\\/blog\\\/#\\\/schema\\\/person\\\/368654e092f5785df440fe834ecc3049\"},\"potentialAction\":[{\"@type\":\"SearchAction\",\"target\":{\"@type\":\"EntryPoint\",\"urlTemplate\":\"https:\\\/\\\/www.vom-taubertal.de\\\/blog\\\/?s={search_term_string}\"},\"query-input\":{\"@type\":\"PropertyValueSpecification\",\"valueRequired\":true,\"valueName\":\"search_term_string\"}}],\"inLanguage\":\"de\"},{\"@type\":[\"Person\",\"Organization\"],\"@id\":\"https:\\\/\\\/www.vom-taubertal.de\\\/blog\\\/#\\\/schema\\\/person\\\/368654e092f5785df440fe834ecc3049\",\"name\":\"afrank\",\"image\":{\"@type\":\"ImageObject\",\"inLanguage\":\"de\",\"@id\":\"https:\\\/\\\/www.vom-taubertal.de\\\/blog\\\/wp-content\\\/uploads\\\/2019\\\/03\\\/Andrea_Dividi_02.jpg\",\"url\":\"https:\\\/\\\/www.vom-taubertal.de\\\/blog\\\/wp-content\\\/uploads\\\/2019\\\/03\\\/Andrea_Dividi_02.jpg\",\"contentUrl\":\"https:\\\/\\\/www.vom-taubertal.de\\\/blog\\\/wp-content\\\/uploads\\\/2019\\\/03\\\/Andrea_Dividi_02.jpg\",\"width\":653,\"height\":800,\"caption\":\"afrank\"},\"logo\":{\"@id\":\"https:\\\/\\\/www.vom-taubertal.de\\\/blog\\\/wp-content\\\/uploads\\\/2019\\\/03\\\/Andrea_Dividi_02.jpg\"}}]}<\/script>\n<!-- \/ Yoast SEO plugin. -->","yoast_head_json":{"title":"Katzensnack im Test - Taubertalperser","description":"Katzensnacks im Test. Die Taubertalperser testen und bewerten verschiedene Katzensnacks f\u00fcr euch.Manche aus dem Discounter, manche aus dem Fachhandel","robots":{"index":"index","follow":"follow","max-snippet":"max-snippet:-1","max-image-preview":"max-image-preview:large","max-video-preview":"max-video-preview:-1"},"canonical":"https:\/\/www.vom-taubertal.de\/blog\/katzensnacks-taubertalperser\/","og_locale":"de_DE","og_type":"article","og_title":"Katzensnack im Test - Taubertalperser","og_description":"Katzensnacks im Test. Die Taubertalperser testen und bewerten verschiedene Katzensnacks f\u00fcr euch.Manche aus dem Discounter, manche aus dem Fachhandel","og_url":"https:\/\/www.vom-taubertal.de\/blog\/katzensnacks-taubertalperser\/","og_site_name":"Die Taubertalperser","article_modified_time":"2016-12-25T21:32:08+00:00","og_image":[{"url":"https:\/\/www.vom-taubertal.de\/blog\/wp-content\/uploads\/2014\/09\/IMG_4489-300x199.jpg","type":"","width":"","height":""}],"twitter_misc":{"Gesch\u00e4tzte Lesezeit":"2\u00a0Minuten"},"schema":{"@context":"https:\/\/schema.org","@graph":[{"@type":"WebPage","@id":"https:\/\/www.vom-taubertal.de\/blog\/katzensnacks-taubertalperser\/","url":"https:\/\/www.vom-taubertal.de\/blog\/katzensnacks-taubertalperser\/","name":"Katzensnack im Test - Taubertalperser","isPartOf":{"@id":"https:\/\/www.vom-taubertal.de\/blog\/#website"},"primaryImageOfPage":{"@id":"https:\/\/www.vom-taubertal.de\/blog\/katzensnacks-taubertalperser\/#primaryimage"},"image":{"@id":"https:\/\/www.vom-taubertal.de\/blog\/katzensnacks-taubertalperser\/#primaryimage"},"thumbnailUrl":"https:\/\/www.vom-taubertal.de\/blog\/wp-content\/uploads\/2014\/09\/IMG_4489-300x199.jpg","datePublished":"2015-05-14T19:08:14+00:00","dateModified":"2016-12-25T21:32:08+00:00","description":"Katzensnacks im Test. Die Taubertalperser testen und bewerten verschiedene Katzensnacks f\u00fcr euch.Manche aus dem Discounter, manche aus dem Fachhandel","breadcrumb":{"@id":"https:\/\/www.vom-taubertal.de\/blog\/katzensnacks-taubertalperser\/#breadcrumb"},"inLanguage":"de","potentialAction":[{"@type":"ReadAction","target":["https:\/\/www.vom-taubertal.de\/blog\/katzensnacks-taubertalperser\/"]}]},{"@type":"ImageObject","inLanguage":"de","@id":"https:\/\/www.vom-taubertal.de\/blog\/katzensnacks-taubertalperser\/#primaryimage","url":"https:\/\/i0.wp.com\/www.vom-taubertal.de\/blog\/wp-content\/uploads\/2014\/09\/IMG_4489.jpg?fit=800%2C533&quality=100&ssl=1","contentUrl":"https:\/\/i0.wp.com\/www.vom-taubertal.de\/blog\/wp-content\/uploads\/2014\/09\/IMG_4489.jpg?fit=800%2C533&quality=100&ssl=1","width":800,"height":533},{"@type":"BreadcrumbList","@id":"https:\/\/www.vom-taubertal.de\/blog\/katzensnacks-taubertalperser\/#breadcrumb","itemListElement":[{"@type":"ListItem","position":1,"name":"Home","item":"https:\/\/www.vom-taubertal.de\/blog\/"},{"@type":"ListItem","position":2,"name":"Katzensnacks"}]},{"@type":"WebSite","@id":"https:\/\/www.vom-taubertal.de\/blog\/#website","url":"https:\/\/www.vom-taubertal.de\/blog\/","name":"Die Taubertalperser","description":"Alles \u00fcber und f\u00fcr Katzen ","publisher":{"@id":"https:\/\/www.vom-taubertal.de\/blog\/#\/schema\/person\/368654e092f5785df440fe834ecc3049"},"potentialAction":[{"@type":"SearchAction","target":{"@type":"EntryPoint","urlTemplate":"https:\/\/www.vom-taubertal.de\/blog\/?s={search_term_string}"},"query-input":{"@type":"PropertyValueSpecification","valueRequired":true,"valueName":"search_term_string"}}],"inLanguage":"de"},{"@type":["Person","Organization"],"@id":"https:\/\/www.vom-taubertal.de\/blog\/#\/schema\/person\/368654e092f5785df440fe834ecc3049","name":"afrank","image":{"@type":"ImageObject","inLanguage":"de","@id":"https:\/\/www.vom-taubertal.de\/blog\/wp-content\/uploads\/2019\/03\/Andrea_Dividi_02.jpg","url":"https:\/\/www.vom-taubertal.de\/blog\/wp-content\/uploads\/2019\/03\/Andrea_Dividi_02.jpg","contentUrl":"https:\/\/www.vom-taubertal.de\/blog\/wp-content\/uploads\/2019\/03\/Andrea_Dividi_02.jpg","width":653,"height":800,"caption":"afrank"},"logo":{"@id":"https:\/\/www.vom-taubertal.de\/blog\/wp-content\/uploads\/2019\/03\/Andrea_Dividi_02.jpg"}}]}},"jetpack_sharing_enabled":true,"_links":{"self":[{"href":"https:\/\/www.vom-taubertal.de\/blog\/wp-json\/wp\/v2\/pages\/10122","targetHints":{"allow":["GET"]}}],"collection":[{"href":"https:\/\/www.vom-taubertal.de\/blog\/wp-json\/wp\/v2\/pages"}],"about":[{"href":"https:\/\/www.vom-taubertal.de\/blog\/wp-json\/wp\/v2\/types\/page"}],"author":[{"embeddable":true,"href":"https:\/\/www.vom-taubertal.de\/blog\/wp-json\/wp\/v2\/users\/1"}],"replies":[{"embeddable":true,"href":"https:\/\/www.vom-taubertal.de\/blog\/wp-json\/wp\/v2\/comments?post=10122"}],"version-history":[{"count":48,"href":"https:\/\/www.vom-taubertal.de\/blog\/wp-json\/wp\/v2\/pages\/10122\/revisions"}],"predecessor-version":[{"id":16968,"href":"https:\/\/www.vom-taubertal.de\/blog\/wp-json\/wp\/v2\/pages\/10122\/revisions\/16968"}],"wp:attachment":[{"href":"https:\/\/www.vom-taubertal.de\/blog\/wp-json\/wp\/v2\/media?parent=10122"}],"curies":[{"name":"wp","href":"https:\/\/api.w.org\/{rel}","templated":true}]}}