{"id":13563,"date":"2016-05-02T13:28:30","date_gmt":"2016-05-02T11:28:30","guid":{"rendered":"http:\/\/www.vom-taubertal.de\/blog\/?page_id=13563"},"modified":"2016-12-28T10:32:43","modified_gmt":"2016-12-28T08:32:43","slug":"blogger-relations-kodex","status":"publish","type":"page","link":"https:\/\/www.vom-taubertal.de\/blog\/blogger-relations-kodex\/","title":{"rendered":"Blogger Relations Kodex"},"content":{"rendered":"<div id=\"ez-toc-container\" class=\"ez-toc-v2_0_82_2 counter-hierarchy ez-toc-counter ez-toc-grey ez-toc-container-direction\">\n<div class=\"ez-toc-title-container\">\n<p class=\"ez-toc-title\" style=\"cursor:inherit\">Inhaltsverzeichnis<\/p>\n<span class=\"ez-toc-title-toggle\"><a href=\"#\" class=\"ez-toc-pull-right ez-toc-btn ez-toc-btn-xs ez-toc-btn-default ez-toc-toggle\" aria-label=\"Toggle Table of Content\"><span class=\"ez-toc-js-icon-con\"><span class=\"\"><span class=\"eztoc-hide\" style=\"display:none;\">Toggle<\/span><span class=\"ez-toc-icon-toggle-span\"><svg style=\"fill: #999;color:#999\" xmlns=\"http:\/\/www.w3.org\/2000\/svg\" class=\"list-377408\" width=\"20px\" height=\"20px\" viewBox=\"0 0 24 24\" fill=\"none\"><path d=\"M6 6H4v2h2V6zm14 0H8v2h12V6zM4 11h2v2H4v-2zm16 0H8v2h12v-2zM4 16h2v2H4v-2zm16 0H8v2h12v-2z\" fill=\"currentColor\"><\/path><\/svg><svg style=\"fill: #999;color:#999\" class=\"arrow-unsorted-368013\" xmlns=\"http:\/\/www.w3.org\/2000\/svg\" width=\"10px\" height=\"10px\" viewBox=\"0 0 24 24\" version=\"1.2\" baseProfile=\"tiny\"><path d=\"M18.2 9.3l-6.2-6.3-6.2 6.3c-.2.2-.3.4-.3.7s.1.5.3.7c.2.2.4.3.7.3h11c.3 0 .5-.1.7-.3.2-.2.3-.5.3-.7s-.1-.5-.3-.7zM5.8 14.7l6.2 6.3 6.2-6.3c.2-.2.3-.5.3-.7s-.1-.5-.3-.7c-.2-.2-.4-.3-.7-.3h-11c-.3 0-.5.1-.7.3-.2.2-.3.5-.3.7s.1.5.3.7z\"\/><\/svg><\/span><\/span><\/span><\/a><\/span><\/div>\n<nav><ul class='ez-toc-list ez-toc-list-level-1 ' ><li class='ez-toc-page-1 ez-toc-heading-level-3'><a class=\"ez-toc-link ez-toc-heading-1\" href=\"https:\/\/www.vom-taubertal.de\/blog\/blogger-relations-kodex\/#Kooperation_Zusammenarbeit\" >Kooperation \/ Zusammenarbeit<\/a><\/li><li class='ez-toc-page-1 ez-toc-heading-level-3'><a class=\"ez-toc-link ez-toc-heading-2\" href=\"https:\/\/www.vom-taubertal.de\/blog\/blogger-relations-kodex\/#Blogger_Relaions_Kodex\" >Blogger Relaions Kodex<\/a><\/li><li class='ez-toc-page-1 ez-toc-heading-level-3'><a class=\"ez-toc-link ez-toc-heading-3\" href=\"https:\/\/www.vom-taubertal.de\/blog\/blogger-relations-kodex\/#Aber_sollte_dies_nicht_selbstverstaendlich_sein\" >Aber sollte dies nicht selbstverst\u00e4ndlich sein?<\/a><\/li><li class='ez-toc-page-1 ez-toc-heading-level-3'><a class=\"ez-toc-link ez-toc-heading-4\" href=\"https:\/\/www.vom-taubertal.de\/blog\/blogger-relations-kodex\/#Die_Freiheit_des_Bloggers\" >Die Freiheit des Bloggers<\/a><\/li><li class='ez-toc-page-1 ez-toc-heading-level-3'><a class=\"ez-toc-link ez-toc-heading-5\" href=\"https:\/\/www.vom-taubertal.de\/blog\/blogger-relations-kodex\/#Es_darf_auch_ein_wenig_Werbung_sein\" >Es darf auch ein wenig Werbung sein<\/a><\/li><li class='ez-toc-page-1 ez-toc-heading-level-3'><a class=\"ez-toc-link ez-toc-heading-6\" href=\"https:\/\/www.vom-taubertal.de\/blog\/blogger-relations-kodex\/#Bereits_erfolgte_Kooperationen\" >Bereits erfolgte Kooperationen<\/a><\/li><\/ul><\/nav><\/div>\n<h3><span class=\"ez-toc-section\" id=\"Kooperation_Zusammenarbeit\"><\/span>Kooperation \/ Zusammenarbeit<span class=\"ez-toc-section-end\"><\/span><\/h3>\n<p>Wie viele andere Blogger auch stehe ich regelm\u00e4\u00dfig vor der \u00dcberlegung lohnt es sich \u00fcberhaupt diesen Blog zu betreiben? Lohnt es sich \u00fcberhaupt unz\u00e4hlige Stunden Zeit zu investieren f\u00fcr Recherchen, verfassen von <strong>Artikeln, Produkt- und Futtertests.<\/strong><br \/>\nJemand, der sich nicht mit dieser Materie befasst ahnt gar nicht wie viele Stunden nur alleine f\u00fcr einen Futtertest aufgewendet werden m\u00fcssen bevor er online geht unabh\u00e4ngig davon, dass man das betreffende Futter ja erst einmal kaufen muss und da, da kommt ein klein wenig der<strong> Kostenfaktor<\/strong> zum Tragen.<\/p>\n<h3><span class=\"ez-toc-section\" id=\"Blogger_Relaions_Kodex\"><\/span>Blogger Relaions Kodex<span class=\"ez-toc-section-end\"><\/span><\/h3>\n<p><a href=\"http:\/\/www.bloggerrelationskodex.de\"><img data-recalc-dims=\"1\" decoding=\"async\" class=\"alignright\" src=\"https:\/\/i0.wp.com\/www.bloggerrelationskodex.de\/img\/blogger_kodex.png?w=800&#038;quality=100\" alt=\"Blogger Relations Kodex\"><\/a> Viele Blogger haben auf ihrer Webseite den <strong>Blogger Relations Kodex<\/strong> eingebunden mit diesem <strong>Blogger Relations Kodex<\/strong> signalisiert man das man an einer Zusammenarbeit mit Firmen interessiert ist.<\/p>\n<p>Aber auch das der Inhalt der Blogposts immer seiner eigenen Meinung entspricht und er sich nicht durch Kooperationen \u201e<strong>erkaufen<\/strong>\u201c l\u00e4sst.<\/p>\n<h3><span class=\"ez-toc-section\" id=\"Aber_sollte_dies_nicht_selbstverstaendlich_sein\"><\/span>Aber sollte dies nicht selbstverst\u00e4ndlich sein?<span class=\"ez-toc-section-end\"><\/span><\/h3>\n<p>Ich habe doch eine Verantwortung als Blogger meinen Lesern gegen\u00fcber. Sie verlassen sich auf mein Urteil und meine Unvoreingenommenheit. Muss man da dies noch extra mit diesem Kodex signalisieren? Finde ich pers\u00f6nlich schon traurig, dass dies nicht als <strong>selbstverst\u00e4ndlich<\/strong> gilt.<\/p>\n<p>Was testen wir denn? Was zeigen wir denn unseren Lesern? Als <strong>seri\u00f6ser Blogger<\/strong> will man seine Leser ja informieren \u00fcber Dinge, die einem selber sehr gut gefallen. Einen die einem selber Spa\u00df machen und klar ein klein wenig hat dies etwas von Selbstdarstellung. Wenn mir ein Produkt nicht gef\u00e4llt dann kaufe ich es nicht. Wenn mir ein Produkt nicht zusagt dann wird es niemals den Weg in meinen Blog finden.<\/p>\n<p>Es ist mir auch schon passiert, dass ich ein Produkt sehe und mir denke \u201eOh wie toll\u201c und dann war es ein absoluter Reinfall und dann entscheide ich f\u00fcr mich selber ob ich dar\u00fcber in meinem Blog berichte und die Leute davor \u201ewarne\u201c oder nicht.<\/p>\n<p><a href=\"https:\/\/i0.wp.com\/www.vom-taubertal.de\/blog\/wp-content\/uploads\/2016\/05\/pressekarten.jpg?quality=100&#038;ssl=1\"><img data-recalc-dims=\"1\" loading=\"lazy\" decoding=\"async\" class=\"aligncenter wp-image-17155 size-full\" src=\"https:\/\/i0.wp.com\/www.vom-taubertal.de\/blog\/wp-content\/uploads\/2016\/05\/pressekarten.jpg?resize=800%2C174&#038;quality=100&#038;ssl=1\" width=\"800\" height=\"174\" srcset=\"https:\/\/i0.wp.com\/www.vom-taubertal.de\/blog\/wp-content\/uploads\/2016\/05\/pressekarten.jpg?w=1182&amp;quality=100&amp;ssl=1 1182w, https:\/\/i0.wp.com\/www.vom-taubertal.de\/blog\/wp-content\/uploads\/2016\/05\/pressekarten.jpg?resize=300%2C65&amp;quality=100&amp;ssl=1 300w, https:\/\/i0.wp.com\/www.vom-taubertal.de\/blog\/wp-content\/uploads\/2016\/05\/pressekarten.jpg?resize=768%2C167&amp;quality=100&amp;ssl=1 768w, https:\/\/i0.wp.com\/www.vom-taubertal.de\/blog\/wp-content\/uploads\/2016\/05\/pressekarten.jpg?resize=1024%2C223&amp;quality=100&amp;ssl=1 1024w\" sizes=\"auto, (max-width: 800px) 100vw, 800px\" \/><\/a><\/p>\n<h3><span class=\"ez-toc-section\" id=\"Die_Freiheit_des_Bloggers\"><\/span>Die Freiheit des Bloggers<span class=\"ez-toc-section-end\"><\/span><\/h3>\n<p>Ich bin als Blogger frei, ich bin frei dar\u00fcber zu berichten<strong> was mir gef\u00e4llt oder nicht gef\u00e4llt.<\/strong> Ich bin frei zu entscheiden was ihr in meinem Blog findet oder auch nicht findet. <strong>Und meine Meinung ist nicht k\u00e4uflich<\/strong>. Weder heute noch morgen oder \u00fcbermorgen.<\/p>\n<p>Aber selbstverst\u00e4ndlich steht es Firmen frei mich zu kontaktieren, genauso wie es mir freisteht diese abzulehnen, weil es meinen Grunds\u00e4tzen absolut widerspricht. \u00dcber <strong>18.000 Leser<\/strong> verlassen sich darauf, dass ich Beitr\u00e4ge bringe oder Produkte teste hinter denen ich stehe und diese werde ich nicht entt\u00e4uschen.<\/p>\n<h3><span class=\"ez-toc-section\" id=\"Es_darf_auch_ein_wenig_Werbung_sein\"><\/span>Es darf auch ein wenig Werbung sein<span class=\"ez-toc-section-end\"><\/span><\/h3>\n<p>Aber selbstverst\u00e4ndlich habe auch ich den einen oder anderen Link auf meiner Webseite eingebaut, sei es ein wenig Google-Adsense, Amazon oder Zooplus. Man wird damit nicht reich, die Zeiten sind ja wirklich schon lange vorbei aber so kommt dann hin- und wieder <a href=\"https:\/\/www.vom-taubertal.de\/blog\/heute-mal-etwas-in-eigener-sache\/\" target=\"_blank\">etwas Neues f\u00fcr meine Fellmonster her<\/a>.<\/p>\n<p>Wenn euch also mein Blog gef\u00e4llt, wenn ihr erkennt wieviel M\u00fche und Arbeit in so einem Blog steckt freuen wir uns selbstverst\u00e4ndlich, wenn ihr \u00fcber unsere Partnerlinks einkauft. M\u00fcsst ihr aber nicht \u2013 aber sch\u00f6n w\u00e4re es schon :-)<\/p>\n<h3><span class=\"ez-toc-section\" id=\"Bereits_erfolgte_Kooperationen\"><\/span>Bereits erfolgte Kooperationen<span class=\"ez-toc-section-end\"><\/span><\/h3>\n<p>Mit folgenden Unternehmen hatte ich schon sehr sch\u00f6ne und tolle Kooperationen.<\/p>\n<p>Sollten andere Unternehmen interessiert sein, d\u00fcrfen Sie sich gerne im Vorfeld dar\u00fcber informieren wer ich bin und wieso dieser <a href=\"https:\/\/www.vom-taubertal.de\/blog\/wer-sind-eigentlich-die-taubertalperser\/\" target=\"_blank\">Blog<\/a> um zu entscheiden, passt ihr Produkt \u00fcberhaupt zu meinem Blog und welchen Mehrwert haben meine Blogleser davon.<\/p>\n<p>Danach k\u00f6nnen Sie gerne mit mir in Kontakt treten und wenn gew\u00fcnscht stelle ich dann gerne mein Mediakit zur Verf\u00fcgung.<\/p>\n<table style=\"border-collapse: collapse; width: 100%;\" width=\"100%\" cellspacing=\"0\" cellpadding=\"0\" border=\"0\">\n<colgroup>\n<col style=\"width: 50%;\" width=\"50%\" span=\"2\"> <\/colgroup>\n<tbody>\n<tr style=\"height: 15.0pt;\">\n<td style=\"height: 15.0pt; width: 60pt;\" width=\"80\" height=\"20\"><a href=\"https:\/\/www.vom-taubertal.de\/blog\/produktvorstellung-catit-sense-2-0-futterbaum-taubertalperser\/\" target=\"_blank\"><img data-recalc-dims=\"1\" loading=\"lazy\" decoding=\"async\" class=\"aligncenter size-full wp-image-17090\" src=\"https:\/\/i0.wp.com\/www.vom-taubertal.de\/blog\/wp-content\/uploads\/2016\/05\/catit.jpg?resize=200%2C129&#038;quality=100&#038;ssl=1\" alt=\"\" width=\"200\" height=\"129\"><\/a><\/td>\n<td style=\"width: 60pt;\" width=\"80\"><a href=\"https:\/\/www.vom-taubertal.de\/blog\/produktvorstellung-katzenklo-pet-cube-ii-taubertalperser\/\" target=\"_blank\"><img data-recalc-dims=\"1\" loading=\"lazy\" decoding=\"async\" class=\"aligncenter size-full wp-image-17091\" src=\"https:\/\/i0.wp.com\/www.vom-taubertal.de\/blog\/wp-content\/uploads\/2016\/05\/karlie.jpg?resize=200%2C129&#038;quality=100&#038;ssl=1\" alt=\"\" width=\"200\" height=\"129\"><\/a><\/td>\n<\/tr>\n<tr style=\"height: 15.0pt;\">\n<td style=\"height: 15.0pt;\" height=\"20\"><a href=\"https:\/\/www.vom-taubertal.de\/blog\/produktvorstellung-die-neuen-kissen-von-mykotty-taubertalperser\/\" target=\"_blank\"><img data-recalc-dims=\"1\" loading=\"lazy\" decoding=\"async\" class=\"aligncenter size-full wp-image-17092\" src=\"https:\/\/i0.wp.com\/www.vom-taubertal.de\/blog\/wp-content\/uploads\/2016\/05\/mykotty.jpg?resize=200%2C129&#038;quality=100&#038;ssl=1\" alt=\"\" width=\"200\" height=\"129\"><\/a><\/td>\n<td><a href=\"https:\/\/www.vom-taubertal.de\/blog\/einkaufen-bei-katzenausstellungen-teil-1\/\" target=\"_blank\"><img data-recalc-dims=\"1\" loading=\"lazy\" decoding=\"async\" class=\"aligncenter size-full wp-image-17093\" src=\"https:\/\/i0.wp.com\/www.vom-taubertal.de\/blog\/wp-content\/uploads\/2016\/05\/schulze.jpg?resize=200%2C129&#038;quality=100&#038;ssl=1\" alt=\"\" width=\"200\" height=\"129\"><\/a><\/td>\n<\/tr>\n<tr style=\"height: 15.0pt;\">\n<td style=\"height: 15.0pt; width: 60pt;\" width=\"80\" height=\"20\"><a href=\"https:\/\/www.vom-taubertal.de\/blog\/produktvorstellung-bio-heubett-sweet-dreams-taubertalperser\/\" target=\"_blank\"><img data-recalc-dims=\"1\" loading=\"lazy\" decoding=\"async\" class=\"aligncenter size-full wp-image-17094\" src=\"https:\/\/i0.wp.com\/www.vom-taubertal.de\/blog\/wp-content\/uploads\/2016\/05\/naturhofschroeder.jpg?resize=200%2C129&#038;quality=100&#038;ssl=1\" alt=\"\" width=\"200\" height=\"129\"><\/a><\/td>\n<td style=\"width: 60pt;\" width=\"80\"><a href=\"https:\/\/www.vom-taubertal.de\/blog\/produktvorstellung-xmas-box-von-mauz-wauz\/\" target=\"_blank\"><img data-recalc-dims=\"1\" loading=\"lazy\" decoding=\"async\" class=\"aligncenter size-full wp-image-17118\" src=\"https:\/\/i0.wp.com\/www.vom-taubertal.de\/blog\/wp-content\/uploads\/2016\/05\/mauzundwauz.jpg?resize=200%2C129&#038;quality=100&#038;ssl=1\" alt=\"\" width=\"200\" height=\"129\"><\/a><\/td>\n<\/tr>\n<\/tbody>\n<\/table>\n<p><script type=\"text\/javascript\">\n    google_ad_client = \"ca-pub-3363977028533397\";\n    google_ad_slot = \"3730385664\";\n    google_ad_width = 728;\n    google_ad_height = 90;\n<\/script><br \/>\n<!-- Taubertal2 --><br \/>\n<script type=\"text\/javascript\" src=\"\/\/pagead2.googlesyndication.com\/pagead\/show_ads.js\">\n<\/script><\/p>\n<p><span style=\"border-radius: 2px; text-indent: 20px; width: auto; padding: 0px 4px 0px 0px; text-align: center; font: bold 11px\/20px 'Helvetica Neue',Helvetica,sans-serif; color: #ffffff; background: #bd081c no-repeat scroll 3px 50% \/ 14px 14px; position: absolute; opacity: 1; z-index: 8675309; display: none; cursor: pointer; top: 1205px; left: 713px;\">Merken<\/span><\/p>\n<p><span style=\"border-radius: 2px; text-indent: 20px; width: auto; padding: 0px 4px 0px 0px; text-align: center; font: bold 11px\/20px 'Helvetica Neue',Helvetica,sans-serif; color: #ffffff; background: #bd081c no-repeat scroll 3px 50% \/ 14px 14px; position: absolute; opacity: 1; z-index: 8675309; display: none; cursor: pointer; top: 1205px; left: 713px;\">Merken<\/span><\/p>\n<p><span style=\"border-radius: 2px; text-indent: 20px; width: auto; padding: 0px 4px 0px 0px; text-align: center; font: bold 11px\/20px 'Helvetica Neue',Helvetica,sans-serif; color: #ffffff; background: #bd081c no-repeat scroll 3px 50% \/ 14px 14px; position: absolute; opacity: 1; z-index: 8675309; display: none; cursor: pointer; top: 1359px; left: 713px;\">Merken<\/span><\/p>\n<p><span style=\"border-radius: 2px; text-indent: 20px; width: auto; padding: 0px 4px 0px 0px; text-align: center; font: bold 11px\/20px 'Helvetica Neue',Helvetica,sans-serif; color: #ffffff; background: #bd081c no-repeat scroll 3px 50% \/ 14px 14px; position: absolute; opacity: 1; z-index: 8675309; display: none; cursor: pointer; top: 1465px; left: 713px;\">Merken<\/span><\/p>\n<p><span style=\"border-radius: 2px; text-indent: 20px; width: auto; padding: 0px 4px 0px 0px; text-align: center; font: bold 11px\/20px 'Helvetica Neue',Helvetica,sans-serif; color: #ffffff; background: #bd081c no-repeat scroll 3px 50% \/ 14px 14px; position: absolute; opacity: 1; z-index: 8675309; display: none; cursor: pointer;\">Merken<\/span><\/p>\n<p><span style=\"border-radius: 2px; text-indent: 20px; width: auto; padding: 0px 4px 0px 0px; text-align: center; font: bold 11px\/20px 'Helvetica Neue',Helvetica,sans-serif; color: #ffffff; background: #bd081c  no-repeat scroll 3px 50% \/ 14px 14px; position: absolute; opacity: 1; z-index: 8675309; display: none; cursor: pointer; top: 1539px; left: 713px;\">Merken<\/span><\/p>\n","protected":false},"excerpt":{"rendered":"<p>Kooperation \/ Zusammenarbeit Wie viele andere Blogger auch stehe ich regelm\u00e4\u00dfig vor der \u00dcberlegung lohnt es sich \u00fcberhaupt diesen Blog<\/p>\n","protected":false},"author":1,"featured_media":0,"parent":0,"menu_order":0,"comment_status":"closed","ping_status":"closed","template":"","meta":{"colormag_page_container_layout":"default_layout","colormag_page_sidebar_layout":"default_layout","sfsi_plus_gutenberg_text_before_share":"","sfsi_plus_gutenberg_show_text_before_share":"","sfsi_plus_gutenberg_icon_type":"","sfsi_plus_gutenberg_icon_alignemt":"","sfsi_plus_gutenburg_max_per_row":"","ngg_post_thumbnail":0,"footnotes":""},"class_list":["post-13563","page","type-page","status-publish","hentry"],"yoast_head":"<!-- This site is optimized with the Yoast SEO plugin v27.4 - https:\/\/yoast.com\/product\/yoast-seo-wordpress\/ -->\n<title>Blogger Relations Kodex - Taubertalperser<\/title>\n<meta name=\"description\" content=\"Wie viele andere Blogger stehe auch ich zeitweise vor der Frage Kooperation, ja oder nein? Der Blogger Relations Kodex ist auch hier ein Thema.\" \/>\n<meta name=\"robots\" content=\"index, follow, max-snippet:-1, max-image-preview:large, max-video-preview:-1\" \/>\n<link rel=\"canonical\" href=\"https:\/\/www.vom-taubertal.de\/blog\/blogger-relations-kodex\/\" \/>\n<meta property=\"og:locale\" content=\"de_DE\" \/>\n<meta property=\"og:type\" content=\"article\" \/>\n<meta property=\"og:title\" content=\"Blogger Relations Kodex - Taubertalperser\" \/>\n<meta property=\"og:description\" content=\"Wie viele andere Blogger stehe auch ich zeitweise vor der Frage Kooperation, ja oder nein? Der Blogger Relations Kodex ist auch hier ein Thema.\" \/>\n<meta property=\"og:url\" content=\"https:\/\/www.vom-taubertal.de\/blog\/blogger-relations-kodex\/\" \/>\n<meta property=\"og:site_name\" content=\"Die Taubertalperser\" \/>\n<meta property=\"article:modified_time\" content=\"2016-12-28T08:32:43+00:00\" \/>\n<meta property=\"og:image\" content=\"http:\/\/www.bloggerrelationskodex.de\/img\/blogger_kodex.png\" \/>\n<meta name=\"twitter:label1\" content=\"Gesch\u00e4tzte Lesezeit\" \/>\n\t<meta name=\"twitter:data1\" content=\"3\u00a0Minuten\" \/>\n<script type=\"application\/ld+json\" class=\"yoast-schema-graph\">{\"@context\":\"https:\\\/\\\/schema.org\",\"@graph\":[{\"@type\":\"WebPage\",\"@id\":\"https:\\\/\\\/www.vom-taubertal.de\\\/blog\\\/blogger-relations-kodex\\\/\",\"url\":\"https:\\\/\\\/www.vom-taubertal.de\\\/blog\\\/blogger-relations-kodex\\\/\",\"name\":\"Blogger Relations Kodex - Taubertalperser\",\"isPartOf\":{\"@id\":\"https:\\\/\\\/www.vom-taubertal.de\\\/blog\\\/#website\"},\"primaryImageOfPage\":{\"@id\":\"https:\\\/\\\/www.vom-taubertal.de\\\/blog\\\/blogger-relations-kodex\\\/#primaryimage\"},\"image\":{\"@id\":\"https:\\\/\\\/www.vom-taubertal.de\\\/blog\\\/blogger-relations-kodex\\\/#primaryimage\"},\"thumbnailUrl\":\"http:\\\/\\\/www.bloggerrelationskodex.de\\\/img\\\/blogger_kodex.png\",\"datePublished\":\"2016-05-02T11:28:30+00:00\",\"dateModified\":\"2016-12-28T08:32:43+00:00\",\"description\":\"Wie viele andere Blogger stehe auch ich zeitweise vor der Frage Kooperation, ja oder nein? Der Blogger Relations Kodex ist auch hier ein Thema.\",\"breadcrumb\":{\"@id\":\"https:\\\/\\\/www.vom-taubertal.de\\\/blog\\\/blogger-relations-kodex\\\/#breadcrumb\"},\"inLanguage\":\"de\",\"potentialAction\":[{\"@type\":\"ReadAction\",\"target\":[\"https:\\\/\\\/www.vom-taubertal.de\\\/blog\\\/blogger-relations-kodex\\\/\"]}]},{\"@type\":\"ImageObject\",\"inLanguage\":\"de\",\"@id\":\"https:\\\/\\\/www.vom-taubertal.de\\\/blog\\\/blogger-relations-kodex\\\/#primaryimage\",\"url\":\"http:\\\/\\\/www.bloggerrelationskodex.de\\\/img\\\/blogger_kodex.png\",\"contentUrl\":\"http:\\\/\\\/www.bloggerrelationskodex.de\\\/img\\\/blogger_kodex.png\"},{\"@type\":\"BreadcrumbList\",\"@id\":\"https:\\\/\\\/www.vom-taubertal.de\\\/blog\\\/blogger-relations-kodex\\\/#breadcrumb\",\"itemListElement\":[{\"@type\":\"ListItem\",\"position\":1,\"name\":\"Home\",\"item\":\"https:\\\/\\\/www.vom-taubertal.de\\\/blog\\\/\"},{\"@type\":\"ListItem\",\"position\":2,\"name\":\"Blogger Relations Kodex\"}]},{\"@type\":\"WebSite\",\"@id\":\"https:\\\/\\\/www.vom-taubertal.de\\\/blog\\\/#website\",\"url\":\"https:\\\/\\\/www.vom-taubertal.de\\\/blog\\\/\",\"name\":\"Die Taubertalperser\",\"description\":\"Alles \u00fcber und f\u00fcr Katzen \",\"publisher\":{\"@id\":\"https:\\\/\\\/www.vom-taubertal.de\\\/blog\\\/#\\\/schema\\\/person\\\/368654e092f5785df440fe834ecc3049\"},\"potentialAction\":[{\"@type\":\"SearchAction\",\"target\":{\"@type\":\"EntryPoint\",\"urlTemplate\":\"https:\\\/\\\/www.vom-taubertal.de\\\/blog\\\/?s={search_term_string}\"},\"query-input\":{\"@type\":\"PropertyValueSpecification\",\"valueRequired\":true,\"valueName\":\"search_term_string\"}}],\"inLanguage\":\"de\"},{\"@type\":[\"Person\",\"Organization\"],\"@id\":\"https:\\\/\\\/www.vom-taubertal.de\\\/blog\\\/#\\\/schema\\\/person\\\/368654e092f5785df440fe834ecc3049\",\"name\":\"afrank\",\"image\":{\"@type\":\"ImageObject\",\"inLanguage\":\"de\",\"@id\":\"https:\\\/\\\/www.vom-taubertal.de\\\/blog\\\/wp-content\\\/uploads\\\/2019\\\/03\\\/Andrea_Dividi_02.jpg\",\"url\":\"https:\\\/\\\/www.vom-taubertal.de\\\/blog\\\/wp-content\\\/uploads\\\/2019\\\/03\\\/Andrea_Dividi_02.jpg\",\"contentUrl\":\"https:\\\/\\\/www.vom-taubertal.de\\\/blog\\\/wp-content\\\/uploads\\\/2019\\\/03\\\/Andrea_Dividi_02.jpg\",\"width\":653,\"height\":800,\"caption\":\"afrank\"},\"logo\":{\"@id\":\"https:\\\/\\\/www.vom-taubertal.de\\\/blog\\\/wp-content\\\/uploads\\\/2019\\\/03\\\/Andrea_Dividi_02.jpg\"}}]}<\/script>\n<!-- \/ Yoast SEO plugin. -->","yoast_head_json":{"title":"Blogger Relations Kodex - Taubertalperser","description":"Wie viele andere Blogger stehe auch ich zeitweise vor der Frage Kooperation, ja oder nein? Der Blogger Relations Kodex ist auch hier ein Thema.","robots":{"index":"index","follow":"follow","max-snippet":"max-snippet:-1","max-image-preview":"max-image-preview:large","max-video-preview":"max-video-preview:-1"},"canonical":"https:\/\/www.vom-taubertal.de\/blog\/blogger-relations-kodex\/","og_locale":"de_DE","og_type":"article","og_title":"Blogger Relations Kodex - Taubertalperser","og_description":"Wie viele andere Blogger stehe auch ich zeitweise vor der Frage Kooperation, ja oder nein? Der Blogger Relations Kodex ist auch hier ein Thema.","og_url":"https:\/\/www.vom-taubertal.de\/blog\/blogger-relations-kodex\/","og_site_name":"Die Taubertalperser","article_modified_time":"2016-12-28T08:32:43+00:00","og_image":[{"url":"http:\/\/www.bloggerrelationskodex.de\/img\/blogger_kodex.png","type":"","width":"","height":""}],"twitter_misc":{"Gesch\u00e4tzte Lesezeit":"3\u00a0Minuten"},"schema":{"@context":"https:\/\/schema.org","@graph":[{"@type":"WebPage","@id":"https:\/\/www.vom-taubertal.de\/blog\/blogger-relations-kodex\/","url":"https:\/\/www.vom-taubertal.de\/blog\/blogger-relations-kodex\/","name":"Blogger Relations Kodex - Taubertalperser","isPartOf":{"@id":"https:\/\/www.vom-taubertal.de\/blog\/#website"},"primaryImageOfPage":{"@id":"https:\/\/www.vom-taubertal.de\/blog\/blogger-relations-kodex\/#primaryimage"},"image":{"@id":"https:\/\/www.vom-taubertal.de\/blog\/blogger-relations-kodex\/#primaryimage"},"thumbnailUrl":"http:\/\/www.bloggerrelationskodex.de\/img\/blogger_kodex.png","datePublished":"2016-05-02T11:28:30+00:00","dateModified":"2016-12-28T08:32:43+00:00","description":"Wie viele andere Blogger stehe auch ich zeitweise vor der Frage Kooperation, ja oder nein? Der Blogger Relations Kodex ist auch hier ein Thema.","breadcrumb":{"@id":"https:\/\/www.vom-taubertal.de\/blog\/blogger-relations-kodex\/#breadcrumb"},"inLanguage":"de","potentialAction":[{"@type":"ReadAction","target":["https:\/\/www.vom-taubertal.de\/blog\/blogger-relations-kodex\/"]}]},{"@type":"ImageObject","inLanguage":"de","@id":"https:\/\/www.vom-taubertal.de\/blog\/blogger-relations-kodex\/#primaryimage","url":"http:\/\/www.bloggerrelationskodex.de\/img\/blogger_kodex.png","contentUrl":"http:\/\/www.bloggerrelationskodex.de\/img\/blogger_kodex.png"},{"@type":"BreadcrumbList","@id":"https:\/\/www.vom-taubertal.de\/blog\/blogger-relations-kodex\/#breadcrumb","itemListElement":[{"@type":"ListItem","position":1,"name":"Home","item":"https:\/\/www.vom-taubertal.de\/blog\/"},{"@type":"ListItem","position":2,"name":"Blogger Relations Kodex"}]},{"@type":"WebSite","@id":"https:\/\/www.vom-taubertal.de\/blog\/#website","url":"https:\/\/www.vom-taubertal.de\/blog\/","name":"Die Taubertalperser","description":"Alles \u00fcber und f\u00fcr Katzen ","publisher":{"@id":"https:\/\/www.vom-taubertal.de\/blog\/#\/schema\/person\/368654e092f5785df440fe834ecc3049"},"potentialAction":[{"@type":"SearchAction","target":{"@type":"EntryPoint","urlTemplate":"https:\/\/www.vom-taubertal.de\/blog\/?s={search_term_string}"},"query-input":{"@type":"PropertyValueSpecification","valueRequired":true,"valueName":"search_term_string"}}],"inLanguage":"de"},{"@type":["Person","Organization"],"@id":"https:\/\/www.vom-taubertal.de\/blog\/#\/schema\/person\/368654e092f5785df440fe834ecc3049","name":"afrank","image":{"@type":"ImageObject","inLanguage":"de","@id":"https:\/\/www.vom-taubertal.de\/blog\/wp-content\/uploads\/2019\/03\/Andrea_Dividi_02.jpg","url":"https:\/\/www.vom-taubertal.de\/blog\/wp-content\/uploads\/2019\/03\/Andrea_Dividi_02.jpg","contentUrl":"https:\/\/www.vom-taubertal.de\/blog\/wp-content\/uploads\/2019\/03\/Andrea_Dividi_02.jpg","width":653,"height":800,"caption":"afrank"},"logo":{"@id":"https:\/\/www.vom-taubertal.de\/blog\/wp-content\/uploads\/2019\/03\/Andrea_Dividi_02.jpg"}}]}},"jetpack_sharing_enabled":true,"_links":{"self":[{"href":"https:\/\/www.vom-taubertal.de\/blog\/wp-json\/wp\/v2\/pages\/13563","targetHints":{"allow":["GET"]}}],"collection":[{"href":"https:\/\/www.vom-taubertal.de\/blog\/wp-json\/wp\/v2\/pages"}],"about":[{"href":"https:\/\/www.vom-taubertal.de\/blog\/wp-json\/wp\/v2\/types\/page"}],"author":[{"embeddable":true,"href":"https:\/\/www.vom-taubertal.de\/blog\/wp-json\/wp\/v2\/users\/1"}],"replies":[{"embeddable":true,"href":"https:\/\/www.vom-taubertal.de\/blog\/wp-json\/wp\/v2\/comments?post=13563"}],"version-history":[{"count":16,"href":"https:\/\/www.vom-taubertal.de\/blog\/wp-json\/wp\/v2\/pages\/13563\/revisions"}],"predecessor-version":[{"id":17167,"href":"https:\/\/www.vom-taubertal.de\/blog\/wp-json\/wp\/v2\/pages\/13563\/revisions\/17167"}],"wp:attachment":[{"href":"https:\/\/www.vom-taubertal.de\/blog\/wp-json\/wp\/v2\/media?parent=13563"}],"curies":[{"name":"wp","href":"https:\/\/api.w.org\/{rel}","templated":true}]}}