{"id":19004,"date":"2017-05-30T20:19:33","date_gmt":"2017-05-30T18:19:33","guid":{"rendered":"http:\/\/www.vom-taubertal.de\/blog\/?page_id=19004"},"modified":"2017-10-17T19:14:05","modified_gmt":"2017-10-17T17:14:05","slug":"gewinnspiel-teilnahmebedingungen","status":"publish","type":"page","link":"https:\/\/www.vom-taubertal.de\/blog\/gewinnspiel-teilnahmebedingungen\/","title":{"rendered":"Gewinnspiel &#8211; Teilnahmebedingungen"},"content":{"rendered":"<p>Der Gewinn kann nicht in bar abgel\u00f6st werden<\/p>\n<p>Teilnahmeberechtigt sind Personen mit Wohnsitz in Deutschland, die zum Zeitpunkt der Teilnahme mindestens 18 Jahre alt sind. Es werden keine Gewinne an Teilnehmer unter 18 Jahren ausgesch\u00fcttet.<\/p>\n<p>Die Teilnahme mit gef\u00e4lschten Identit\u00e4ten oder mit Identit\u00e4ten von Drittpersonen ist nicht erlaubt.<\/p>\n<p>Die Teilnahme erfolgt \u00fcber die Webseite von <strong>Die Taubertalperser<\/strong>, indem der Teilnehmer den Gewinnspielbeitrag einen Kommentar zum Inhalt des kommentierten Posts oder zum Gewinnspiel abgibt.<\/p>\n<p>Aus allen Antworten wird nach Ende des Gewinnspiels der Gewinner ermittelt. Der Gewinner wird von <strong>Die Taubertalperser<\/strong> in einem Kommentar in dem Gewinnspielpost namentlich genannt und verlinkt und somit \u00fcber seinen Gewinn informiert.<\/p>\n<p>Der Gewinner ist anschlie\u00dfend verpflichtet seinen vollen Namen und seine Adresse per privater Nachricht an <strong>Die Taubertalperser<\/strong> zu senden, um den Anspruch an den Gewinn geltend zu machen und die Gewinnversendung einzuleiten.<\/p>\n<div id=\"ez-toc-container\" class=\"ez-toc-v2_0_82_2 counter-hierarchy ez-toc-counter ez-toc-grey ez-toc-container-direction\">\n<div class=\"ez-toc-title-container\">\n<p class=\"ez-toc-title\" style=\"cursor:inherit\">Inhaltsverzeichnis<\/p>\n<span class=\"ez-toc-title-toggle\"><a href=\"#\" class=\"ez-toc-pull-right ez-toc-btn ez-toc-btn-xs ez-toc-btn-default ez-toc-toggle\" aria-label=\"Toggle Table of Content\"><span class=\"ez-toc-js-icon-con\"><span class=\"\"><span class=\"eztoc-hide\" style=\"display:none;\">Toggle<\/span><span class=\"ez-toc-icon-toggle-span\"><svg style=\"fill: #999;color:#999\" xmlns=\"http:\/\/www.w3.org\/2000\/svg\" class=\"list-377408\" width=\"20px\" height=\"20px\" viewBox=\"0 0 24 24\" fill=\"none\"><path d=\"M6 6H4v2h2V6zm14 0H8v2h12V6zM4 11h2v2H4v-2zm16 0H8v2h12v-2zM4 16h2v2H4v-2zm16 0H8v2h12v-2z\" fill=\"currentColor\"><\/path><\/svg><svg style=\"fill: #999;color:#999\" class=\"arrow-unsorted-368013\" xmlns=\"http:\/\/www.w3.org\/2000\/svg\" width=\"10px\" height=\"10px\" viewBox=\"0 0 24 24\" version=\"1.2\" baseProfile=\"tiny\"><path d=\"M18.2 9.3l-6.2-6.3-6.2 6.3c-.2.2-.3.4-.3.7s.1.5.3.7c.2.2.4.3.7.3h11c.3 0 .5-.1.7-.3.2-.2.3-.5.3-.7s-.1-.5-.3-.7zM5.8 14.7l6.2 6.3 6.2-6.3c.2-.2.3-.5.3-.7s-.1-.5-.3-.7c-.2-.2-.4-.3-.7-.3h-11c-.3 0-.5.1-.7.3-.2.2-.3.5-.3.7s.1.5.3.7z\"\/><\/svg><\/span><\/span><\/span><\/a><\/span><\/div>\n<nav><ul class='ez-toc-list ez-toc-list-level-1 ' ><li class='ez-toc-page-1 ez-toc-heading-level-5'><a class=\"ez-toc-link ez-toc-heading-1\" href=\"https:\/\/www.vom-taubertal.de\/blog\/gewinnspiel-teilnahmebedingungen\/#Preise\" >Preise:<\/a><\/li><li class='ez-toc-page-1 ez-toc-heading-level-5'><a class=\"ez-toc-link ez-toc-heading-2\" href=\"https:\/\/www.vom-taubertal.de\/blog\/gewinnspiel-teilnahmebedingungen\/#Inanspruchnahme_der_Preise\" >Inanspruchnahme der Preise:<\/a><\/li><li class='ez-toc-page-1 ez-toc-heading-level-5'><a class=\"ez-toc-link ez-toc-heading-3\" href=\"https:\/\/www.vom-taubertal.de\/blog\/gewinnspiel-teilnahmebedingungen\/#Beendigungsmoeglichkeit\" >Beendigungsm\u00f6glichkeit:<\/a><\/li><li class='ez-toc-page-1 ez-toc-heading-level-5'><a class=\"ez-toc-link ez-toc-heading-4\" href=\"https:\/\/www.vom-taubertal.de\/blog\/gewinnspiel-teilnahmebedingungen\/#Verantwortlicher\" >Verantwortlicher:<\/a><\/li><li class='ez-toc-page-1 ez-toc-heading-level-5'><a class=\"ez-toc-link ez-toc-heading-5\" href=\"https:\/\/www.vom-taubertal.de\/blog\/gewinnspiel-teilnahmebedingungen\/#Rechtsweg\" >Rechtsweg:<\/a><\/li><li class='ez-toc-page-1 ez-toc-heading-level-5'><a class=\"ez-toc-link ez-toc-heading-6\" href=\"https:\/\/www.vom-taubertal.de\/blog\/gewinnspiel-teilnahmebedingungen\/#Datenschutz\" >Datenschutz:<\/a><\/li><li class='ez-toc-page-1 ez-toc-heading-level-5'><a class=\"ez-toc-link ez-toc-heading-7\" href=\"https:\/\/www.vom-taubertal.de\/blog\/gewinnspiel-teilnahmebedingungen\/#Anwendbares_Recht\" >Anwendbares Recht:<\/a><\/li><\/ul><\/nav><\/div>\n<h5><span class=\"ez-toc-section\" id=\"Preise\"><\/span>Preise:<span class=\"ez-toc-section-end\"><\/span><\/h5>\n<p>siehe aktuelles Gewinnspiel<\/p>\n<h5><span class=\"ez-toc-section\" id=\"Inanspruchnahme_der_Preise\"><\/span>Inanspruchnahme der Preise:<span class=\"ez-toc-section-end\"><\/span><\/h5>\n<p>Der Gewinner wird umgehend nach der Ermittlung benachrichtigt.<\/p>\n<h5><span class=\"ez-toc-section\" id=\"Beendigungsmoeglichkeit\"><\/span>Beendigungsm\u00f6glichkeit:<span class=\"ez-toc-section-end\"><\/span><\/h5>\n<p><strong>Die Taubertalperser<\/strong> behalten sich das Recht vor, das Gewinnspiel jederzeit ohne Angaben von Gr\u00fcnden auszusetzen, vorzeitig zu beenden oder abzubrechen. Von diesem Recht wird insbesondere Gebrauch gemacht, wenn eine ordnungsgem\u00e4\u00dfe Durchf\u00fchrung des Gewinnspiels aufgrund technischer oder rechtlicher Gr\u00fcnde nicht gew\u00e4hrleistet ist.<\/p>\n<h5><span class=\"ez-toc-section\" id=\"Verantwortlicher\"><\/span>Verantwortlicher:<span class=\"ez-toc-section-end\"><\/span><\/h5>\n<p>Dies ist ein rein privates Gewinnspiel von <strong>Die Taubertalperser<\/strong>.<\/p>\n<h5><span class=\"ez-toc-section\" id=\"Rechtsweg\"><\/span>Rechtsweg:<span class=\"ez-toc-section-end\"><\/span><\/h5>\n<p>Der Rechtsweg ist ausgeschlossen.<\/p>\n<h5><span class=\"ez-toc-section\" id=\"Datenschutz\"><\/span>Datenschutz:<span class=\"ez-toc-section-end\"><\/span><\/h5>\n<p>Mit seiner Teilnahme willigt der Teilnehmer ein, dass seine \u00fcbermittelten Daten ausschlie\u00dflich zum Zwecke der Durchf\u00fchrung des Gewinnspiels gespeichert werden. Nach Beendigung des Gewinnspiels werden die Daten gel\u00f6scht. Pers\u00f6nliche Daten werden nicht f\u00fcr kommerzielle Zwecke gespeichert. Eine Weitergabe an Dritte ist ausgeschlossen. S\u00e4mtliche \u00fcbermittelten Informationen unterliegen den Datenschutzbestimmungen des Veranstalters.<\/p>\n<h5><span class=\"ez-toc-section\" id=\"Anwendbares_Recht\"><\/span>Anwendbares Recht:<span class=\"ez-toc-section-end\"><\/span><\/h5>\n<p>Das Gewinnspiel unterliegt ausschlie\u00dflich dem Recht der Bundesrepublik Deutschland.<\/p>\n","protected":false},"excerpt":{"rendered":"<p>Der Gewinn kann nicht in bar abgel\u00f6st werden Teilnahmeberechtigt sind Personen mit Wohnsitz in Deutschland, die zum Zeitpunkt der Teilnahme<\/p>\n","protected":false},"author":1,"featured_media":0,"parent":0,"menu_order":0,"comment_status":"closed","ping_status":"closed","template":"","meta":{"colormag_page_container_layout":"default_layout","colormag_page_sidebar_layout":"default_layout","sfsi_plus_gutenberg_text_before_share":"","sfsi_plus_gutenberg_show_text_before_share":"","sfsi_plus_gutenberg_icon_type":"","sfsi_plus_gutenberg_icon_alignemt":"","sfsi_plus_gutenburg_max_per_row":"","ngg_post_thumbnail":0,"footnotes":""},"class_list":["post-19004","page","type-page","status-publish","hentry"],"yoast_head":"<!-- This site is optimized with the Yoast SEO plugin v27.3 - https:\/\/yoast.com\/product\/yoast-seo-wordpress\/ -->\n<title>Gewinnspiel - Teilnahmebedingungen - Taubertalperser<\/title>\n<meta name=\"robots\" content=\"index, follow, max-snippet:-1, max-image-preview:large, max-video-preview:-1\" \/>\n<link rel=\"canonical\" href=\"https:\/\/www.vom-taubertal.de\/blog\/gewinnspiel-teilnahmebedingungen\/\" \/>\n<meta property=\"og:locale\" content=\"de_DE\" \/>\n<meta property=\"og:type\" content=\"article\" \/>\n<meta property=\"og:title\" content=\"Gewinnspiel - Teilnahmebedingungen - Taubertalperser\" \/>\n<meta property=\"og:description\" content=\"Der Gewinn kann nicht in bar abgel\u00f6st werden Teilnahmeberechtigt sind Personen mit Wohnsitz in Deutschland, die zum Zeitpunkt der Teilnahme\" \/>\n<meta property=\"og:url\" content=\"https:\/\/www.vom-taubertal.de\/blog\/gewinnspiel-teilnahmebedingungen\/\" \/>\n<meta property=\"og:site_name\" content=\"Die Taubertalperser\" \/>\n<meta property=\"article:modified_time\" content=\"2017-10-17T17:14:05+00:00\" \/>\n<meta name=\"twitter:label1\" content=\"Gesch\u00e4tzte Lesezeit\" \/>\n\t<meta name=\"twitter:data1\" content=\"1\u00a0Minute\" \/>\n<script type=\"application\/ld+json\" class=\"yoast-schema-graph\">{\"@context\":\"https:\\\/\\\/schema.org\",\"@graph\":[{\"@type\":\"WebPage\",\"@id\":\"https:\\\/\\\/www.vom-taubertal.de\\\/blog\\\/gewinnspiel-teilnahmebedingungen\\\/\",\"url\":\"https:\\\/\\\/www.vom-taubertal.de\\\/blog\\\/gewinnspiel-teilnahmebedingungen\\\/\",\"name\":\"Gewinnspiel - Teilnahmebedingungen - Taubertalperser\",\"isPartOf\":{\"@id\":\"https:\\\/\\\/www.vom-taubertal.de\\\/blog\\\/#website\"},\"datePublished\":\"2017-05-30T18:19:33+00:00\",\"dateModified\":\"2017-10-17T17:14:05+00:00\",\"breadcrumb\":{\"@id\":\"https:\\\/\\\/www.vom-taubertal.de\\\/blog\\\/gewinnspiel-teilnahmebedingungen\\\/#breadcrumb\"},\"inLanguage\":\"de\",\"potentialAction\":[{\"@type\":\"ReadAction\",\"target\":[\"https:\\\/\\\/www.vom-taubertal.de\\\/blog\\\/gewinnspiel-teilnahmebedingungen\\\/\"]}]},{\"@type\":\"BreadcrumbList\",\"@id\":\"https:\\\/\\\/www.vom-taubertal.de\\\/blog\\\/gewinnspiel-teilnahmebedingungen\\\/#breadcrumb\",\"itemListElement\":[{\"@type\":\"ListItem\",\"position\":1,\"name\":\"Home\",\"item\":\"https:\\\/\\\/www.vom-taubertal.de\\\/blog\\\/\"},{\"@type\":\"ListItem\",\"position\":2,\"name\":\"Gewinnspiel &#8211; Teilnahmebedingungen\"}]},{\"@type\":\"WebSite\",\"@id\":\"https:\\\/\\\/www.vom-taubertal.de\\\/blog\\\/#website\",\"url\":\"https:\\\/\\\/www.vom-taubertal.de\\\/blog\\\/\",\"name\":\"Die Taubertalperser\",\"description\":\"Alles \u00fcber und f\u00fcr Katzen \",\"publisher\":{\"@id\":\"https:\\\/\\\/www.vom-taubertal.de\\\/blog\\\/#\\\/schema\\\/person\\\/368654e092f5785df440fe834ecc3049\"},\"potentialAction\":[{\"@type\":\"SearchAction\",\"target\":{\"@type\":\"EntryPoint\",\"urlTemplate\":\"https:\\\/\\\/www.vom-taubertal.de\\\/blog\\\/?s={search_term_string}\"},\"query-input\":{\"@type\":\"PropertyValueSpecification\",\"valueRequired\":true,\"valueName\":\"search_term_string\"}}],\"inLanguage\":\"de\"},{\"@type\":[\"Person\",\"Organization\"],\"@id\":\"https:\\\/\\\/www.vom-taubertal.de\\\/blog\\\/#\\\/schema\\\/person\\\/368654e092f5785df440fe834ecc3049\",\"name\":\"afrank\",\"image\":{\"@type\":\"ImageObject\",\"inLanguage\":\"de\",\"@id\":\"https:\\\/\\\/www.vom-taubertal.de\\\/blog\\\/wp-content\\\/uploads\\\/2019\\\/03\\\/Andrea_Dividi_02.jpg\",\"url\":\"https:\\\/\\\/www.vom-taubertal.de\\\/blog\\\/wp-content\\\/uploads\\\/2019\\\/03\\\/Andrea_Dividi_02.jpg\",\"contentUrl\":\"https:\\\/\\\/www.vom-taubertal.de\\\/blog\\\/wp-content\\\/uploads\\\/2019\\\/03\\\/Andrea_Dividi_02.jpg\",\"width\":653,\"height\":800,\"caption\":\"afrank\"},\"logo\":{\"@id\":\"https:\\\/\\\/www.vom-taubertal.de\\\/blog\\\/wp-content\\\/uploads\\\/2019\\\/03\\\/Andrea_Dividi_02.jpg\"}}]}<\/script>\n<!-- \/ Yoast SEO plugin. -->","yoast_head_json":{"title":"Gewinnspiel - Teilnahmebedingungen - Taubertalperser","robots":{"index":"index","follow":"follow","max-snippet":"max-snippet:-1","max-image-preview":"max-image-preview:large","max-video-preview":"max-video-preview:-1"},"canonical":"https:\/\/www.vom-taubertal.de\/blog\/gewinnspiel-teilnahmebedingungen\/","og_locale":"de_DE","og_type":"article","og_title":"Gewinnspiel - Teilnahmebedingungen - Taubertalperser","og_description":"Der Gewinn kann nicht in bar abgel\u00f6st werden Teilnahmeberechtigt sind Personen mit Wohnsitz in Deutschland, die zum Zeitpunkt der Teilnahme","og_url":"https:\/\/www.vom-taubertal.de\/blog\/gewinnspiel-teilnahmebedingungen\/","og_site_name":"Die Taubertalperser","article_modified_time":"2017-10-17T17:14:05+00:00","twitter_misc":{"Gesch\u00e4tzte Lesezeit":"1\u00a0Minute"},"schema":{"@context":"https:\/\/schema.org","@graph":[{"@type":"WebPage","@id":"https:\/\/www.vom-taubertal.de\/blog\/gewinnspiel-teilnahmebedingungen\/","url":"https:\/\/www.vom-taubertal.de\/blog\/gewinnspiel-teilnahmebedingungen\/","name":"Gewinnspiel - Teilnahmebedingungen - Taubertalperser","isPartOf":{"@id":"https:\/\/www.vom-taubertal.de\/blog\/#website"},"datePublished":"2017-05-30T18:19:33+00:00","dateModified":"2017-10-17T17:14:05+00:00","breadcrumb":{"@id":"https:\/\/www.vom-taubertal.de\/blog\/gewinnspiel-teilnahmebedingungen\/#breadcrumb"},"inLanguage":"de","potentialAction":[{"@type":"ReadAction","target":["https:\/\/www.vom-taubertal.de\/blog\/gewinnspiel-teilnahmebedingungen\/"]}]},{"@type":"BreadcrumbList","@id":"https:\/\/www.vom-taubertal.de\/blog\/gewinnspiel-teilnahmebedingungen\/#breadcrumb","itemListElement":[{"@type":"ListItem","position":1,"name":"Home","item":"https:\/\/www.vom-taubertal.de\/blog\/"},{"@type":"ListItem","position":2,"name":"Gewinnspiel &#8211; Teilnahmebedingungen"}]},{"@type":"WebSite","@id":"https:\/\/www.vom-taubertal.de\/blog\/#website","url":"https:\/\/www.vom-taubertal.de\/blog\/","name":"Die Taubertalperser","description":"Alles \u00fcber und f\u00fcr Katzen ","publisher":{"@id":"https:\/\/www.vom-taubertal.de\/blog\/#\/schema\/person\/368654e092f5785df440fe834ecc3049"},"potentialAction":[{"@type":"SearchAction","target":{"@type":"EntryPoint","urlTemplate":"https:\/\/www.vom-taubertal.de\/blog\/?s={search_term_string}"},"query-input":{"@type":"PropertyValueSpecification","valueRequired":true,"valueName":"search_term_string"}}],"inLanguage":"de"},{"@type":["Person","Organization"],"@id":"https:\/\/www.vom-taubertal.de\/blog\/#\/schema\/person\/368654e092f5785df440fe834ecc3049","name":"afrank","image":{"@type":"ImageObject","inLanguage":"de","@id":"https:\/\/www.vom-taubertal.de\/blog\/wp-content\/uploads\/2019\/03\/Andrea_Dividi_02.jpg","url":"https:\/\/www.vom-taubertal.de\/blog\/wp-content\/uploads\/2019\/03\/Andrea_Dividi_02.jpg","contentUrl":"https:\/\/www.vom-taubertal.de\/blog\/wp-content\/uploads\/2019\/03\/Andrea_Dividi_02.jpg","width":653,"height":800,"caption":"afrank"},"logo":{"@id":"https:\/\/www.vom-taubertal.de\/blog\/wp-content\/uploads\/2019\/03\/Andrea_Dividi_02.jpg"}}]}},"jetpack_sharing_enabled":true,"_links":{"self":[{"href":"https:\/\/www.vom-taubertal.de\/blog\/wp-json\/wp\/v2\/pages\/19004","targetHints":{"allow":["GET"]}}],"collection":[{"href":"https:\/\/www.vom-taubertal.de\/blog\/wp-json\/wp\/v2\/pages"}],"about":[{"href":"https:\/\/www.vom-taubertal.de\/blog\/wp-json\/wp\/v2\/types\/page"}],"author":[{"embeddable":true,"href":"https:\/\/www.vom-taubertal.de\/blog\/wp-json\/wp\/v2\/users\/1"}],"replies":[{"embeddable":true,"href":"https:\/\/www.vom-taubertal.de\/blog\/wp-json\/wp\/v2\/comments?post=19004"}],"version-history":[{"count":5,"href":"https:\/\/www.vom-taubertal.de\/blog\/wp-json\/wp\/v2\/pages\/19004\/revisions"}],"predecessor-version":[{"id":20737,"href":"https:\/\/www.vom-taubertal.de\/blog\/wp-json\/wp\/v2\/pages\/19004\/revisions\/20737"}],"wp:attachment":[{"href":"https:\/\/www.vom-taubertal.de\/blog\/wp-json\/wp\/v2\/media?parent=19004"}],"curies":[{"name":"wp","href":"https:\/\/api.w.org\/{rel}","templated":true}]}}