{"id":21050,"date":"2017-11-15T22:47:55","date_gmt":"2017-11-15T20:47:55","guid":{"rendered":"http:\/\/www.vom-taubertal.de\/blog\/?page_id=21050"},"modified":"2023-11-15T12:51:04","modified_gmt":"2023-11-15T10:51:04","slug":"rund-um-den-fressplatz-taubertalperser","status":"publish","type":"page","link":"https:\/\/www.vom-taubertal.de\/blog\/rund-um-den-fressplatz-taubertalperser\/","title":{"rendered":"Rund um den Fressplatz &#8211; Taubertalperser"},"content":{"rendered":"<p>Hier findet ihr s\u00e4mtliche Tests \u00fcber Futtern\u00e4pfe, Schalen und\/oder Trinkbrunnen.<\/p>\n\n<table id=\"tablepress-19\" class=\"tablepress tablepress-id-19\">\n<thead>\n<tr class=\"row-1\">\n\t<th class=\"column-1\"><a href=\"https:\/\/i0.wp.com\/www.vom-taubertal.de\/blog\/wp-content\/uploads\/2024\/04\/Magnolia.jpg?quality=100&#038;ssl=1\"><img data-recalc-dims=\"1\" loading=\"lazy\" decoding=\"async\" src=\"https:\/\/i0.wp.com\/www.vom-taubertal.de\/blog\/wp-content\/uploads\/2024\/04\/Magnolia.jpg?resize=250%2C167&#038;quality=100&#038;ssl=1\" alt=\"Magnolia Miniatur\" width=\"250\" height=\"167\" class=\"aligncenter size-full wp-image-36474\" \/><\/a><\/th><th class=\"column-2\"><a href=\"https:\/\/www.vom-taubertal.de\/blog\/produktvorstellung-bei-den-taubertalperser-trinkbrunnen-magnolia\/\" rel=\"noopener\" target=\"_blank\">Magnolia Trinkbrunnen - Pioneer Pet<\/a><\/th>\n<\/tr>\n<\/thead>\n<tbody class=\"row-striping row-hover\">\n<tr class=\"row-2\">\n\t<td class=\"column-1\"><a href=\"https:\/\/i0.wp.com\/www.vom-taubertal.de\/blog\/wp-content\/uploads\/2024\/04\/Petree.jpg?quality=100&#038;ssl=1\"><img data-recalc-dims=\"1\" loading=\"lazy\" decoding=\"async\" src=\"https:\/\/i0.wp.com\/www.vom-taubertal.de\/blog\/wp-content\/uploads\/2024\/04\/Petree.jpg?resize=250%2C167&#038;quality=100&#038;ssl=1\" alt=\"Petree Miniatur\" width=\"250\" height=\"167\" class=\"aligncenter size-full wp-image-36477\" \/><\/a><\/td><td class=\"column-2\"><a href=\"https:\/\/www.vom-taubertal.de\/blog\/produktvorstellung-bei-den-taubertalperser-petree-katzenbrunnen\/\" rel=\"noopener\" target=\"_blank\">Petree Katzenbrunnen<\/a><\/td>\n<\/tr>\n<tr class=\"row-3\">\n\t<td class=\"column-1\"><a href=\"https:\/\/i0.wp.com\/www.vom-taubertal.de\/blog\/wp-content\/uploads\/2024\/04\/Lucky-Kitty.jpg?quality=100&#038;ssl=1\"><img data-recalc-dims=\"1\" loading=\"lazy\" decoding=\"async\" src=\"https:\/\/i0.wp.com\/www.vom-taubertal.de\/blog\/wp-content\/uploads\/2024\/04\/Lucky-Kitty.jpg?resize=250%2C167&#038;quality=100&#038;ssl=1\" alt=\"Lucky Kitty Miniatur\" width=\"250\" height=\"167\" class=\"aligncenter size-full wp-image-36479\" \/><\/a><\/td><td class=\"column-2\"><a href=\"https:\/\/www.vom-taubertal.de\/blog\/produktvorstellung-bei-den-taubertalpersern-lucky-kitty-keramik-katzenbrunnen\/\" rel=\"noopener\" target=\"_blank\">Lucky Kitty Trinkbrunnen<\/a><\/td>\n<\/tr>\n<tr class=\"row-4\">\n\t<td class=\"column-1\"><a href=\"https:\/\/i0.wp.com\/www.vom-taubertal.de\/blog\/wp-content\/uploads\/2023\/01\/LED_Catit.jpg?quality=100&#038;ssl=1\"><img data-recalc-dims=\"1\" loading=\"lazy\" decoding=\"async\" src=\"https:\/\/i0.wp.com\/www.vom-taubertal.de\/blog\/wp-content\/uploads\/2023\/01\/LED_Catit.jpg?resize=250%2C167&#038;quality=100&#038;ssl=1\" alt=\"\" width=\"250\" height=\"167\" class=\"aligncenter size-full wp-image-34110\" \/><\/a><\/td><td class=\"column-2\"><a href=\"https:\/\/www.vom-taubertal.de\/blog\/produktvorstellung-catit-43747w-blumentrinkbrunnen-3l-mit-led\/\" rel=\"noopener\" target=\"_blank\">Catit 43747w Blumentrinkbrunnen <\/a><\/td>\n<\/tr>\n<tr class=\"row-5\">\n\t<td class=\"column-1\"><a href=\"https:\/\/i0.wp.com\/www.vom-taubertal.de\/blog\/wp-content\/uploads\/2023\/01\/Keramik.jpg?quality=100&#038;ssl=1\"><img data-recalc-dims=\"1\" loading=\"lazy\" decoding=\"async\" src=\"https:\/\/i0.wp.com\/www.vom-taubertal.de\/blog\/wp-content\/uploads\/2023\/01\/Keramik.jpg?resize=250%2C167&#038;quality=100&#038;ssl=1\" alt=\"\" width=\"250\" height=\"167\" class=\"aligncenter size-full wp-image-34112\" \/><\/a><\/td><td class=\"column-2\"><a href=\"https:\/\/www.vom-taubertal.de\/blog\/produkttest-keramiktrinkbrunnen\/\" rel=\"noopener\" target=\"_blank\">Keramiktrinkbrunnen<\/a><\/td>\n<\/tr>\n<tr class=\"row-6\">\n\t<td class=\"column-1\"><a href=\"https:\/\/i0.wp.com\/www.vom-taubertal.de\/blog\/wp-content\/uploads\/2024\/04\/Hexagon-Brunnen.jpg?quality=100&#038;ssl=1\"><img data-recalc-dims=\"1\" loading=\"lazy\" decoding=\"async\" src=\"https:\/\/i0.wp.com\/www.vom-taubertal.de\/blog\/wp-content\/uploads\/2024\/04\/Hexagon-Brunnen.jpg?resize=250%2C167&#038;quality=100&#038;ssl=1\" alt=\"Hexagon Miniatur\" width=\"250\" height=\"167\" class=\"aligncenter size-full wp-image-36483\" \/><\/a><\/td><td class=\"column-2\"><a href=\"https:\/\/www.vom-taubertal.de\/blog\/produktvorstellung-bei-den-taubertalpersern-keramiktrinkbrunnen-hexagonal-trinkbrunnen\/\" rel=\"noopener\" target=\"_blank\">Hexagonal Trinkbrunnen<\/a><\/td>\n<\/tr>\n<tr class=\"row-7\">\n\t<td class=\"column-1\"><a href=\"https:\/\/i0.wp.com\/www.vom-taubertal.de\/blog\/wp-content\/uploads\/2024\/04\/Swan.jpg?quality=100&#038;ssl=1\"><img data-recalc-dims=\"1\" loading=\"lazy\" decoding=\"async\" src=\"https:\/\/i0.wp.com\/www.vom-taubertal.de\/blog\/wp-content\/uploads\/2024\/04\/Swan.jpg?resize=250%2C167&#038;quality=100&#038;ssl=1\" alt=\"Swan Miniatur\" width=\"250\" height=\"167\" class=\"aligncenter size-full wp-image-36485\" \/><\/a><\/td><td class=\"column-2\"><a href=\"https:\/\/www.vom-taubertal.de\/blog\/produkttest-pioneer-pet-swan-fountain-taubertalperser\/\" rel=\"noopener\" target=\"_blank\">Pioneer Pet Swan Fountain<\/a><\/td>\n<\/tr>\n<tr class=\"row-8\">\n\t<td class=\"column-1\"><a href=\"https:\/\/i0.wp.com\/www.vom-taubertal.de\/blog\/wp-content\/uploads\/2024\/04\/Catit.jpg?quality=100&#038;ssl=1\"><img data-recalc-dims=\"1\" loading=\"lazy\" decoding=\"async\" src=\"https:\/\/i0.wp.com\/www.vom-taubertal.de\/blog\/wp-content\/uploads\/2024\/04\/Catit.jpg?resize=250%2C167&#038;quality=100&#038;ssl=1\" alt=\"Catit Miniatur\" width=\"250\" height=\"167\" class=\"aligncenter size-full wp-image-36487\" \/><\/a><\/td><td class=\"column-2\"><a href=\"https:\/\/www.vom-taubertal.de\/blog\/produktvorstellung-catit-senses-2-0-trinkbrunnen\/\" rel=\"noopener\" target=\"_blank\">Catit Senses 2.0 <\/a><\/td>\n<\/tr>\n<tr class=\"row-9\">\n\t<td class=\"column-1\"><a href=\"https:\/\/i0.wp.com\/www.vom-taubertal.de\/blog\/wp-content\/uploads\/2024\/04\/Vortex-Brunnen.jpg?quality=100&#038;ssl=1\"><img data-recalc-dims=\"1\" loading=\"lazy\" decoding=\"async\" src=\"https:\/\/i0.wp.com\/www.vom-taubertal.de\/blog\/wp-content\/uploads\/2024\/04\/Vortex-Brunnen.jpg?resize=250%2C167&#038;quality=100&#038;ssl=1\" alt=\"Vortex Miniatur\" width=\"250\" height=\"167\" class=\"aligncenter size-full wp-image-36481\" \/><\/a><\/td><td class=\"column-2\"><a href=\"https:\/\/www.vom-taubertal.de\/blog\/produkttest-bei-den-taubertalpersern-vortex-trinkbrunnen\/\" rel=\"noopener\" target=\"_blank\">Vortex Trinkbrunnen<\/a><\/td>\n<\/tr>\n<tr class=\"row-10\">\n\t<td class=\"column-1\"><a href=\"https:\/\/i0.wp.com\/www.vom-taubertal.de\/blog\/wp-content\/uploads\/2017\/07\/Lucky-Kitty-Katzennapf-Titelbild-Taubertalperser.jpg?quality=100&#038;ssl=1\"><img data-recalc-dims=\"1\" loading=\"lazy\" decoding=\"async\" src=\"https:\/\/i0.wp.com\/www.vom-taubertal.de\/blog\/wp-content\/uploads\/2017\/07\/Lucky-Kitty-Katzennapf-Titelbild-Taubertalperser.jpg?resize=250%2C167&#038;quality=100&#038;ssl=1\" alt=\"\" width=\"250\" height=\"167\" class=\"aligncenter size-full wp-image-19417\" srcset=\"https:\/\/i0.wp.com\/www.vom-taubertal.de\/blog\/wp-content\/uploads\/2017\/07\/Lucky-Kitty-Katzennapf-Titelbild-Taubertalperser.jpg?w=600&amp;quality=100&amp;ssl=1 600w, https:\/\/i0.wp.com\/www.vom-taubertal.de\/blog\/wp-content\/uploads\/2017\/07\/Lucky-Kitty-Katzennapf-Titelbild-Taubertalperser.jpg?resize=300%2C200&amp;quality=100&amp;ssl=1 300w\" sizes=\"auto, (max-width: 250px) 100vw, 250px\" \/><\/a><\/td><td class=\"column-2\"><a href=\"https:\/\/www.vom-taubertal.de\/blog\/produkttest-lucky-kitty-katzennapf-taubertalperser\/\" rel=\"noopener\" target=\"_blank\">Lucky Kitty Katzennapf<\/a><\/td>\n<\/tr>\n<tr class=\"row-11\">\n\t<td class=\"column-1\"><a href=\"https:\/\/i0.wp.com\/www.vom-taubertal.de\/blog\/wp-content\/uploads\/2016\/08\/catit-feeder-taubertalperser.jpg?quality=100&#038;ssl=1\"><img data-recalc-dims=\"1\" loading=\"lazy\" decoding=\"async\" src=\"https:\/\/i0.wp.com\/www.vom-taubertal.de\/blog\/wp-content\/uploads\/2016\/08\/catit-feeder-taubertalperser.jpg?resize=250%2C167&#038;quality=100&#038;ssl=1\" alt=\"feeder\" width=\"250\" height=\"167\" class=\"aligncenter size-full wp-image-14486\" \/><\/a><\/td><td class=\"column-2\"><a href=\"https:\/\/www.vom-taubertal.de\/blog\/produkttest-catit-sense-2-0-feeder-taubertalperser\/\" rel=\"noopener\" target=\"_blank\">Catit Sense 2.0 \u2013 Feeder<\/a><\/td>\n<\/tr>\n<tr class=\"row-12\">\n\t<td class=\"column-1\"><a href=\"https:\/\/i0.wp.com\/www.vom-taubertal.de\/blog\/wp-content\/uploads\/2016\/08\/Edupet-Slow-Feeder-04.jpg?quality=100&#038;ssl=1\"><img data-recalc-dims=\"1\" loading=\"lazy\" decoding=\"async\" src=\"https:\/\/i0.wp.com\/www.vom-taubertal.de\/blog\/wp-content\/uploads\/2016\/08\/Edupet-Slow-Feeder-04.jpg?resize=250%2C167&#038;quality=100&#038;ssl=1\" alt=\"\" width=\"250\" height=\"167\" class=\"aligncenter size-full wp-image-14598\" srcset=\"https:\/\/i0.wp.com\/www.vom-taubertal.de\/blog\/wp-content\/uploads\/2016\/08\/Edupet-Slow-Feeder-04.jpg?w=800&amp;quality=100&amp;ssl=1 800w, https:\/\/i0.wp.com\/www.vom-taubertal.de\/blog\/wp-content\/uploads\/2016\/08\/Edupet-Slow-Feeder-04.jpg?resize=300%2C200&amp;quality=100&amp;ssl=1 300w, https:\/\/i0.wp.com\/www.vom-taubertal.de\/blog\/wp-content\/uploads\/2016\/08\/Edupet-Slow-Feeder-04.jpg?resize=768%2C512&amp;quality=100&amp;ssl=1 768w\" sizes=\"auto, (max-width: 250px) 100vw, 250px\" \/><\/a><\/td><td class=\"column-2\"><a href=\"https:\/\/www.vom-taubertal.de\/blog\/produktvorstellung-slow-feeder-von-edupet-taubertalperser\/\" rel=\"noopener\" target=\"_blank\">Slow Feeder von Edupet<\/a><\/td>\n<\/tr>\n<tr class=\"row-13\">\n\t<td class=\"column-1\"><a href=\"https:\/\/i0.wp.com\/www.vom-taubertal.de\/blog\/wp-content\/uploads\/2018\/10\/Stimulo-Taubertalperser-Interacitve-Feeder-01.jpg?quality=100&#038;ssl=1\"><img data-recalc-dims=\"1\" loading=\"lazy\" decoding=\"async\" src=\"https:\/\/i0.wp.com\/www.vom-taubertal.de\/blog\/wp-content\/uploads\/2018\/10\/Stimulo-Taubertalperser-Interacitve-Feeder-01.jpg?resize=250%2C167&#038;quality=100&#038;ssl=1\" alt=\"Stimulo, Interacitve Feeder, Taubertalperser, Produktvorstellung\" width=\"250\" height=\"167\" class=\"aligncenter size-full wp-image-24462\" srcset=\"https:\/\/i0.wp.com\/www.vom-taubertal.de\/blog\/wp-content\/uploads\/2018\/10\/Stimulo-Taubertalperser-Interacitve-Feeder-01.jpg?w=800&amp;quality=100&amp;ssl=1 800w, https:\/\/i0.wp.com\/www.vom-taubertal.de\/blog\/wp-content\/uploads\/2018\/10\/Stimulo-Taubertalperser-Interacitve-Feeder-01.jpg?resize=300%2C200&amp;quality=100&amp;ssl=1 300w, https:\/\/i0.wp.com\/www.vom-taubertal.de\/blog\/wp-content\/uploads\/2018\/10\/Stimulo-Taubertalperser-Interacitve-Feeder-01.jpg?resize=768%2C512&amp;quality=100&amp;ssl=1 768w\" sizes=\"auto, (max-width: 250px) 100vw, 250px\" \/><\/a><\/td><td class=\"column-2\"><a href=\"https:\/\/www.vom-taubertal.de\/blog\/produkttest-futterspender-interaktive-stimulo-taubertalperser\/\" rel=\"noopener\" target=\"_blank\">STIMULO <\/a><\/td>\n<\/tr>\n<tr class=\"row-14\">\n\t<td class=\"column-1\"><a href=\"https:\/\/i0.wp.com\/www.vom-taubertal.de\/blog\/wp-content\/uploads\/2014\/07\/Activy_Board.jpg?quality=100&#038;ssl=1\"><img data-recalc-dims=\"1\" loading=\"lazy\" decoding=\"async\" src=\"https:\/\/i0.wp.com\/www.vom-taubertal.de\/blog\/wp-content\/uploads\/2014\/07\/Activy_Board.jpg?resize=250%2C167&#038;quality=100&#038;ssl=1\" alt=\"\" width=\"250\" height=\"167\" class=\"aligncenter size-full wp-image-8654\" srcset=\"https:\/\/i0.wp.com\/www.vom-taubertal.de\/blog\/wp-content\/uploads\/2014\/07\/Activy_Board.jpg?w=800&amp;quality=100&amp;ssl=1 800w, https:\/\/i0.wp.com\/www.vom-taubertal.de\/blog\/wp-content\/uploads\/2014\/07\/Activy_Board.jpg?resize=300%2C200&amp;quality=100&amp;ssl=1 300w\" sizes=\"auto, (max-width: 250px) 100vw, 250px\" \/><\/a><\/td><td class=\"column-2\"><a href=\"https:\/\/www.vom-taubertal.de\/blog\/cat-center-katzenspielzeug-perserkatzen-kuschelperser\/\" rel=\"noopener\" target=\"_blank\">Cat Center<\/a><\/td>\n<\/tr>\n<tr class=\"row-15\">\n\t<td class=\"column-1\"><\/td><td class=\"column-2\"><\/td>\n<\/tr>\n<tr class=\"row-16\">\n\t<td class=\"column-1\"><\/td><td class=\"column-2\"><\/td>\n<\/tr>\n<\/tbody>\n<\/table>\n<!-- #tablepress-19 from cache -->\n<p><script type=\"text\/javascript\">\n    google_ad_client = \"ca-pub-3363977028533397\";\n    google_ad_slot = \"3730385664\";\n    google_ad_width = 728;\n    google_ad_height = 90;\n<\/script><br \/>\n<!-- Taubertal2 --><br \/>\n<script type=\"text\/javascript\" src=\"\/\/pagead2.googlesyndication.com\/pagead\/show_ads.js\">\n<\/script><\/p>\n","protected":false},"excerpt":{"rendered":"<p>Hier findet ihr s\u00e4mtliche Tests \u00fcber Futtern\u00e4pfe, Schalen und\/oder Trinkbrunnen.<\/p>\n","protected":false},"author":1,"featured_media":20306,"parent":0,"menu_order":0,"comment_status":"closed","ping_status":"closed","template":"","meta":{"colormag_page_container_layout":"default_layout","colormag_page_sidebar_layout":"default_layout","sfsi_plus_gutenberg_text_before_share":"","sfsi_plus_gutenberg_show_text_before_share":"","sfsi_plus_gutenberg_icon_type":"","sfsi_plus_gutenberg_icon_alignemt":"","sfsi_plus_gutenburg_max_per_row":"","ngg_post_thumbnail":0,"footnotes":""},"class_list":["post-21050","page","type-page","status-publish","has-post-thumbnail","hentry"],"yoast_head":"<!-- This site is optimized with the Yoast SEO plugin v27.4 - https:\/\/yoast.com\/product\/yoast-seo-wordpress\/ -->\n<title>Rund um den Fressplatz - Taubertalperser &#8226; Die Taubertalperser - Perser vom Taubertal<\/title>\n<meta name=\"robots\" content=\"index, follow, max-snippet:-1, max-image-preview:large, max-video-preview:-1\" \/>\n<link rel=\"canonical\" href=\"https:\/\/www.vom-taubertal.de\/blog\/rund-um-den-fressplatz-taubertalperser\/\" \/>\n<meta property=\"og:locale\" content=\"de_DE\" \/>\n<meta property=\"og:type\" content=\"article\" \/>\n<meta property=\"og:title\" content=\"Rund um den Fressplatz - Taubertalperser &#8226; Die Taubertalperser - Perser vom Taubertal\" \/>\n<meta property=\"og:description\" content=\"Hier findet ihr s\u00e4mtliche Tests \u00fcber Futtern\u00e4pfe, Schalen und\/oder Trinkbrunnen.\" \/>\n<meta property=\"og:url\" content=\"https:\/\/www.vom-taubertal.de\/blog\/rund-um-den-fressplatz-taubertalperser\/\" \/>\n<meta property=\"og:site_name\" content=\"Die Taubertalperser\" \/>\n<meta property=\"article:modified_time\" content=\"2023-11-15T10:51:04+00:00\" \/>\n<meta property=\"og:image\" content=\"https:\/\/www.vom-taubertal.de\/blog\/wp-content\/uploads\/2013\/01\/Fressplatz.jpg\" \/>\n\t<meta property=\"og:image:width\" content=\"595\" \/>\n\t<meta property=\"og:image:height\" content=\"174\" \/>\n\t<meta property=\"og:image:type\" content=\"image\/jpeg\" \/>\n<meta name=\"twitter:label1\" content=\"Gesch\u00e4tzte Lesezeit\" \/>\n\t<meta name=\"twitter:data1\" content=\"1\u00a0Minute\" \/>\n<script type=\"application\/ld+json\" class=\"yoast-schema-graph\">{\"@context\":\"https:\\\/\\\/schema.org\",\"@graph\":[{\"@type\":\"WebPage\",\"@id\":\"https:\\\/\\\/www.vom-taubertal.de\\\/blog\\\/rund-um-den-fressplatz-taubertalperser\\\/\",\"url\":\"https:\\\/\\\/www.vom-taubertal.de\\\/blog\\\/rund-um-den-fressplatz-taubertalperser\\\/\",\"name\":\"Rund um den Fressplatz - Taubertalperser &#8226; Die Taubertalperser - Perser vom Taubertal\",\"isPartOf\":{\"@id\":\"https:\\\/\\\/www.vom-taubertal.de\\\/blog\\\/#website\"},\"primaryImageOfPage\":{\"@id\":\"https:\\\/\\\/www.vom-taubertal.de\\\/blog\\\/rund-um-den-fressplatz-taubertalperser\\\/#primaryimage\"},\"image\":{\"@id\":\"https:\\\/\\\/www.vom-taubertal.de\\\/blog\\\/rund-um-den-fressplatz-taubertalperser\\\/#primaryimage\"},\"thumbnailUrl\":\"https:\\\/\\\/i0.wp.com\\\/www.vom-taubertal.de\\\/blog\\\/wp-content\\\/uploads\\\/2013\\\/01\\\/Fressplatz.jpg?fit=595%2C174&quality=100&ssl=1\",\"datePublished\":\"2017-11-15T20:47:55+00:00\",\"dateModified\":\"2023-11-15T10:51:04+00:00\",\"breadcrumb\":{\"@id\":\"https:\\\/\\\/www.vom-taubertal.de\\\/blog\\\/rund-um-den-fressplatz-taubertalperser\\\/#breadcrumb\"},\"inLanguage\":\"de\",\"potentialAction\":[{\"@type\":\"ReadAction\",\"target\":[\"https:\\\/\\\/www.vom-taubertal.de\\\/blog\\\/rund-um-den-fressplatz-taubertalperser\\\/\"]}]},{\"@type\":\"ImageObject\",\"inLanguage\":\"de\",\"@id\":\"https:\\\/\\\/www.vom-taubertal.de\\\/blog\\\/rund-um-den-fressplatz-taubertalperser\\\/#primaryimage\",\"url\":\"https:\\\/\\\/i0.wp.com\\\/www.vom-taubertal.de\\\/blog\\\/wp-content\\\/uploads\\\/2013\\\/01\\\/Fressplatz.jpg?fit=595%2C174&quality=100&ssl=1\",\"contentUrl\":\"https:\\\/\\\/i0.wp.com\\\/www.vom-taubertal.de\\\/blog\\\/wp-content\\\/uploads\\\/2013\\\/01\\\/Fressplatz.jpg?fit=595%2C174&quality=100&ssl=1\",\"width\":595,\"height\":174},{\"@type\":\"BreadcrumbList\",\"@id\":\"https:\\\/\\\/www.vom-taubertal.de\\\/blog\\\/rund-um-den-fressplatz-taubertalperser\\\/#breadcrumb\",\"itemListElement\":[{\"@type\":\"ListItem\",\"position\":1,\"name\":\"Home\",\"item\":\"https:\\\/\\\/www.vom-taubertal.de\\\/blog\\\/\"},{\"@type\":\"ListItem\",\"position\":2,\"name\":\"Rund um den Fressplatz &#8211; Taubertalperser\"}]},{\"@type\":\"WebSite\",\"@id\":\"https:\\\/\\\/www.vom-taubertal.de\\\/blog\\\/#website\",\"url\":\"https:\\\/\\\/www.vom-taubertal.de\\\/blog\\\/\",\"name\":\"Die Taubertalperser\",\"description\":\"Alles \u00fcber und f\u00fcr Katzen \",\"publisher\":{\"@id\":\"https:\\\/\\\/www.vom-taubertal.de\\\/blog\\\/#\\\/schema\\\/person\\\/368654e092f5785df440fe834ecc3049\"},\"potentialAction\":[{\"@type\":\"SearchAction\",\"target\":{\"@type\":\"EntryPoint\",\"urlTemplate\":\"https:\\\/\\\/www.vom-taubertal.de\\\/blog\\\/?s={search_term_string}\"},\"query-input\":{\"@type\":\"PropertyValueSpecification\",\"valueRequired\":true,\"valueName\":\"search_term_string\"}}],\"inLanguage\":\"de\"},{\"@type\":[\"Person\",\"Organization\"],\"@id\":\"https:\\\/\\\/www.vom-taubertal.de\\\/blog\\\/#\\\/schema\\\/person\\\/368654e092f5785df440fe834ecc3049\",\"name\":\"afrank\",\"image\":{\"@type\":\"ImageObject\",\"inLanguage\":\"de\",\"@id\":\"https:\\\/\\\/www.vom-taubertal.de\\\/blog\\\/wp-content\\\/uploads\\\/2019\\\/03\\\/Andrea_Dividi_02.jpg\",\"url\":\"https:\\\/\\\/www.vom-taubertal.de\\\/blog\\\/wp-content\\\/uploads\\\/2019\\\/03\\\/Andrea_Dividi_02.jpg\",\"contentUrl\":\"https:\\\/\\\/www.vom-taubertal.de\\\/blog\\\/wp-content\\\/uploads\\\/2019\\\/03\\\/Andrea_Dividi_02.jpg\",\"width\":653,\"height\":800,\"caption\":\"afrank\"},\"logo\":{\"@id\":\"https:\\\/\\\/www.vom-taubertal.de\\\/blog\\\/wp-content\\\/uploads\\\/2019\\\/03\\\/Andrea_Dividi_02.jpg\"}}]}<\/script>\n<!-- \/ Yoast SEO plugin. -->","yoast_head_json":{"title":"Rund um den Fressplatz - Taubertalperser &#8226; Die Taubertalperser - Perser vom Taubertal","robots":{"index":"index","follow":"follow","max-snippet":"max-snippet:-1","max-image-preview":"max-image-preview:large","max-video-preview":"max-video-preview:-1"},"canonical":"https:\/\/www.vom-taubertal.de\/blog\/rund-um-den-fressplatz-taubertalperser\/","og_locale":"de_DE","og_type":"article","og_title":"Rund um den Fressplatz - Taubertalperser &#8226; Die Taubertalperser - Perser vom Taubertal","og_description":"Hier findet ihr s\u00e4mtliche Tests \u00fcber Futtern\u00e4pfe, Schalen und\/oder Trinkbrunnen.","og_url":"https:\/\/www.vom-taubertal.de\/blog\/rund-um-den-fressplatz-taubertalperser\/","og_site_name":"Die Taubertalperser","article_modified_time":"2023-11-15T10:51:04+00:00","og_image":[{"width":595,"height":174,"url":"https:\/\/www.vom-taubertal.de\/blog\/wp-content\/uploads\/2013\/01\/Fressplatz.jpg","type":"image\/jpeg"}],"twitter_misc":{"Gesch\u00e4tzte Lesezeit":"1\u00a0Minute"},"schema":{"@context":"https:\/\/schema.org","@graph":[{"@type":"WebPage","@id":"https:\/\/www.vom-taubertal.de\/blog\/rund-um-den-fressplatz-taubertalperser\/","url":"https:\/\/www.vom-taubertal.de\/blog\/rund-um-den-fressplatz-taubertalperser\/","name":"Rund um den Fressplatz - Taubertalperser &#8226; Die Taubertalperser - Perser vom Taubertal","isPartOf":{"@id":"https:\/\/www.vom-taubertal.de\/blog\/#website"},"primaryImageOfPage":{"@id":"https:\/\/www.vom-taubertal.de\/blog\/rund-um-den-fressplatz-taubertalperser\/#primaryimage"},"image":{"@id":"https:\/\/www.vom-taubertal.de\/blog\/rund-um-den-fressplatz-taubertalperser\/#primaryimage"},"thumbnailUrl":"https:\/\/i0.wp.com\/www.vom-taubertal.de\/blog\/wp-content\/uploads\/2013\/01\/Fressplatz.jpg?fit=595%2C174&quality=100&ssl=1","datePublished":"2017-11-15T20:47:55+00:00","dateModified":"2023-11-15T10:51:04+00:00","breadcrumb":{"@id":"https:\/\/www.vom-taubertal.de\/blog\/rund-um-den-fressplatz-taubertalperser\/#breadcrumb"},"inLanguage":"de","potentialAction":[{"@type":"ReadAction","target":["https:\/\/www.vom-taubertal.de\/blog\/rund-um-den-fressplatz-taubertalperser\/"]}]},{"@type":"ImageObject","inLanguage":"de","@id":"https:\/\/www.vom-taubertal.de\/blog\/rund-um-den-fressplatz-taubertalperser\/#primaryimage","url":"https:\/\/i0.wp.com\/www.vom-taubertal.de\/blog\/wp-content\/uploads\/2013\/01\/Fressplatz.jpg?fit=595%2C174&quality=100&ssl=1","contentUrl":"https:\/\/i0.wp.com\/www.vom-taubertal.de\/blog\/wp-content\/uploads\/2013\/01\/Fressplatz.jpg?fit=595%2C174&quality=100&ssl=1","width":595,"height":174},{"@type":"BreadcrumbList","@id":"https:\/\/www.vom-taubertal.de\/blog\/rund-um-den-fressplatz-taubertalperser\/#breadcrumb","itemListElement":[{"@type":"ListItem","position":1,"name":"Home","item":"https:\/\/www.vom-taubertal.de\/blog\/"},{"@type":"ListItem","position":2,"name":"Rund um den Fressplatz &#8211; Taubertalperser"}]},{"@type":"WebSite","@id":"https:\/\/www.vom-taubertal.de\/blog\/#website","url":"https:\/\/www.vom-taubertal.de\/blog\/","name":"Die Taubertalperser","description":"Alles \u00fcber und f\u00fcr Katzen ","publisher":{"@id":"https:\/\/www.vom-taubertal.de\/blog\/#\/schema\/person\/368654e092f5785df440fe834ecc3049"},"potentialAction":[{"@type":"SearchAction","target":{"@type":"EntryPoint","urlTemplate":"https:\/\/www.vom-taubertal.de\/blog\/?s={search_term_string}"},"query-input":{"@type":"PropertyValueSpecification","valueRequired":true,"valueName":"search_term_string"}}],"inLanguage":"de"},{"@type":["Person","Organization"],"@id":"https:\/\/www.vom-taubertal.de\/blog\/#\/schema\/person\/368654e092f5785df440fe834ecc3049","name":"afrank","image":{"@type":"ImageObject","inLanguage":"de","@id":"https:\/\/www.vom-taubertal.de\/blog\/wp-content\/uploads\/2019\/03\/Andrea_Dividi_02.jpg","url":"https:\/\/www.vom-taubertal.de\/blog\/wp-content\/uploads\/2019\/03\/Andrea_Dividi_02.jpg","contentUrl":"https:\/\/www.vom-taubertal.de\/blog\/wp-content\/uploads\/2019\/03\/Andrea_Dividi_02.jpg","width":653,"height":800,"caption":"afrank"},"logo":{"@id":"https:\/\/www.vom-taubertal.de\/blog\/wp-content\/uploads\/2019\/03\/Andrea_Dividi_02.jpg"}}]}},"jetpack_sharing_enabled":true,"_links":{"self":[{"href":"https:\/\/www.vom-taubertal.de\/blog\/wp-json\/wp\/v2\/pages\/21050","targetHints":{"allow":["GET"]}}],"collection":[{"href":"https:\/\/www.vom-taubertal.de\/blog\/wp-json\/wp\/v2\/pages"}],"about":[{"href":"https:\/\/www.vom-taubertal.de\/blog\/wp-json\/wp\/v2\/types\/page"}],"author":[{"embeddable":true,"href":"https:\/\/www.vom-taubertal.de\/blog\/wp-json\/wp\/v2\/users\/1"}],"replies":[{"embeddable":true,"href":"https:\/\/www.vom-taubertal.de\/blog\/wp-json\/wp\/v2\/comments?post=21050"}],"version-history":[{"count":7,"href":"https:\/\/www.vom-taubertal.de\/blog\/wp-json\/wp\/v2\/pages\/21050\/revisions"}],"predecessor-version":[{"id":34400,"href":"https:\/\/www.vom-taubertal.de\/blog\/wp-json\/wp\/v2\/pages\/21050\/revisions\/34400"}],"wp:featuredmedia":[{"embeddable":true,"href":"https:\/\/www.vom-taubertal.de\/blog\/wp-json\/wp\/v2\/media\/20306"}],"wp:attachment":[{"href":"https:\/\/www.vom-taubertal.de\/blog\/wp-json\/wp\/v2\/media?parent=21050"}],"curies":[{"name":"wp","href":"https:\/\/api.w.org\/{rel}","templated":true}]}}