{"id":21608,"date":"2018-01-08T21:30:37","date_gmt":"2018-01-08T19:30:37","guid":{"rendered":"http:\/\/www.vom-taubertal.de\/blog\/?page_id=21608"},"modified":"2024-08-07T13:34:22","modified_gmt":"2024-08-07T11:34:22","slug":"buecher-buecher","status":"publish","type":"page","link":"https:\/\/www.vom-taubertal.de\/blog\/buecher-buecher\/","title":{"rendered":"B\u00fccher, B\u00fccher, &#8230;."},"content":{"rendered":"<p>Hin- und wieder braucht man auch eine Auszeit. Und gerade an kalten Herbst- und Wintertagen ist es wundersch\u00f6n sich vor dem Kamin hinzukuscheln und das eine oder andere gute Buch zu lesen :-)<\/p>\n<p>Hier stelle ich euch einige meiner B\u00fccher vor, nach und nach wird es nat\u00fcrlich mehr aber ihr wisst ja &#8211; gut Ding braucht Weile :-)<\/p>\n<p>&nbsp;<\/p>\n<table width=\"648\">\n<tbody>\n<tr>\n<td width=\"80\"><img data-recalc-dims=\"1\" loading=\"lazy\" decoding=\"async\" class=\"aligncenter size-full wp-image-21611\" src=\"https:\/\/i0.wp.com\/www.vom-taubertal.de\/blog\/wp-content\/uploads\/2018\/01\/111-Katzen.jpg?resize=132%2C88&#038;quality=100&#038;ssl=1\" alt=\"\" width=\"132\" height=\"88\"><\/td>\n<td width=\"568\"><a href=\"https:\/\/www.vom-taubertal.de\/blog\/zeit-fuer-ein-buch-111-katzen-die-man-kennen-muss-taubertalperser\/\" target=\"_blank\" rel=\"noopener\">111 Katzen die man kennen muss<\/a><\/td>\n<\/tr>\n<tr>\n<td><img data-recalc-dims=\"1\" loading=\"lazy\" decoding=\"async\" class=\"aligncenter size-full wp-image-21621\" src=\"https:\/\/i0.wp.com\/www.vom-taubertal.de\/blog\/wp-content\/uploads\/2018\/01\/Basiswissen.jpg?resize=132%2C88&#038;quality=100&#038;ssl=1\" alt=\"\" width=\"132\" height=\"88\"><\/td>\n<td><a href=\"https:\/\/www.vom-taubertal.de\/blog\/basiswissen-katzenzucht-barbara-hickmann\/\" target=\"_blank\" rel=\"noopener\">Basiswissen Katzenzucht &#8211; Barbara Hickmann<\/a><\/td>\n<\/tr>\n<tr>\n<td><img data-recalc-dims=\"1\" loading=\"lazy\" decoding=\"async\" class=\"aligncenter size-full wp-image-21612\" src=\"https:\/\/i0.wp.com\/www.vom-taubertal.de\/blog\/wp-content\/uploads\/2018\/01\/Catwatching.jpg?resize=132%2C88&#038;quality=100&#038;ssl=1\" alt=\"\" width=\"132\" height=\"88\"><\/td>\n<td><a href=\"https:\/\/www.vom-taubertal.de\/blog\/zeit-fuer-ein-buch-desmond-morris-catwatching\/\" target=\"_blank\" rel=\"noopener\">Catwatching &#8211; Desmond Morris<\/a><\/td>\n<\/tr>\n<tr>\n<td><img data-recalc-dims=\"1\" loading=\"lazy\" decoding=\"async\" class=\"aligncenter size-full wp-image-21613\" src=\"https:\/\/i0.wp.com\/www.vom-taubertal.de\/blog\/wp-content\/uploads\/2018\/01\/Die-geheime-Sprache-der-Katze.jpg?resize=132%2C88&#038;quality=100&#038;ssl=1\" alt=\"\" width=\"132\" height=\"88\"><\/td>\n<td><a href=\"https:\/\/www.vom-taubertal.de\/blog\/exklusive-buchvorstellung-die-geheime-sprache-der-katze-von-susanne-schoetz\/\" target=\"_blank\" rel=\"noopener\">Die Geheime Sprache der Katze &#8211; Susanne Sch\u00f6tz<\/a><\/td>\n<\/tr>\n<tr>\n<td><img data-recalc-dims=\"1\" loading=\"lazy\" decoding=\"async\" class=\"aligncenter size-full wp-image-21614\" src=\"https:\/\/i0.wp.com\/www.vom-taubertal.de\/blog\/wp-content\/uploads\/2018\/01\/Die-Nacht-der-Katzengoettin.jpg?resize=132%2C88&#038;quality=100&#038;ssl=1\" alt=\"\" width=\"132\" height=\"88\"><\/td>\n<td><a href=\"https:\/\/www.vom-taubertal.de\/blog\/zeit-fuer-ein-buch-die-nacht-der-katzengoettin-taubertalperser\/\" target=\"_blank\" rel=\"noopener\">Die Nacht der Katzeng\u00f6ttin&nbsp;<\/a><\/td>\n<\/tr>\n<tr>\n<td><img data-recalc-dims=\"1\" loading=\"lazy\" decoding=\"async\" class=\"aligncenter size-full wp-image-21616\" src=\"https:\/\/i0.wp.com\/www.vom-taubertal.de\/blog\/wp-content\/uploads\/2018\/01\/Die-Welt-aus-Katzensicht.jpg?resize=132%2C88&#038;quality=100&#038;ssl=1\" alt=\"\" width=\"132\" height=\"88\"><\/td>\n<td><a href=\"https:\/\/www.vom-taubertal.de\/blog\/zeit-fuer-ein-buch-die-welt-aus-katzensicht-taubertalperser\/\" target=\"_blank\" rel=\"noopener\">Die Welt aus Katzensicht &#8211; John Bradshaw<\/a><\/td>\n<\/tr>\n<tr>\n<td><img data-recalc-dims=\"1\" loading=\"lazy\" decoding=\"async\" class=\"aligncenter size-full wp-image-21627\" src=\"https:\/\/i0.wp.com\/www.vom-taubertal.de\/blog\/wp-content\/uploads\/2018\/01\/Erste-Hilfe.jpg?resize=132%2C88&#038;quality=100&#038;ssl=1\" alt=\"\" width=\"132\" height=\"88\"><\/td>\n<td><a href=\"https:\/\/www.vom-taubertal.de\/blog\/zeit-fuer-ein-buch-erste-hilfe-fuer-meine-katze-taubertalperser\/\" target=\"_blank\" rel=\"noopener\">Erste Hilfe bei Katzen<\/a><\/td>\n<\/tr>\n<tr>\n<td>Bild<\/td>\n<td><a href=\"https:\/\/www.vom-taubertal.de\/blog\/buchvorstellung-gatti-katzn-krasse-katznstories-2\/\" target=\"_blank\" rel=\"noopener\">Gatti Katzn &#8211; Krasse Katzenstories<\/a><\/td>\n<\/tr>\n<tr>\n<td>Bild<\/td>\n<td>Geboren um gesund zu leben: Sanfte Hilfe bei Bakterien, Viren und Co &#8211;<\/td>\n<\/tr>\n<tr>\n<td><img data-recalc-dims=\"1\" loading=\"lazy\" decoding=\"async\" class=\"aligncenter size-full wp-image-21615\" src=\"https:\/\/i0.wp.com\/www.vom-taubertal.de\/blog\/wp-content\/uploads\/2018\/01\/Ist-deine-Katze-ein-Genie.jpg?resize=132%2C88&#038;quality=100&#038;ssl=1\" alt=\"\" width=\"132\" height=\"88\"><\/td>\n<td><a href=\"https:\/\/www.vom-taubertal.de\/blog\/zeit-fuer-ein-buch-ist-deine-katze-ein-genie-taubertalperser\/\" target=\"_blank\" rel=\"noopener\">Ist deine Katze ein Genie?<\/a><\/td>\n<\/tr>\n<tr>\n<td><img data-recalc-dims=\"1\" loading=\"lazy\" decoding=\"async\" class=\"aligncenter size-full wp-image-21617\" src=\"https:\/\/i0.wp.com\/www.vom-taubertal.de\/blog\/wp-content\/uploads\/2018\/01\/Katzen-wuerden-Maeuse-kaufen.jpg?resize=132%2C88&#038;quality=100&#038;ssl=1\" alt=\"\" width=\"132\" height=\"88\"><\/td>\n<td><a href=\"https:\/\/www.vom-taubertal.de\/blog\/katzen-wuerden-maeuse-kaufen\/\" target=\"_blank\" rel=\"noopener\">Katzen w\u00fcrden M\u00e4use kaufen<\/a><\/td>\n<\/tr>\n<tr>\n<td>Bild<\/td>\n<td><em><a href=\"https:\/\/www.vom-taubertal.de\/blog\/zeit-fuer-ein-buch-kaetzchen-mit-koepfchen-taubertalperser\/\" target=\"_blank\" rel=\"noopener\">K\u00e4tzchen mit K\u00f6pfchen<\/a><\/em><\/td>\n<\/tr>\n<tr>\n<td>Bild<\/td>\n<td><a href=\"https:\/\/www.vom-taubertal.de\/blog\/katzensenioren-gesund-und-gluecklich-alt-werden\/\" target=\"_blank\" rel=\"noopener\">Katzensenioren &#8211; gesund und gl\u00fccklich alt werden<\/a><\/td>\n<\/tr>\n<tr>\n<td><img data-recalc-dims=\"1\" loading=\"lazy\" decoding=\"async\" class=\"aligncenter size-full wp-image-21620\" src=\"https:\/\/i0.wp.com\/www.vom-taubertal.de\/blog\/wp-content\/uploads\/2018\/01\/Was-denkt-meine-Katze.jpg?resize=132%2C88&#038;quality=100&#038;ssl=1\" alt=\"\" width=\"132\" height=\"88\"><\/td>\n<td><a href=\"https:\/\/www.vom-taubertal.de\/blog\/katzensprache\/\" target=\"_blank\" rel=\"noopener\">Was denkt meine Katze &#8211; Katzensprache in Bildern<\/a><\/td>\n<\/tr>\n<tr>\n<td>Bild<\/td>\n<td><a href=\"https:\/\/www.vom-taubertal.de\/blog\/buchvorstellung-kosmos-praxishandbuch-katzenkrankheiten\/\" target=\"_blank\" rel=\"noopener\">Praxishandbuch Katzenkrankheiten &#8211; Kosmos Verlag<\/a><\/td>\n<\/tr>\n<tr>\n<td><img data-recalc-dims=\"1\" loading=\"lazy\" decoding=\"async\" class=\"aligncenter size-full wp-image-21618\" src=\"https:\/\/i0.wp.com\/www.vom-taubertal.de\/blog\/wp-content\/uploads\/2018\/01\/Praxishandbuch-Katzenrecht.jpg?resize=132%2C88&#038;quality=100&#038;ssl=1\" alt=\"\" width=\"132\" height=\"88\"><\/td>\n<td><a href=\"https:\/\/www.vom-taubertal.de\/blog\/zeit-fuer-ein-buch-praxishandbuch-katzenrecht\/\" target=\"_blank\" rel=\"noopener\">Praxishandbuch Katzenrecht&nbsp;<\/a><\/td>\n<\/tr>\n<tr>\n<td>Bild<\/td>\n<td><a href=\"https:\/\/www.vom-taubertal.de\/blog\/buchbeschreibung-unsere-katze-wird-alt-von-heidi-bollich\/\" target=\"_blank\" rel=\"noopener\">Unsere Katze wird alt &#8211; Heidi Bollich<\/a><\/td>\n<\/tr>\n<tr>\n<td><img data-recalc-dims=\"1\" loading=\"lazy\" decoding=\"async\" class=\"aligncenter size-full wp-image-21626\" src=\"https:\/\/i0.wp.com\/www.vom-taubertal.de\/blog\/wp-content\/uploads\/2018\/01\/Unsauberkeit.jpg?resize=132%2C88&#038;quality=100&#038;ssl=1\" alt=\"\" width=\"132\" height=\"88\"><\/td>\n<td>Unsauberkeit bei Katzen<\/td>\n<\/tr>\n<tr>\n<td><img data-recalc-dims=\"1\" loading=\"lazy\" decoding=\"async\" class=\"aligncenter size-full wp-image-21623\" src=\"https:\/\/i0.wp.com\/www.vom-taubertal.de\/blog\/wp-content\/uploads\/2018\/01\/Katzenkauf.jpg?resize=132%2C88&#038;quality=100&#038;ssl=1\" alt=\"\" width=\"132\" height=\"88\"><\/td>\n<td>Ratgeber Katzenkauf &#8211; erscheint demn\u00e4chst<\/td>\n<\/tr>\n<tr>\n<td><img data-recalc-dims=\"1\" loading=\"lazy\" decoding=\"async\" class=\"aligncenter size-full wp-image-21625\" src=\"https:\/\/i0.wp.com\/www.vom-taubertal.de\/blog\/wp-content\/uploads\/2018\/01\/Vier-Pfoten.jpg?resize=132%2C88&#038;quality=100&#038;ssl=1\" alt=\"\" width=\"132\" height=\"88\"><\/td>\n<td><a href=\"https:\/\/www.vom-taubertal.de\/blog\/zeit-fuer-ein-buch-vier-pfoten-fuer-ein-halleluja-die-kunst-eine-richtige-katze-zu-sein\/\" target=\"_blank\" rel=\"noopener\">Vier Pfoten f\u00fcr ein Halleluja &#8211; die Kunst eine richtige Katze zu sein<\/a><\/td>\n<\/tr>\n<\/tbody>\n<\/table>\n<p>&nbsp;<br \/>\n<iframe loading=\"lazy\" style=\"border: none;\" src=\"https:\/\/rcm-eu.amazon-adsystem.com\/e\/cm?o=3&amp;p=26&amp;l=ur1&amp;category=generic&amp;banner=0XJVF0GBG5SH67ZAFDR2&amp;f=ifr&amp;linkID=80f29792978768e4cff90a3e703b2bbc&amp;t=crazcat-21&amp;tracking_id=crazcat-21\" width=\"468\" height=\"60\" frameborder=\"0\" marginwidth=\"0\" scrolling=\"no\"><\/iframe><\/p>\n","protected":false},"excerpt":{"rendered":"<p>Hin- und wieder braucht man auch eine Auszeit. Und gerade an kalten Herbst- und Wintertagen ist es wundersch\u00f6n sich vor<\/p>\n","protected":false},"author":1,"featured_media":21605,"parent":0,"menu_order":0,"comment_status":"closed","ping_status":"closed","template":"","meta":{"colormag_page_container_layout":"default_layout","colormag_page_sidebar_layout":"default_layout","sfsi_plus_gutenberg_text_before_share":"","sfsi_plus_gutenberg_show_text_before_share":"","sfsi_plus_gutenberg_icon_type":"","sfsi_plus_gutenberg_icon_alignemt":"","sfsi_plus_gutenburg_max_per_row":"","ngg_post_thumbnail":0,"footnotes":""},"class_list":["post-21608","page","type-page","status-publish","has-post-thumbnail","hentry"],"yoast_head":"<!-- This site is optimized with the Yoast SEO plugin v27.4 - https:\/\/yoast.com\/product\/yoast-seo-wordpress\/ -->\n<title>B\u00fccher, B\u00fccher .... hier findet ihr alle meine B\u00fccher - Taubertalperser<\/title>\n<meta name=\"description\" content=\"Hier findet ihr das eine oder andere interessante Buch. Naja viel mehr sehr viele interessante B\u00fccher :-) Vielleicht gef\u00e4llt euch ja auch das eine oder andere\" \/>\n<meta name=\"robots\" content=\"index, follow, max-snippet:-1, max-image-preview:large, max-video-preview:-1\" \/>\n<link rel=\"canonical\" href=\"https:\/\/www.vom-taubertal.de\/blog\/buecher-buecher\/\" \/>\n<meta property=\"og:locale\" content=\"de_DE\" \/>\n<meta property=\"og:type\" content=\"article\" \/>\n<meta property=\"og:title\" content=\"B\u00fccher, B\u00fccher .... hier findet ihr alle meine B\u00fccher - Taubertalperser\" \/>\n<meta property=\"og:description\" content=\"Hier findet ihr das eine oder andere interessante Buch. Naja viel mehr sehr viele interessante B\u00fccher :-) Vielleicht gef\u00e4llt euch ja auch das eine oder andere\" \/>\n<meta property=\"og:url\" content=\"https:\/\/www.vom-taubertal.de\/blog\/buecher-buecher\/\" \/>\n<meta property=\"og:site_name\" content=\"Die Taubertalperser\" \/>\n<meta property=\"article:modified_time\" content=\"2024-08-07T11:34:22+00:00\" \/>\n<meta property=\"og:image\" content=\"https:\/\/www.vom-taubertal.de\/blog\/wp-content\/uploads\/2018\/01\/Buecher.jpg\" \/>\n\t<meta property=\"og:image:width\" content=\"595\" \/>\n\t<meta property=\"og:image:height\" content=\"174\" \/>\n\t<meta property=\"og:image:type\" content=\"image\/jpeg\" \/>\n<meta name=\"twitter:label1\" content=\"Gesch\u00e4tzte Lesezeit\" \/>\n\t<meta name=\"twitter:data1\" content=\"4\u00a0Minuten\" \/>\n<script type=\"application\/ld+json\" class=\"yoast-schema-graph\">{\"@context\":\"https:\\\/\\\/schema.org\",\"@graph\":[{\"@type\":\"WebPage\",\"@id\":\"https:\\\/\\\/www.vom-taubertal.de\\\/blog\\\/buecher-buecher\\\/\",\"url\":\"https:\\\/\\\/www.vom-taubertal.de\\\/blog\\\/buecher-buecher\\\/\",\"name\":\"B\u00fccher, B\u00fccher .... hier findet ihr alle meine B\u00fccher - Taubertalperser\",\"isPartOf\":{\"@id\":\"https:\\\/\\\/www.vom-taubertal.de\\\/blog\\\/#website\"},\"primaryImageOfPage\":{\"@id\":\"https:\\\/\\\/www.vom-taubertal.de\\\/blog\\\/buecher-buecher\\\/#primaryimage\"},\"image\":{\"@id\":\"https:\\\/\\\/www.vom-taubertal.de\\\/blog\\\/buecher-buecher\\\/#primaryimage\"},\"thumbnailUrl\":\"https:\\\/\\\/i0.wp.com\\\/www.vom-taubertal.de\\\/blog\\\/wp-content\\\/uploads\\\/2018\\\/01\\\/Buecher.jpg?fit=595%2C174&quality=100&ssl=1\",\"datePublished\":\"2018-01-08T19:30:37+00:00\",\"dateModified\":\"2024-08-07T11:34:22+00:00\",\"description\":\"Hier findet ihr das eine oder andere interessante Buch. Naja viel mehr sehr viele interessante B\u00fccher :-) Vielleicht gef\u00e4llt euch ja auch das eine oder andere\",\"breadcrumb\":{\"@id\":\"https:\\\/\\\/www.vom-taubertal.de\\\/blog\\\/buecher-buecher\\\/#breadcrumb\"},\"inLanguage\":\"de\",\"potentialAction\":[{\"@type\":\"ReadAction\",\"target\":[\"https:\\\/\\\/www.vom-taubertal.de\\\/blog\\\/buecher-buecher\\\/\"]}]},{\"@type\":\"ImageObject\",\"inLanguage\":\"de\",\"@id\":\"https:\\\/\\\/www.vom-taubertal.de\\\/blog\\\/buecher-buecher\\\/#primaryimage\",\"url\":\"https:\\\/\\\/i0.wp.com\\\/www.vom-taubertal.de\\\/blog\\\/wp-content\\\/uploads\\\/2018\\\/01\\\/Buecher.jpg?fit=595%2C174&quality=100&ssl=1\",\"contentUrl\":\"https:\\\/\\\/i0.wp.com\\\/www.vom-taubertal.de\\\/blog\\\/wp-content\\\/uploads\\\/2018\\\/01\\\/Buecher.jpg?fit=595%2C174&quality=100&ssl=1\",\"width\":595,\"height\":174},{\"@type\":\"BreadcrumbList\",\"@id\":\"https:\\\/\\\/www.vom-taubertal.de\\\/blog\\\/buecher-buecher\\\/#breadcrumb\",\"itemListElement\":[{\"@type\":\"ListItem\",\"position\":1,\"name\":\"Home\",\"item\":\"https:\\\/\\\/www.vom-taubertal.de\\\/blog\\\/\"},{\"@type\":\"ListItem\",\"position\":2,\"name\":\"B\u00fccher, B\u00fccher, &#8230;.\"}]},{\"@type\":\"WebSite\",\"@id\":\"https:\\\/\\\/www.vom-taubertal.de\\\/blog\\\/#website\",\"url\":\"https:\\\/\\\/www.vom-taubertal.de\\\/blog\\\/\",\"name\":\"Die Taubertalperser\",\"description\":\"Alles \u00fcber und f\u00fcr Katzen \",\"publisher\":{\"@id\":\"https:\\\/\\\/www.vom-taubertal.de\\\/blog\\\/#\\\/schema\\\/person\\\/368654e092f5785df440fe834ecc3049\"},\"potentialAction\":[{\"@type\":\"SearchAction\",\"target\":{\"@type\":\"EntryPoint\",\"urlTemplate\":\"https:\\\/\\\/www.vom-taubertal.de\\\/blog\\\/?s={search_term_string}\"},\"query-input\":{\"@type\":\"PropertyValueSpecification\",\"valueRequired\":true,\"valueName\":\"search_term_string\"}}],\"inLanguage\":\"de\"},{\"@type\":[\"Person\",\"Organization\"],\"@id\":\"https:\\\/\\\/www.vom-taubertal.de\\\/blog\\\/#\\\/schema\\\/person\\\/368654e092f5785df440fe834ecc3049\",\"name\":\"afrank\",\"image\":{\"@type\":\"ImageObject\",\"inLanguage\":\"de\",\"@id\":\"https:\\\/\\\/www.vom-taubertal.de\\\/blog\\\/wp-content\\\/uploads\\\/2019\\\/03\\\/Andrea_Dividi_02.jpg\",\"url\":\"https:\\\/\\\/www.vom-taubertal.de\\\/blog\\\/wp-content\\\/uploads\\\/2019\\\/03\\\/Andrea_Dividi_02.jpg\",\"contentUrl\":\"https:\\\/\\\/www.vom-taubertal.de\\\/blog\\\/wp-content\\\/uploads\\\/2019\\\/03\\\/Andrea_Dividi_02.jpg\",\"width\":653,\"height\":800,\"caption\":\"afrank\"},\"logo\":{\"@id\":\"https:\\\/\\\/www.vom-taubertal.de\\\/blog\\\/wp-content\\\/uploads\\\/2019\\\/03\\\/Andrea_Dividi_02.jpg\"}}]}<\/script>\n<!-- \/ Yoast SEO plugin. -->","yoast_head_json":{"title":"B\u00fccher, B\u00fccher .... hier findet ihr alle meine B\u00fccher - Taubertalperser","description":"Hier findet ihr das eine oder andere interessante Buch. Naja viel mehr sehr viele interessante B\u00fccher :-) Vielleicht gef\u00e4llt euch ja auch das eine oder andere","robots":{"index":"index","follow":"follow","max-snippet":"max-snippet:-1","max-image-preview":"max-image-preview:large","max-video-preview":"max-video-preview:-1"},"canonical":"https:\/\/www.vom-taubertal.de\/blog\/buecher-buecher\/","og_locale":"de_DE","og_type":"article","og_title":"B\u00fccher, B\u00fccher .... hier findet ihr alle meine B\u00fccher - Taubertalperser","og_description":"Hier findet ihr das eine oder andere interessante Buch. Naja viel mehr sehr viele interessante B\u00fccher :-) Vielleicht gef\u00e4llt euch ja auch das eine oder andere","og_url":"https:\/\/www.vom-taubertal.de\/blog\/buecher-buecher\/","og_site_name":"Die Taubertalperser","article_modified_time":"2024-08-07T11:34:22+00:00","og_image":[{"width":595,"height":174,"url":"https:\/\/www.vom-taubertal.de\/blog\/wp-content\/uploads\/2018\/01\/Buecher.jpg","type":"image\/jpeg"}],"twitter_misc":{"Gesch\u00e4tzte Lesezeit":"4\u00a0Minuten"},"schema":{"@context":"https:\/\/schema.org","@graph":[{"@type":"WebPage","@id":"https:\/\/www.vom-taubertal.de\/blog\/buecher-buecher\/","url":"https:\/\/www.vom-taubertal.de\/blog\/buecher-buecher\/","name":"B\u00fccher, B\u00fccher .... hier findet ihr alle meine B\u00fccher - Taubertalperser","isPartOf":{"@id":"https:\/\/www.vom-taubertal.de\/blog\/#website"},"primaryImageOfPage":{"@id":"https:\/\/www.vom-taubertal.de\/blog\/buecher-buecher\/#primaryimage"},"image":{"@id":"https:\/\/www.vom-taubertal.de\/blog\/buecher-buecher\/#primaryimage"},"thumbnailUrl":"https:\/\/i0.wp.com\/www.vom-taubertal.de\/blog\/wp-content\/uploads\/2018\/01\/Buecher.jpg?fit=595%2C174&quality=100&ssl=1","datePublished":"2018-01-08T19:30:37+00:00","dateModified":"2024-08-07T11:34:22+00:00","description":"Hier findet ihr das eine oder andere interessante Buch. Naja viel mehr sehr viele interessante B\u00fccher :-) Vielleicht gef\u00e4llt euch ja auch das eine oder andere","breadcrumb":{"@id":"https:\/\/www.vom-taubertal.de\/blog\/buecher-buecher\/#breadcrumb"},"inLanguage":"de","potentialAction":[{"@type":"ReadAction","target":["https:\/\/www.vom-taubertal.de\/blog\/buecher-buecher\/"]}]},{"@type":"ImageObject","inLanguage":"de","@id":"https:\/\/www.vom-taubertal.de\/blog\/buecher-buecher\/#primaryimage","url":"https:\/\/i0.wp.com\/www.vom-taubertal.de\/blog\/wp-content\/uploads\/2018\/01\/Buecher.jpg?fit=595%2C174&quality=100&ssl=1","contentUrl":"https:\/\/i0.wp.com\/www.vom-taubertal.de\/blog\/wp-content\/uploads\/2018\/01\/Buecher.jpg?fit=595%2C174&quality=100&ssl=1","width":595,"height":174},{"@type":"BreadcrumbList","@id":"https:\/\/www.vom-taubertal.de\/blog\/buecher-buecher\/#breadcrumb","itemListElement":[{"@type":"ListItem","position":1,"name":"Home","item":"https:\/\/www.vom-taubertal.de\/blog\/"},{"@type":"ListItem","position":2,"name":"B\u00fccher, B\u00fccher, &#8230;."}]},{"@type":"WebSite","@id":"https:\/\/www.vom-taubertal.de\/blog\/#website","url":"https:\/\/www.vom-taubertal.de\/blog\/","name":"Die Taubertalperser","description":"Alles \u00fcber und f\u00fcr Katzen ","publisher":{"@id":"https:\/\/www.vom-taubertal.de\/blog\/#\/schema\/person\/368654e092f5785df440fe834ecc3049"},"potentialAction":[{"@type":"SearchAction","target":{"@type":"EntryPoint","urlTemplate":"https:\/\/www.vom-taubertal.de\/blog\/?s={search_term_string}"},"query-input":{"@type":"PropertyValueSpecification","valueRequired":true,"valueName":"search_term_string"}}],"inLanguage":"de"},{"@type":["Person","Organization"],"@id":"https:\/\/www.vom-taubertal.de\/blog\/#\/schema\/person\/368654e092f5785df440fe834ecc3049","name":"afrank","image":{"@type":"ImageObject","inLanguage":"de","@id":"https:\/\/www.vom-taubertal.de\/blog\/wp-content\/uploads\/2019\/03\/Andrea_Dividi_02.jpg","url":"https:\/\/www.vom-taubertal.de\/blog\/wp-content\/uploads\/2019\/03\/Andrea_Dividi_02.jpg","contentUrl":"https:\/\/www.vom-taubertal.de\/blog\/wp-content\/uploads\/2019\/03\/Andrea_Dividi_02.jpg","width":653,"height":800,"caption":"afrank"},"logo":{"@id":"https:\/\/www.vom-taubertal.de\/blog\/wp-content\/uploads\/2019\/03\/Andrea_Dividi_02.jpg"}}]}},"jetpack_sharing_enabled":true,"_links":{"self":[{"href":"https:\/\/www.vom-taubertal.de\/blog\/wp-json\/wp\/v2\/pages\/21608","targetHints":{"allow":["GET"]}}],"collection":[{"href":"https:\/\/www.vom-taubertal.de\/blog\/wp-json\/wp\/v2\/pages"}],"about":[{"href":"https:\/\/www.vom-taubertal.de\/blog\/wp-json\/wp\/v2\/types\/page"}],"author":[{"embeddable":true,"href":"https:\/\/www.vom-taubertal.de\/blog\/wp-json\/wp\/v2\/users\/1"}],"replies":[{"embeddable":true,"href":"https:\/\/www.vom-taubertal.de\/blog\/wp-json\/wp\/v2\/comments?post=21608"}],"version-history":[{"count":11,"href":"https:\/\/www.vom-taubertal.de\/blog\/wp-json\/wp\/v2\/pages\/21608\/revisions"}],"predecessor-version":[{"id":39028,"href":"https:\/\/www.vom-taubertal.de\/blog\/wp-json\/wp\/v2\/pages\/21608\/revisions\/39028"}],"wp:featuredmedia":[{"embeddable":true,"href":"https:\/\/www.vom-taubertal.de\/blog\/wp-json\/wp\/v2\/media\/21605"}],"wp:attachment":[{"href":"https:\/\/www.vom-taubertal.de\/blog\/wp-json\/wp\/v2\/media?parent=21608"}],"curies":[{"name":"wp","href":"https:\/\/api.w.org\/{rel}","templated":true}]}}