{"id":23557,"date":"2018-07-22T12:39:49","date_gmt":"2018-07-22T10:39:49","guid":{"rendered":"https:\/\/www.vom-taubertal.de\/blog\/?page_id=23557"},"modified":"2024-01-10T08:46:45","modified_gmt":"2024-01-10T06:46:45","slug":"partner-links-was-ist-das","status":"publish","type":"page","link":"https:\/\/www.vom-taubertal.de\/blog\/partner-links-was-ist-das\/","title":{"rendered":"Transparenz und Fairness bei den Taubertalperser"},"content":{"rendered":"<p><strong>Die Taubertalperser<\/strong> sind ein<strong>&nbsp;<\/strong>authentischer, unabh\u00e4ngiger und nicht kommerzieller Blog mit vielen Informationen zur Katzenhaltung, Produkttests, Futtertests und vielen mehr.<br \/>\nTeils auch mit spannenden Beitr\u00e4gen gespickt mit viel Humor und Herz.<\/p>\n<p>Da ich die wenigsten Sachen von den Herstellern gestellt bekomme sondern sie meist selber kaufe, habe ich nat\u00fcrlich entsprechende Kosten. Auch Versandkosten von Gewinnspielen oder die Gewinne teileweise selbst werden von mir aus meiner privaten Tasche finanziert.<\/p>\n<p>Aber auch die Fahrtkosten zu dem einen oder anderen Event inkl. \u00dcbernachtungskosten sind nicht zu vernachl\u00e4ssigen. Ich lege im Jahr weit mehr als 1.000 Kilometer zur\u00fcck um dann dar\u00fcber zu berichten.<\/p>\n<p>Aus diesen Grund findet ihr auf meinem Blog hin- und wieder bezahlte Kooperationen, Partnerlinks und \u00e4hnliches. Einfach um meine Unkosten ein klein wenig niedriger zu halten als sie sind.<\/p>\n<p>Aber auch bei bezahlten Kooperationen hei\u00dft es nicht, dass ich eine Meinung nach dem Geschmack des Auftraggebers ver\u00f6ffentliche, sondern man wird immer meine eigene unverf\u00e4lschte Meinung lesen.<br \/>\nSollte ein Auftraggeber auf eine positive Bewertung bestehen, obwohl ich einen negativen Eindruck habe werde ich von einer entsprechenden Ver\u00f6ffentlichung Abstand nehmen.<\/p>\n<p>Ich werde f\u00fcr die Fotos, die Beitragsidee und alles drumherum bezahlt aber <strong>NICHT<\/strong> f\u00fcr meine Meinung!<\/p>\n<div id=\"ez-toc-container\" class=\"ez-toc-v2_0_82_2 counter-hierarchy ez-toc-counter ez-toc-grey ez-toc-container-direction\">\n<div class=\"ez-toc-title-container\">\n<p class=\"ez-toc-title\" style=\"cursor:inherit\">Inhaltsverzeichnis<\/p>\n<span class=\"ez-toc-title-toggle\"><a href=\"#\" class=\"ez-toc-pull-right ez-toc-btn ez-toc-btn-xs ez-toc-btn-default ez-toc-toggle\" aria-label=\"Toggle Table of Content\"><span class=\"ez-toc-js-icon-con\"><span class=\"\"><span class=\"eztoc-hide\" style=\"display:none;\">Toggle<\/span><span class=\"ez-toc-icon-toggle-span\"><svg style=\"fill: #999;color:#999\" xmlns=\"http:\/\/www.w3.org\/2000\/svg\" class=\"list-377408\" width=\"20px\" height=\"20px\" viewBox=\"0 0 24 24\" fill=\"none\"><path d=\"M6 6H4v2h2V6zm14 0H8v2h12V6zM4 11h2v2H4v-2zm16 0H8v2h12v-2zM4 16h2v2H4v-2zm16 0H8v2h12v-2z\" fill=\"currentColor\"><\/path><\/svg><svg style=\"fill: #999;color:#999\" class=\"arrow-unsorted-368013\" xmlns=\"http:\/\/www.w3.org\/2000\/svg\" width=\"10px\" height=\"10px\" viewBox=\"0 0 24 24\" version=\"1.2\" baseProfile=\"tiny\"><path d=\"M18.2 9.3l-6.2-6.3-6.2 6.3c-.2.2-.3.4-.3.7s.1.5.3.7c.2.2.4.3.7.3h11c.3 0 .5-.1.7-.3.2-.2.3-.5.3-.7s-.1-.5-.3-.7zM5.8 14.7l6.2 6.3 6.2-6.3c.2-.2.3-.5.3-.7s-.1-.5-.3-.7c-.2-.2-.4-.3-.7-.3h-11c-.3 0-.5.1-.7.3-.2.2-.3.5-.3.7s.1.5.3.7z\"\/><\/svg><\/span><\/span><\/span><\/a><\/span><\/div>\n<nav><ul class='ez-toc-list ez-toc-list-level-1 ' ><li class='ez-toc-page-1 ez-toc-heading-level-3'><a class=\"ez-toc-link ez-toc-heading-1\" href=\"https:\/\/www.vom-taubertal.de\/blog\/partner-links-was-ist-das\/#Kennzeichnung\" >Kennzeichnung<\/a><\/li><li class='ez-toc-page-1 ez-toc-heading-level-3'><a class=\"ez-toc-link ez-toc-heading-2\" href=\"https:\/\/www.vom-taubertal.de\/blog\/partner-links-was-ist-das\/#Bezahlte_Kooperation\" >Bezahlte Kooperation<\/a><\/li><li class='ez-toc-page-1 ez-toc-heading-level-3'><a class=\"ez-toc-link ez-toc-heading-3\" href=\"https:\/\/www.vom-taubertal.de\/blog\/partner-links-was-ist-das\/#Kostenfreies_Produkt\" >Kostenfreies Produkt<\/a><\/li><li class='ez-toc-page-1 ez-toc-heading-level-3'><a class=\"ez-toc-link ez-toc-heading-4\" href=\"https:\/\/www.vom-taubertal.de\/blog\/partner-links-was-ist-das\/#Unterstuetzung_durch_Partnerlinks\" >Unterst\u00fctzung durch Partnerlinks<\/a><\/li><li class='ez-toc-page-1 ez-toc-heading-level-3'><a class=\"ez-toc-link ez-toc-heading-5\" href=\"https:\/\/www.vom-taubertal.de\/blog\/partner-links-was-ist-das\/#Aber_was_bedeutet_dies_nun_fuer_euch\" >Aber was bedeutet dies nun f\u00fcr euch?<\/a><\/li><\/ul><\/nav><\/div>\n<h3><span class=\"ez-toc-section\" id=\"Kennzeichnung\"><\/span>Kennzeichnung<span class=\"ez-toc-section-end\"><\/span><\/h3>\n<p><strong>In Deutschland ist die Kennzeichnung von Werbung Pflicht!<\/strong><\/p>\n<p>Nicht korrekt gekennzeichnete Werbung gilt als Schleichwerbung und ist verboten. Punkt. Da bei\u00dft die Maus keinen Faden ab und hat gekennzeichnet zu werden.<\/p>\n<p>Es bleibt dann einen jeden selbst \u00fcberlassen ob er daraus einen Nutzen zieht oder das lieber wieder aus seinem Kopf l\u00f6scht.<br \/>\nAber es muss gekennzeichnet werden!<\/p>\n<p>Deshalb, aber auch damit dieser Blog transparent f\u00fcr Euch ist, werden s\u00e4mtliche Kooperationen gekennzeichnet.<\/p>\n<p>Um eine transparente und rechtskonforme Kennzeichnung zu gew\u00e4hrleisten, gibt es unterschiedliche Arten.<\/p>\n<p>Hier bei den Taubertalpersern werdet ihr aber nur drei davon finden<\/p>\n<h3><span class=\"ez-toc-section\" id=\"Bezahlte_Kooperation\"><\/span>Bezahlte Kooperation<span class=\"ez-toc-section-end\"><\/span><\/h3>\n<p>Hier sind Beitr\u00e4ge in Kooperation mit Firmen oder Agenturen. Entweder hat man mir das Produkt zur Verf\u00fcgung gestellt plus einen kleinen finanziellen Beitrag oder man hat mir nur einen finanziellen Beitrag gezahlt.<\/p>\n<p>(F\u00fcr die M\u00f6chtegern-Blogger, die meinen damit reich zu werden \u2013 diese Betr\u00e4ge haben gef\u00e4lligst versteuert zu werden und zuvor erfolgt auch eine entsprechende Rechnungslegung \u2013 also nix mit \u201eIch wird mal rasch reich).<\/p>\n<h3><span class=\"ez-toc-section\" id=\"Kostenfreies_Produkt\"><\/span>Kostenfreies Produkt<span class=\"ez-toc-section-end\"><\/span><\/h3>\n<p>Sind mir von Firmen, Agenturen kostenfreie Produkte zur Verf\u00fcgung gestellt worden, so findet Ihr diesen Hinweis am Anfang des Artikels.<\/p>\n<h3><span class=\"ez-toc-section\" id=\"Unterstuetzung_durch_Partnerlinks\"><\/span>Unterst\u00fctzung durch Partnerlinks<span class=\"ez-toc-section-end\"><\/span><\/h3>\n<p>Wahrscheinlich habt Ihr hier und da mal einen Link mit einem * (Sternchen) auf meiner Seite gesehen und weiter unten auf der Seite stand dann *Ich verwende Partnerlinks und Ihr habt Euch dann gefragt was das ist.<\/p>\n<p>Nun in erster Linie ist dies nichts B\u00f6ses obwohl bei vielen Vertr\u00e4gen wo solche Sternchen vorhanden sind man vielleicht ein wenig genauer gucken sollte.<\/p>\n<p>Aber hier in diesem Fall besagt es nicht mehr oder weniger, dass ich f\u00fcr meine Seite Partnerlinks einsetze und ich eine kleine Provision erhalte f\u00fcr die \u00fcber diesen Link get\u00e4tigten K\u00e4ufe <strong>ohne Mehrkosten<\/strong> f\u00fcr euch.<\/p>\n<h3><span class=\"ez-toc-section\" id=\"Aber_was_bedeutet_dies_nun_fuer_euch\"><\/span>Aber was bedeutet dies nun f\u00fcr euch?<span class=\"ez-toc-section-end\"><\/span><\/h3>\n<p>Eigentlich nichts anders als Transparenz, wenn ihr auf einen meiner Links klickt erhalte ich eine geringe Provision f\u00fcr get\u00e4tigte K\u00e4ufe. Sei es nun bei Zooplus, Amazon oder \u00e4hnlichen.<br \/>\nDa diese Provisionen echt super gering sind \u2013 rechnet mal 3% von sagen wir mal 15 Euro aus, dann k\u00f6nnt ihr euch schon vorstellen, dass man da nicht wirklich reich wird.<\/p>\n<p>Hab ich aber auch gar nicht vor aber ich freu mich nat\u00fcrlich wie Bolle wenn da ein h\u00fcbsches S\u00fcmmchen zusammenkommt und ich f\u00fcr meine Katzen wieder was Neues kaufen kann um es zu testen.<\/p>\n<p>Ja ich bin da ein wenig bekloppt &#x1f60a;<\/p>\n<p>Also wenn ihr so einen Link seht mit * d\u00fcrft ihr gerne dar\u00fcber einkaufen, m\u00fcsst es aber nicht.<br \/>\nNur freuen w\u00fcrde ich mich nat\u00fcrlich schon &#x1f60a;<\/p>\n<p><script type=\"text\/javascript\">\n    google_ad_client = \"ca-pub-3363977028533397\";\n    google_ad_slot = \"3730385664\";\n    google_ad_width = 728;\n    google_ad_height = 90;\n<\/script><br \/>\n<!-- Taubertal2 --><br \/>\n<script type=\"text\/javascript\" src=\"\/\/pagead2.googlesyndication.com\/pagead\/show_ads.js\">\n<\/script>&nbsp;<\/p>\n","protected":false},"excerpt":{"rendered":"<p>Die Taubertalperser sind ein&nbsp;authentischer, unabh\u00e4ngiger und nicht kommerzieller Blog mit vielen Informationen zur Katzenhaltung, Produkttests, Futtertests und vielen mehr. Teils<\/p>\n","protected":false},"author":1,"featured_media":35582,"parent":0,"menu_order":0,"comment_status":"closed","ping_status":"closed","template":"","meta":{"colormag_page_container_layout":"default_layout","colormag_page_sidebar_layout":"default_layout","sfsi_plus_gutenberg_text_before_share":"","sfsi_plus_gutenberg_show_text_before_share":"","sfsi_plus_gutenberg_icon_type":"","sfsi_plus_gutenberg_icon_alignemt":"","sfsi_plus_gutenburg_max_per_row":"","ngg_post_thumbnail":0,"footnotes":""},"class_list":["post-23557","page","type-page","status-publish","has-post-thumbnail","hentry"],"yoast_head":"<!-- This site is optimized with the Yoast SEO plugin v27.5 - https:\/\/yoast.com\/product\/yoast-seo-wordpress\/ -->\n<title>Partner-Links was ist das? - Taubertalperser<\/title>\n<meta name=\"description\" content=\"Hier erkl\u00e4re ich euch was es mit den * auf sich hat und was Partner-Links sind.\" \/>\n<meta name=\"robots\" content=\"index, follow, max-snippet:-1, max-image-preview:large, max-video-preview:-1\" \/>\n<link rel=\"canonical\" href=\"https:\/\/www.vom-taubertal.de\/blog\/partner-links-was-ist-das\/\" \/>\n<meta property=\"og:locale\" content=\"de_DE\" \/>\n<meta property=\"og:type\" content=\"article\" \/>\n<meta property=\"og:title\" content=\"Partner-Links was ist das? - Taubertalperser\" \/>\n<meta property=\"og:description\" content=\"Hier erkl\u00e4re ich euch was es mit den * auf sich hat und was Partner-Links sind.\" \/>\n<meta property=\"og:url\" content=\"https:\/\/www.vom-taubertal.de\/blog\/partner-links-was-ist-das\/\" \/>\n<meta property=\"og:site_name\" content=\"Die Taubertalperser\" \/>\n<meta property=\"article:modified_time\" content=\"2024-01-10T06:46:45+00:00\" \/>\n<meta property=\"og:image\" content=\"https:\/\/www.vom-taubertal.de\/blog\/wp-content\/uploads\/2024\/01\/Partnerlinks_01.jpg\" \/>\n\t<meta property=\"og:image:width\" content=\"800\" \/>\n\t<meta property=\"og:image:height\" content=\"533\" \/>\n\t<meta property=\"og:image:type\" content=\"image\/jpeg\" \/>\n<meta name=\"twitter:label1\" content=\"Gesch\u00e4tzte Lesezeit\" \/>\n\t<meta name=\"twitter:data1\" content=\"4\u00a0Minuten\" \/>\n<script type=\"application\/ld+json\" class=\"yoast-schema-graph\">{\"@context\":\"https:\\\/\\\/schema.org\",\"@graph\":[{\"@type\":\"WebPage\",\"@id\":\"https:\\\/\\\/www.vom-taubertal.de\\\/blog\\\/partner-links-was-ist-das\\\/\",\"url\":\"https:\\\/\\\/www.vom-taubertal.de\\\/blog\\\/partner-links-was-ist-das\\\/\",\"name\":\"Partner-Links was ist das? - Taubertalperser\",\"isPartOf\":{\"@id\":\"https:\\\/\\\/www.vom-taubertal.de\\\/blog\\\/#website\"},\"primaryImageOfPage\":{\"@id\":\"https:\\\/\\\/www.vom-taubertal.de\\\/blog\\\/partner-links-was-ist-das\\\/#primaryimage\"},\"image\":{\"@id\":\"https:\\\/\\\/www.vom-taubertal.de\\\/blog\\\/partner-links-was-ist-das\\\/#primaryimage\"},\"thumbnailUrl\":\"https:\\\/\\\/i0.wp.com\\\/www.vom-taubertal.de\\\/blog\\\/wp-content\\\/uploads\\\/2024\\\/01\\\/Partnerlinks_01.jpg?fit=800%2C533&quality=100&ssl=1\",\"datePublished\":\"2018-07-22T10:39:49+00:00\",\"dateModified\":\"2024-01-10T06:46:45+00:00\",\"description\":\"Hier erkl\u00e4re ich euch was es mit den * auf sich hat und was Partner-Links sind.\",\"breadcrumb\":{\"@id\":\"https:\\\/\\\/www.vom-taubertal.de\\\/blog\\\/partner-links-was-ist-das\\\/#breadcrumb\"},\"inLanguage\":\"de\",\"potentialAction\":[{\"@type\":\"ReadAction\",\"target\":[\"https:\\\/\\\/www.vom-taubertal.de\\\/blog\\\/partner-links-was-ist-das\\\/\"]}]},{\"@type\":\"ImageObject\",\"inLanguage\":\"de\",\"@id\":\"https:\\\/\\\/www.vom-taubertal.de\\\/blog\\\/partner-links-was-ist-das\\\/#primaryimage\",\"url\":\"https:\\\/\\\/i0.wp.com\\\/www.vom-taubertal.de\\\/blog\\\/wp-content\\\/uploads\\\/2024\\\/01\\\/Partnerlinks_01.jpg?fit=800%2C533&quality=100&ssl=1\",\"contentUrl\":\"https:\\\/\\\/i0.wp.com\\\/www.vom-taubertal.de\\\/blog\\\/wp-content\\\/uploads\\\/2024\\\/01\\\/Partnerlinks_01.jpg?fit=800%2C533&quality=100&ssl=1\",\"width\":800,\"height\":533,\"caption\":\"Partnerlinks\"},{\"@type\":\"BreadcrumbList\",\"@id\":\"https:\\\/\\\/www.vom-taubertal.de\\\/blog\\\/partner-links-was-ist-das\\\/#breadcrumb\",\"itemListElement\":[{\"@type\":\"ListItem\",\"position\":1,\"name\":\"Home\",\"item\":\"https:\\\/\\\/www.vom-taubertal.de\\\/blog\\\/\"},{\"@type\":\"ListItem\",\"position\":2,\"name\":\"Transparenz und Fairness bei den Taubertalperser\"}]},{\"@type\":\"WebSite\",\"@id\":\"https:\\\/\\\/www.vom-taubertal.de\\\/blog\\\/#website\",\"url\":\"https:\\\/\\\/www.vom-taubertal.de\\\/blog\\\/\",\"name\":\"Die Taubertalperser\",\"description\":\"Alles \u00fcber und f\u00fcr Katzen \",\"publisher\":{\"@id\":\"https:\\\/\\\/www.vom-taubertal.de\\\/blog\\\/#\\\/schema\\\/person\\\/368654e092f5785df440fe834ecc3049\"},\"potentialAction\":[{\"@type\":\"SearchAction\",\"target\":{\"@type\":\"EntryPoint\",\"urlTemplate\":\"https:\\\/\\\/www.vom-taubertal.de\\\/blog\\\/?s={search_term_string}\"},\"query-input\":{\"@type\":\"PropertyValueSpecification\",\"valueRequired\":true,\"valueName\":\"search_term_string\"}}],\"inLanguage\":\"de\"},{\"@type\":[\"Person\",\"Organization\"],\"@id\":\"https:\\\/\\\/www.vom-taubertal.de\\\/blog\\\/#\\\/schema\\\/person\\\/368654e092f5785df440fe834ecc3049\",\"name\":\"afrank\",\"image\":{\"@type\":\"ImageObject\",\"inLanguage\":\"de\",\"@id\":\"https:\\\/\\\/www.vom-taubertal.de\\\/blog\\\/wp-content\\\/uploads\\\/2019\\\/03\\\/Andrea_Dividi_02.jpg\",\"url\":\"https:\\\/\\\/www.vom-taubertal.de\\\/blog\\\/wp-content\\\/uploads\\\/2019\\\/03\\\/Andrea_Dividi_02.jpg\",\"contentUrl\":\"https:\\\/\\\/www.vom-taubertal.de\\\/blog\\\/wp-content\\\/uploads\\\/2019\\\/03\\\/Andrea_Dividi_02.jpg\",\"width\":653,\"height\":800,\"caption\":\"afrank\"},\"logo\":{\"@id\":\"https:\\\/\\\/www.vom-taubertal.de\\\/blog\\\/wp-content\\\/uploads\\\/2019\\\/03\\\/Andrea_Dividi_02.jpg\"}}]}<\/script>\n<!-- \/ Yoast SEO plugin. -->","yoast_head_json":{"title":"Partner-Links was ist das? - Taubertalperser","description":"Hier erkl\u00e4re ich euch was es mit den * auf sich hat und was Partner-Links sind.","robots":{"index":"index","follow":"follow","max-snippet":"max-snippet:-1","max-image-preview":"max-image-preview:large","max-video-preview":"max-video-preview:-1"},"canonical":"https:\/\/www.vom-taubertal.de\/blog\/partner-links-was-ist-das\/","og_locale":"de_DE","og_type":"article","og_title":"Partner-Links was ist das? - Taubertalperser","og_description":"Hier erkl\u00e4re ich euch was es mit den * auf sich hat und was Partner-Links sind.","og_url":"https:\/\/www.vom-taubertal.de\/blog\/partner-links-was-ist-das\/","og_site_name":"Die Taubertalperser","article_modified_time":"2024-01-10T06:46:45+00:00","og_image":[{"width":800,"height":533,"url":"https:\/\/www.vom-taubertal.de\/blog\/wp-content\/uploads\/2024\/01\/Partnerlinks_01.jpg","type":"image\/jpeg"}],"twitter_misc":{"Gesch\u00e4tzte Lesezeit":"4\u00a0Minuten"},"schema":{"@context":"https:\/\/schema.org","@graph":[{"@type":"WebPage","@id":"https:\/\/www.vom-taubertal.de\/blog\/partner-links-was-ist-das\/","url":"https:\/\/www.vom-taubertal.de\/blog\/partner-links-was-ist-das\/","name":"Partner-Links was ist das? - Taubertalperser","isPartOf":{"@id":"https:\/\/www.vom-taubertal.de\/blog\/#website"},"primaryImageOfPage":{"@id":"https:\/\/www.vom-taubertal.de\/blog\/partner-links-was-ist-das\/#primaryimage"},"image":{"@id":"https:\/\/www.vom-taubertal.de\/blog\/partner-links-was-ist-das\/#primaryimage"},"thumbnailUrl":"https:\/\/i0.wp.com\/www.vom-taubertal.de\/blog\/wp-content\/uploads\/2024\/01\/Partnerlinks_01.jpg?fit=800%2C533&quality=100&ssl=1","datePublished":"2018-07-22T10:39:49+00:00","dateModified":"2024-01-10T06:46:45+00:00","description":"Hier erkl\u00e4re ich euch was es mit den * auf sich hat und was Partner-Links sind.","breadcrumb":{"@id":"https:\/\/www.vom-taubertal.de\/blog\/partner-links-was-ist-das\/#breadcrumb"},"inLanguage":"de","potentialAction":[{"@type":"ReadAction","target":["https:\/\/www.vom-taubertal.de\/blog\/partner-links-was-ist-das\/"]}]},{"@type":"ImageObject","inLanguage":"de","@id":"https:\/\/www.vom-taubertal.de\/blog\/partner-links-was-ist-das\/#primaryimage","url":"https:\/\/i0.wp.com\/www.vom-taubertal.de\/blog\/wp-content\/uploads\/2024\/01\/Partnerlinks_01.jpg?fit=800%2C533&quality=100&ssl=1","contentUrl":"https:\/\/i0.wp.com\/www.vom-taubertal.de\/blog\/wp-content\/uploads\/2024\/01\/Partnerlinks_01.jpg?fit=800%2C533&quality=100&ssl=1","width":800,"height":533,"caption":"Partnerlinks"},{"@type":"BreadcrumbList","@id":"https:\/\/www.vom-taubertal.de\/blog\/partner-links-was-ist-das\/#breadcrumb","itemListElement":[{"@type":"ListItem","position":1,"name":"Home","item":"https:\/\/www.vom-taubertal.de\/blog\/"},{"@type":"ListItem","position":2,"name":"Transparenz und Fairness bei den Taubertalperser"}]},{"@type":"WebSite","@id":"https:\/\/www.vom-taubertal.de\/blog\/#website","url":"https:\/\/www.vom-taubertal.de\/blog\/","name":"Die Taubertalperser","description":"Alles \u00fcber und f\u00fcr Katzen ","publisher":{"@id":"https:\/\/www.vom-taubertal.de\/blog\/#\/schema\/person\/368654e092f5785df440fe834ecc3049"},"potentialAction":[{"@type":"SearchAction","target":{"@type":"EntryPoint","urlTemplate":"https:\/\/www.vom-taubertal.de\/blog\/?s={search_term_string}"},"query-input":{"@type":"PropertyValueSpecification","valueRequired":true,"valueName":"search_term_string"}}],"inLanguage":"de"},{"@type":["Person","Organization"],"@id":"https:\/\/www.vom-taubertal.de\/blog\/#\/schema\/person\/368654e092f5785df440fe834ecc3049","name":"afrank","image":{"@type":"ImageObject","inLanguage":"de","@id":"https:\/\/www.vom-taubertal.de\/blog\/wp-content\/uploads\/2019\/03\/Andrea_Dividi_02.jpg","url":"https:\/\/www.vom-taubertal.de\/blog\/wp-content\/uploads\/2019\/03\/Andrea_Dividi_02.jpg","contentUrl":"https:\/\/www.vom-taubertal.de\/blog\/wp-content\/uploads\/2019\/03\/Andrea_Dividi_02.jpg","width":653,"height":800,"caption":"afrank"},"logo":{"@id":"https:\/\/www.vom-taubertal.de\/blog\/wp-content\/uploads\/2019\/03\/Andrea_Dividi_02.jpg"}}]}},"jetpack_sharing_enabled":true,"_links":{"self":[{"href":"https:\/\/www.vom-taubertal.de\/blog\/wp-json\/wp\/v2\/pages\/23557","targetHints":{"allow":["GET"]}}],"collection":[{"href":"https:\/\/www.vom-taubertal.de\/blog\/wp-json\/wp\/v2\/pages"}],"about":[{"href":"https:\/\/www.vom-taubertal.de\/blog\/wp-json\/wp\/v2\/types\/page"}],"author":[{"embeddable":true,"href":"https:\/\/www.vom-taubertal.de\/blog\/wp-json\/wp\/v2\/users\/1"}],"replies":[{"embeddable":true,"href":"https:\/\/www.vom-taubertal.de\/blog\/wp-json\/wp\/v2\/comments?post=23557"}],"version-history":[{"count":6,"href":"https:\/\/www.vom-taubertal.de\/blog\/wp-json\/wp\/v2\/pages\/23557\/revisions"}],"predecessor-version":[{"id":35581,"href":"https:\/\/www.vom-taubertal.de\/blog\/wp-json\/wp\/v2\/pages\/23557\/revisions\/35581"}],"wp:featuredmedia":[{"embeddable":true,"href":"https:\/\/www.vom-taubertal.de\/blog\/wp-json\/wp\/v2\/media\/35582"}],"wp:attachment":[{"href":"https:\/\/www.vom-taubertal.de\/blog\/wp-json\/wp\/v2\/media?parent=23557"}],"curies":[{"name":"wp","href":"https:\/\/api.w.org\/{rel}","templated":true}]}}