{"id":3298,"date":"2013-08-21T18:08:27","date_gmt":"2013-08-21T16:08:27","guid":{"rendered":"http:\/\/www.vom-taubertal.de\/blog\/?page_id=3298"},"modified":"2013-08-21T18:08:27","modified_gmt":"2013-08-21T16:08:27","slug":"schaufenster","status":"publish","type":"page","link":"https:\/\/www.vom-taubertal.de\/blog\/schaufenster\/","title":{"rendered":"Schaufenster"},"content":{"rendered":"<p>Hier in dieser Kategorie werdet ihr in absehbarer Zeit verschiedenes f\u00fcr Katzen und ihre Besitzer finden.<\/p>\n<p>Sei es nette Accessoirs f\u00fcr die Wohnung, n\u00fctzliches Zubeh\u00f6r aber auch h\u00fcbsches f\u00fcr die Katzenliebhaberin von Welt.<\/p>\n<p>Alles rund um das Thema Katze und ihre Zweibeiner :-)<\/p>\n<p>Schaut doch bald wieder mal vorbei &#8211; es wird sich f\u00fcr den einen oder anderen lohnen.<\/p>\n","protected":false},"excerpt":{"rendered":"<p>Hier in dieser Kategorie werdet ihr in absehbarer Zeit verschiedenes f\u00fcr Katzen und ihre Besitzer finden. Sei es nette Accessoirs<\/p>\n","protected":false},"author":1,"featured_media":0,"parent":0,"menu_order":0,"comment_status":"open","ping_status":"open","template":"","meta":{"colormag_page_container_layout":"default_layout","colormag_page_sidebar_layout":"default_layout","sfsi_plus_gutenberg_text_before_share":"","sfsi_plus_gutenberg_show_text_before_share":"","sfsi_plus_gutenberg_icon_type":"","sfsi_plus_gutenberg_icon_alignemt":"","sfsi_plus_gutenburg_max_per_row":"","ngg_post_thumbnail":0,"footnotes":""},"class_list":["post-3298","page","type-page","status-publish","hentry"],"yoast_head":"<!-- This site is optimized with the Yoast SEO plugin v27.3 - https:\/\/yoast.com\/product\/yoast-seo-wordpress\/ -->\n<title>Schaufenster &#8226; Die Taubertalperser - Perser vom Taubertal<\/title>\n<meta name=\"robots\" content=\"index, follow, max-snippet:-1, max-image-preview:large, max-video-preview:-1\" \/>\n<link rel=\"canonical\" href=\"https:\/\/www.vom-taubertal.de\/blog\/schaufenster\/\" \/>\n<meta property=\"og:locale\" content=\"de_DE\" \/>\n<meta property=\"og:type\" content=\"article\" \/>\n<meta property=\"og:title\" content=\"Schaufenster &#8226; Die Taubertalperser - Perser vom Taubertal\" \/>\n<meta property=\"og:description\" content=\"Hier in dieser Kategorie werdet ihr in absehbarer Zeit verschiedenes f\u00fcr Katzen und ihre Besitzer finden. Sei es nette Accessoirs\" \/>\n<meta property=\"og:url\" content=\"https:\/\/www.vom-taubertal.de\/blog\/schaufenster\/\" \/>\n<meta property=\"og:site_name\" content=\"Die Taubertalperser\" \/>\n<script type=\"application\/ld+json\" class=\"yoast-schema-graph\">{\"@context\":\"https:\\\/\\\/schema.org\",\"@graph\":[{\"@type\":\"WebPage\",\"@id\":\"https:\\\/\\\/www.vom-taubertal.de\\\/blog\\\/schaufenster\\\/\",\"url\":\"https:\\\/\\\/www.vom-taubertal.de\\\/blog\\\/schaufenster\\\/\",\"name\":\"Schaufenster &#8226; Die Taubertalperser - Perser vom Taubertal\",\"isPartOf\":{\"@id\":\"https:\\\/\\\/www.vom-taubertal.de\\\/blog\\\/#website\"},\"datePublished\":\"2013-08-21T16:08:27+00:00\",\"breadcrumb\":{\"@id\":\"https:\\\/\\\/www.vom-taubertal.de\\\/blog\\\/schaufenster\\\/#breadcrumb\"},\"inLanguage\":\"de\",\"potentialAction\":[{\"@type\":\"ReadAction\",\"target\":[\"https:\\\/\\\/www.vom-taubertal.de\\\/blog\\\/schaufenster\\\/\"]}]},{\"@type\":\"BreadcrumbList\",\"@id\":\"https:\\\/\\\/www.vom-taubertal.de\\\/blog\\\/schaufenster\\\/#breadcrumb\",\"itemListElement\":[{\"@type\":\"ListItem\",\"position\":1,\"name\":\"Home\",\"item\":\"https:\\\/\\\/www.vom-taubertal.de\\\/blog\\\/\"},{\"@type\":\"ListItem\",\"position\":2,\"name\":\"Schaufenster\"}]},{\"@type\":\"WebSite\",\"@id\":\"https:\\\/\\\/www.vom-taubertal.de\\\/blog\\\/#website\",\"url\":\"https:\\\/\\\/www.vom-taubertal.de\\\/blog\\\/\",\"name\":\"Die Taubertalperser\",\"description\":\"Alles \u00fcber und f\u00fcr Katzen \",\"publisher\":{\"@id\":\"https:\\\/\\\/www.vom-taubertal.de\\\/blog\\\/#\\\/schema\\\/person\\\/368654e092f5785df440fe834ecc3049\"},\"potentialAction\":[{\"@type\":\"SearchAction\",\"target\":{\"@type\":\"EntryPoint\",\"urlTemplate\":\"https:\\\/\\\/www.vom-taubertal.de\\\/blog\\\/?s={search_term_string}\"},\"query-input\":{\"@type\":\"PropertyValueSpecification\",\"valueRequired\":true,\"valueName\":\"search_term_string\"}}],\"inLanguage\":\"de\"},{\"@type\":[\"Person\",\"Organization\"],\"@id\":\"https:\\\/\\\/www.vom-taubertal.de\\\/blog\\\/#\\\/schema\\\/person\\\/368654e092f5785df440fe834ecc3049\",\"name\":\"afrank\",\"image\":{\"@type\":\"ImageObject\",\"inLanguage\":\"de\",\"@id\":\"https:\\\/\\\/www.vom-taubertal.de\\\/blog\\\/wp-content\\\/uploads\\\/2019\\\/03\\\/Andrea_Dividi_02.jpg\",\"url\":\"https:\\\/\\\/www.vom-taubertal.de\\\/blog\\\/wp-content\\\/uploads\\\/2019\\\/03\\\/Andrea_Dividi_02.jpg\",\"contentUrl\":\"https:\\\/\\\/www.vom-taubertal.de\\\/blog\\\/wp-content\\\/uploads\\\/2019\\\/03\\\/Andrea_Dividi_02.jpg\",\"width\":653,\"height\":800,\"caption\":\"afrank\"},\"logo\":{\"@id\":\"https:\\\/\\\/www.vom-taubertal.de\\\/blog\\\/wp-content\\\/uploads\\\/2019\\\/03\\\/Andrea_Dividi_02.jpg\"}}]}<\/script>\n<!-- \/ Yoast SEO plugin. -->","yoast_head_json":{"title":"Schaufenster &#8226; Die Taubertalperser - Perser vom Taubertal","robots":{"index":"index","follow":"follow","max-snippet":"max-snippet:-1","max-image-preview":"max-image-preview:large","max-video-preview":"max-video-preview:-1"},"canonical":"https:\/\/www.vom-taubertal.de\/blog\/schaufenster\/","og_locale":"de_DE","og_type":"article","og_title":"Schaufenster &#8226; Die Taubertalperser - Perser vom Taubertal","og_description":"Hier in dieser Kategorie werdet ihr in absehbarer Zeit verschiedenes f\u00fcr Katzen und ihre Besitzer finden. Sei es nette Accessoirs","og_url":"https:\/\/www.vom-taubertal.de\/blog\/schaufenster\/","og_site_name":"Die Taubertalperser","schema":{"@context":"https:\/\/schema.org","@graph":[{"@type":"WebPage","@id":"https:\/\/www.vom-taubertal.de\/blog\/schaufenster\/","url":"https:\/\/www.vom-taubertal.de\/blog\/schaufenster\/","name":"Schaufenster &#8226; Die Taubertalperser - Perser vom Taubertal","isPartOf":{"@id":"https:\/\/www.vom-taubertal.de\/blog\/#website"},"datePublished":"2013-08-21T16:08:27+00:00","breadcrumb":{"@id":"https:\/\/www.vom-taubertal.de\/blog\/schaufenster\/#breadcrumb"},"inLanguage":"de","potentialAction":[{"@type":"ReadAction","target":["https:\/\/www.vom-taubertal.de\/blog\/schaufenster\/"]}]},{"@type":"BreadcrumbList","@id":"https:\/\/www.vom-taubertal.de\/blog\/schaufenster\/#breadcrumb","itemListElement":[{"@type":"ListItem","position":1,"name":"Home","item":"https:\/\/www.vom-taubertal.de\/blog\/"},{"@type":"ListItem","position":2,"name":"Schaufenster"}]},{"@type":"WebSite","@id":"https:\/\/www.vom-taubertal.de\/blog\/#website","url":"https:\/\/www.vom-taubertal.de\/blog\/","name":"Die Taubertalperser","description":"Alles \u00fcber und f\u00fcr Katzen ","publisher":{"@id":"https:\/\/www.vom-taubertal.de\/blog\/#\/schema\/person\/368654e092f5785df440fe834ecc3049"},"potentialAction":[{"@type":"SearchAction","target":{"@type":"EntryPoint","urlTemplate":"https:\/\/www.vom-taubertal.de\/blog\/?s={search_term_string}"},"query-input":{"@type":"PropertyValueSpecification","valueRequired":true,"valueName":"search_term_string"}}],"inLanguage":"de"},{"@type":["Person","Organization"],"@id":"https:\/\/www.vom-taubertal.de\/blog\/#\/schema\/person\/368654e092f5785df440fe834ecc3049","name":"afrank","image":{"@type":"ImageObject","inLanguage":"de","@id":"https:\/\/www.vom-taubertal.de\/blog\/wp-content\/uploads\/2019\/03\/Andrea_Dividi_02.jpg","url":"https:\/\/www.vom-taubertal.de\/blog\/wp-content\/uploads\/2019\/03\/Andrea_Dividi_02.jpg","contentUrl":"https:\/\/www.vom-taubertal.de\/blog\/wp-content\/uploads\/2019\/03\/Andrea_Dividi_02.jpg","width":653,"height":800,"caption":"afrank"},"logo":{"@id":"https:\/\/www.vom-taubertal.de\/blog\/wp-content\/uploads\/2019\/03\/Andrea_Dividi_02.jpg"}}]}},"jetpack_sharing_enabled":true,"_links":{"self":[{"href":"https:\/\/www.vom-taubertal.de\/blog\/wp-json\/wp\/v2\/pages\/3298","targetHints":{"allow":["GET"]}}],"collection":[{"href":"https:\/\/www.vom-taubertal.de\/blog\/wp-json\/wp\/v2\/pages"}],"about":[{"href":"https:\/\/www.vom-taubertal.de\/blog\/wp-json\/wp\/v2\/types\/page"}],"author":[{"embeddable":true,"href":"https:\/\/www.vom-taubertal.de\/blog\/wp-json\/wp\/v2\/users\/1"}],"replies":[{"embeddable":true,"href":"https:\/\/www.vom-taubertal.de\/blog\/wp-json\/wp\/v2\/comments?post=3298"}],"version-history":[{"count":1,"href":"https:\/\/www.vom-taubertal.de\/blog\/wp-json\/wp\/v2\/pages\/3298\/revisions"}],"predecessor-version":[{"id":3299,"href":"https:\/\/www.vom-taubertal.de\/blog\/wp-json\/wp\/v2\/pages\/3298\/revisions\/3299"}],"wp:attachment":[{"href":"https:\/\/www.vom-taubertal.de\/blog\/wp-json\/wp\/v2\/media?parent=3298"}],"curies":[{"name":"wp","href":"https:\/\/api.w.org\/{rel}","templated":true}]}}