{"id":3665,"date":"2013-09-12T19:29:46","date_gmt":"2013-09-12T17:29:46","guid":{"rendered":"http:\/\/www.vom-taubertal.de\/blog\/?page_id=3665"},"modified":"2013-09-12T19:29:46","modified_gmt":"2013-09-12T17:29:46","slug":"regenbogenbruecke","status":"publish","type":"page","link":"https:\/\/www.vom-taubertal.de\/blog\/regenbogenbruecke\/","title":{"rendered":"Die Regenbogenbr\u00fccke"},"content":{"rendered":"<h3><strong>Die Regenbogenbr\u00fccke<\/strong><\/h3>\n<p>Eine Br\u00fccke verbindet den Himmel und die Erde.<\/p>\n<p>Wegen der vielen Farben nennt man sie<\/p>\n<p>die Br\u00fccke des Regenbogens.<\/p>\n<p>&nbsp;<\/p>\n<p>Auf jener Seite der Br\u00fccke<\/p>\n<p>liegt ein Land mit Wiesen,<\/p>\n<p>H\u00fcgeln und saftigen, gr\u00fcnen Gras.<\/p>\n<p>Wenn ein geliebtes Tier auf der Erde<\/p>\n<p>f\u00fcr immer eingeschlafen ist,<\/p>\n<p>geht es zu diesem wundersch\u00f6nen Ort.<\/p>\n<p>&nbsp;<\/p>\n<p>Dort gibt es immer was zu fressen und zu trinken,<\/p>\n<p>und es ist warmes, sch\u00f6nes Fr\u00fchlingswetter.<\/p>\n<p>die alten und kranken Tiere<\/p>\n<p>sind wieder jung und gesund.<\/p>\n<p>Sie spielen den ganzen Tag zusammen.<\/p>\n<p>&nbsp;<\/p>\n<p>Es gibt nur eine Sache, die sie vermissen.<\/p>\n<p>Sie sind nicht mit ihren Menschen zusammen,<\/p>\n<p>die sie auf Erden so geliebt haben.<\/p>\n<p>&nbsp;<\/p>\n<p>So rennen und spielen sie<\/p>\n<p>jeden Tag zusammen,<\/p>\n<p>bis eines Tages pl\u00f6tzlich eines<\/p>\n<p>von ihnen inneh\u00e4lt und aufsieht.<\/p>\n<p>Die Nase bebt, die Ohren stellen sich auf,<\/p>\n<p>und die Augen werden ganz gro\u00df!<\/p>\n<p>&nbsp;<\/p>\n<p>Pl\u00f6tzlich rennt es aus der Gruppe heraus<\/p>\n<p>und fliegt \u00fcber das gr\u00fcne Gras.<\/p>\n<p>Die F\u00fc\u00dfe tragen es &#8230;&#8230;..<\/p>\n<p>schneller und schneller.<\/p>\n<p>&nbsp;<\/p>\n<p>Es hat dich gesehen!<\/p>\n<p>&nbsp;<\/p>\n<p>Und wenn du und dein spezieller Freund sich treffen,<\/p>\n<p>nimmst du ihn in deine Arme und h\u00e4ltst ihn fest.<\/p>\n<p>Dein Gesicht wird gek\u00fcsst, wieder und wieder,<\/p>\n<p>und du schaust endlich gl\u00fccklich<\/p>\n<p>in die Augen deines geliebten Tieres,<\/p>\n<p>das solange aus deinem Leben verschwunden war,<\/p>\n<p>aber nie aus deinem Herzen.<\/p>\n<p>&nbsp;<\/p>\n<p>Dann \u00fcberschreitet ihr gemeinsam<\/p>\n<p>die Br\u00fccke des Regenbogens,<\/p>\n<p>und ihr werdet nie wieder getrennt sein&#8230;<\/p>\n<p>&nbsp;<\/p>\n<p>Auch wir mu\u00dften zeitweise die eine oder andere Katze \u00fcber die Regenbogenbr\u00fccke gehen lassen, sie sind zwar nun nicht mehr hier bei uns auf dem Sofa, wir k\u00f6nnen nicht mehr unsere Finger in ihr Fell vergraben und werden nie mehr ihr schnurren h\u00f6ren.<\/p>\n<p>Aber in unseren Gedanken und in unserem Herzen bleiben sie ewig vorhanden.<\/p>\n<p style=\"text-align: center;\"><a href=\"https:\/\/i0.wp.com\/www.vom-taubertal.de\/blog\/wp-content\/uploads\/2013\/09\/regenbog_felix.jpg?quality=100&#038;ssl=1\"><img data-recalc-dims=\"1\" loading=\"lazy\" decoding=\"async\" class=\"aligncenter size-full wp-image-3668\" alt=\"Regenbogenbr\u00fccke\" src=\"https:\/\/i0.wp.com\/www.vom-taubertal.de\/blog\/wp-content\/uploads\/2013\/09\/regenbog_felix.jpg?resize=250%2C188&#038;quality=100&#038;ssl=1\" width=\"250\" height=\"188\" \/><\/a><\/p>\n<p style=\"text-align: center;\"><a href=\"https:\/\/i0.wp.com\/www.vom-taubertal.de\/blog\/wp-content\/uploads\/2013\/09\/regenbogen_cherry.jpg?quality=100&#038;ssl=1\"><img data-recalc-dims=\"1\" loading=\"lazy\" decoding=\"async\" class=\"aligncenter size-full wp-image-3670\" alt=\"Regenbogenbr\u00fccke\" src=\"https:\/\/i0.wp.com\/www.vom-taubertal.de\/blog\/wp-content\/uploads\/2013\/09\/regenbogen_cherry.jpg?resize=250%2C188&#038;quality=100&#038;ssl=1\" width=\"250\" height=\"188\" \/><\/a><\/p>\n<p style=\"text-align: center;\"><a href=\"https:\/\/i0.wp.com\/www.vom-taubertal.de\/blog\/wp-content\/uploads\/2013\/09\/regenbogen_dumpf.jpg?quality=100&#038;ssl=1\"><img data-recalc-dims=\"1\" loading=\"lazy\" decoding=\"async\" class=\"aligncenter size-full wp-image-3671\" alt=\"Regenbogenbr\u00fccke\" src=\"https:\/\/i0.wp.com\/www.vom-taubertal.de\/blog\/wp-content\/uploads\/2013\/09\/regenbogen_dumpf.jpg?resize=250%2C188&#038;quality=100&#038;ssl=1\" width=\"250\" height=\"188\" \/><\/a><\/p>\n<p><a href=\"https:\/\/i0.wp.com\/www.vom-taubertal.de\/blog\/wp-content\/uploads\/2013\/09\/regenbogen_bb.jpg?quality=100&#038;ssl=1\"><img data-recalc-dims=\"1\" loading=\"lazy\" decoding=\"async\" class=\"aligncenter size-full wp-image-3669\" alt=\"regenbogen_bb\" src=\"https:\/\/i0.wp.com\/www.vom-taubertal.de\/blog\/wp-content\/uploads\/2013\/09\/regenbogen_bb.jpg?resize=250%2C188&#038;quality=100&#038;ssl=1\" width=\"250\" height=\"188\" \/><\/a><\/p>\n<p style=\"text-align: center;\"><a href=\"https:\/\/i0.wp.com\/www.vom-taubertal.de\/blog\/wp-content\/uploads\/2013\/09\/regenbogen_maxi.jpg?quality=100&#038;ssl=1\"><img data-recalc-dims=\"1\" loading=\"lazy\" decoding=\"async\" class=\"aligncenter size-full wp-image-3673\" alt=\"Regenbogenbr\u00fccke\" src=\"https:\/\/i0.wp.com\/www.vom-taubertal.de\/blog\/wp-content\/uploads\/2013\/09\/regenbogen_maxi.jpg?resize=250%2C188&#038;quality=100&#038;ssl=1\" width=\"250\" height=\"188\" \/><\/a><\/p>\n<p style=\"text-align: center;\"><a href=\"https:\/\/i0.wp.com\/www.vom-taubertal.de\/blog\/wp-content\/uploads\/2013\/09\/regenbogen_keno.jpg?quality=100&#038;ssl=1\"><img data-recalc-dims=\"1\" loading=\"lazy\" decoding=\"async\" class=\"aligncenter size-full wp-image-3672\" alt=\"Regenbogenbr\u00fccke\" src=\"https:\/\/i0.wp.com\/www.vom-taubertal.de\/blog\/wp-content\/uploads\/2013\/09\/regenbogen_keno.jpg?resize=250%2C188&#038;quality=100&#038;ssl=1\" width=\"250\" height=\"188\" \/><\/a><\/p>\n<p style=\"text-align: center;\"><a href=\"https:\/\/i0.wp.com\/www.vom-taubertal.de\/blog\/wp-content\/uploads\/2013\/09\/regenbogen_zwergi.jpg?quality=100&#038;ssl=1\"><img data-recalc-dims=\"1\" loading=\"lazy\" decoding=\"async\" class=\"aligncenter size-full wp-image-3674\" alt=\"Regenbogenbr\u00fccke\" src=\"https:\/\/i0.wp.com\/www.vom-taubertal.de\/blog\/wp-content\/uploads\/2013\/09\/regenbogen_zwergi.jpg?resize=250%2C188&#038;quality=100&#038;ssl=1\" width=\"250\" height=\"188\" \/><\/a><\/p>\n","protected":false},"excerpt":{"rendered":"<p>Die Regenbogenbr\u00fccke Eine Br\u00fccke verbindet den Himmel und die Erde. Wegen der vielen Farben nennt man sie die Br\u00fccke des<\/p>\n","protected":false},"author":1,"featured_media":0,"parent":0,"menu_order":0,"comment_status":"open","ping_status":"open","template":"","meta":{"colormag_page_container_layout":"default_layout","colormag_page_sidebar_layout":"default_layout","sfsi_plus_gutenberg_text_before_share":"","sfsi_plus_gutenberg_show_text_before_share":"","sfsi_plus_gutenberg_icon_type":"","sfsi_plus_gutenberg_icon_alignemt":"","sfsi_plus_gutenburg_max_per_row":"","ngg_post_thumbnail":0,"footnotes":""},"class_list":["post-3665","page","type-page","status-publish","hentry"],"yoast_head":"<!-- This site is optimized with the Yoast SEO plugin v27.3 - https:\/\/yoast.com\/product\/yoast-seo-wordpress\/ -->\n<title>Die Regenbogenbr\u00fccke - Perser vom Taubertal - Taubertalperser<\/title>\n<meta name=\"robots\" content=\"index, follow, max-snippet:-1, max-image-preview:large, max-video-preview:-1\" \/>\n<link rel=\"canonical\" href=\"https:\/\/www.vom-taubertal.de\/blog\/regenbogenbruecke\/\" \/>\n<meta property=\"og:locale\" content=\"de_DE\" \/>\n<meta property=\"og:type\" content=\"article\" \/>\n<meta property=\"og:title\" content=\"Die Regenbogenbr\u00fccke - Perser vom Taubertal - Taubertalperser\" \/>\n<meta property=\"og:description\" content=\"Die Regenbogenbr\u00fccke Eine Br\u00fccke verbindet den Himmel und die Erde. Wegen der vielen Farben nennt man sie die Br\u00fccke des\" \/>\n<meta property=\"og:url\" content=\"https:\/\/www.vom-taubertal.de\/blog\/regenbogenbruecke\/\" \/>\n<meta property=\"og:site_name\" content=\"Die Taubertalperser\" \/>\n<meta property=\"og:image\" content=\"https:\/\/www.vom-taubertal.de\/blog\/wp-content\/uploads\/2013\/09\/regenbog_felix.jpg\" \/>\n<meta name=\"twitter:label1\" content=\"Gesch\u00e4tzte Lesezeit\" \/>\n\t<meta name=\"twitter:data1\" content=\"2\u00a0Minuten\" \/>\n<script type=\"application\/ld+json\" class=\"yoast-schema-graph\">{\"@context\":\"https:\\\/\\\/schema.org\",\"@graph\":[{\"@type\":\"WebPage\",\"@id\":\"https:\\\/\\\/www.vom-taubertal.de\\\/blog\\\/regenbogenbruecke\\\/\",\"url\":\"https:\\\/\\\/www.vom-taubertal.de\\\/blog\\\/regenbogenbruecke\\\/\",\"name\":\"Die Regenbogenbr\u00fccke - Perser vom Taubertal - Taubertalperser\",\"isPartOf\":{\"@id\":\"https:\\\/\\\/www.vom-taubertal.de\\\/blog\\\/#website\"},\"primaryImageOfPage\":{\"@id\":\"https:\\\/\\\/www.vom-taubertal.de\\\/blog\\\/regenbogenbruecke\\\/#primaryimage\"},\"image\":{\"@id\":\"https:\\\/\\\/www.vom-taubertal.de\\\/blog\\\/regenbogenbruecke\\\/#primaryimage\"},\"thumbnailUrl\":\"https:\\\/\\\/www.vom-taubertal.de\\\/blog\\\/wp-content\\\/uploads\\\/2013\\\/09\\\/regenbog_felix.jpg\",\"datePublished\":\"2013-09-12T17:29:46+00:00\",\"breadcrumb\":{\"@id\":\"https:\\\/\\\/www.vom-taubertal.de\\\/blog\\\/regenbogenbruecke\\\/#breadcrumb\"},\"inLanguage\":\"de\",\"potentialAction\":[{\"@type\":\"ReadAction\",\"target\":[\"https:\\\/\\\/www.vom-taubertal.de\\\/blog\\\/regenbogenbruecke\\\/\"]}]},{\"@type\":\"ImageObject\",\"inLanguage\":\"de\",\"@id\":\"https:\\\/\\\/www.vom-taubertal.de\\\/blog\\\/regenbogenbruecke\\\/#primaryimage\",\"url\":\"https:\\\/\\\/i0.wp.com\\\/www.vom-taubertal.de\\\/blog\\\/wp-content\\\/uploads\\\/2013\\\/09\\\/regenbog_felix.jpg?fit=250%2C188&quality=100&ssl=1\",\"contentUrl\":\"https:\\\/\\\/i0.wp.com\\\/www.vom-taubertal.de\\\/blog\\\/wp-content\\\/uploads\\\/2013\\\/09\\\/regenbog_felix.jpg?fit=250%2C188&quality=100&ssl=1\",\"width\":250,\"height\":188},{\"@type\":\"BreadcrumbList\",\"@id\":\"https:\\\/\\\/www.vom-taubertal.de\\\/blog\\\/regenbogenbruecke\\\/#breadcrumb\",\"itemListElement\":[{\"@type\":\"ListItem\",\"position\":1,\"name\":\"Home\",\"item\":\"https:\\\/\\\/www.vom-taubertal.de\\\/blog\\\/\"},{\"@type\":\"ListItem\",\"position\":2,\"name\":\"Die Regenbogenbr\u00fccke\"}]},{\"@type\":\"WebSite\",\"@id\":\"https:\\\/\\\/www.vom-taubertal.de\\\/blog\\\/#website\",\"url\":\"https:\\\/\\\/www.vom-taubertal.de\\\/blog\\\/\",\"name\":\"Die Taubertalperser\",\"description\":\"Alles \u00fcber und f\u00fcr Katzen \",\"publisher\":{\"@id\":\"https:\\\/\\\/www.vom-taubertal.de\\\/blog\\\/#\\\/schema\\\/person\\\/368654e092f5785df440fe834ecc3049\"},\"potentialAction\":[{\"@type\":\"SearchAction\",\"target\":{\"@type\":\"EntryPoint\",\"urlTemplate\":\"https:\\\/\\\/www.vom-taubertal.de\\\/blog\\\/?s={search_term_string}\"},\"query-input\":{\"@type\":\"PropertyValueSpecification\",\"valueRequired\":true,\"valueName\":\"search_term_string\"}}],\"inLanguage\":\"de\"},{\"@type\":[\"Person\",\"Organization\"],\"@id\":\"https:\\\/\\\/www.vom-taubertal.de\\\/blog\\\/#\\\/schema\\\/person\\\/368654e092f5785df440fe834ecc3049\",\"name\":\"afrank\",\"image\":{\"@type\":\"ImageObject\",\"inLanguage\":\"de\",\"@id\":\"https:\\\/\\\/www.vom-taubertal.de\\\/blog\\\/wp-content\\\/uploads\\\/2019\\\/03\\\/Andrea_Dividi_02.jpg\",\"url\":\"https:\\\/\\\/www.vom-taubertal.de\\\/blog\\\/wp-content\\\/uploads\\\/2019\\\/03\\\/Andrea_Dividi_02.jpg\",\"contentUrl\":\"https:\\\/\\\/www.vom-taubertal.de\\\/blog\\\/wp-content\\\/uploads\\\/2019\\\/03\\\/Andrea_Dividi_02.jpg\",\"width\":653,\"height\":800,\"caption\":\"afrank\"},\"logo\":{\"@id\":\"https:\\\/\\\/www.vom-taubertal.de\\\/blog\\\/wp-content\\\/uploads\\\/2019\\\/03\\\/Andrea_Dividi_02.jpg\"}}]}<\/script>\n<!-- \/ Yoast SEO plugin. -->","yoast_head_json":{"title":"Die Regenbogenbr\u00fccke - Perser vom Taubertal - Taubertalperser","robots":{"index":"index","follow":"follow","max-snippet":"max-snippet:-1","max-image-preview":"max-image-preview:large","max-video-preview":"max-video-preview:-1"},"canonical":"https:\/\/www.vom-taubertal.de\/blog\/regenbogenbruecke\/","og_locale":"de_DE","og_type":"article","og_title":"Die Regenbogenbr\u00fccke - Perser vom Taubertal - Taubertalperser","og_description":"Die Regenbogenbr\u00fccke Eine Br\u00fccke verbindet den Himmel und die Erde. Wegen der vielen Farben nennt man sie die Br\u00fccke des","og_url":"https:\/\/www.vom-taubertal.de\/blog\/regenbogenbruecke\/","og_site_name":"Die Taubertalperser","og_image":[{"url":"https:\/\/www.vom-taubertal.de\/blog\/wp-content\/uploads\/2013\/09\/regenbog_felix.jpg","type":"","width":"","height":""}],"twitter_misc":{"Gesch\u00e4tzte Lesezeit":"2\u00a0Minuten"},"schema":{"@context":"https:\/\/schema.org","@graph":[{"@type":"WebPage","@id":"https:\/\/www.vom-taubertal.de\/blog\/regenbogenbruecke\/","url":"https:\/\/www.vom-taubertal.de\/blog\/regenbogenbruecke\/","name":"Die Regenbogenbr\u00fccke - Perser vom Taubertal - Taubertalperser","isPartOf":{"@id":"https:\/\/www.vom-taubertal.de\/blog\/#website"},"primaryImageOfPage":{"@id":"https:\/\/www.vom-taubertal.de\/blog\/regenbogenbruecke\/#primaryimage"},"image":{"@id":"https:\/\/www.vom-taubertal.de\/blog\/regenbogenbruecke\/#primaryimage"},"thumbnailUrl":"https:\/\/www.vom-taubertal.de\/blog\/wp-content\/uploads\/2013\/09\/regenbog_felix.jpg","datePublished":"2013-09-12T17:29:46+00:00","breadcrumb":{"@id":"https:\/\/www.vom-taubertal.de\/blog\/regenbogenbruecke\/#breadcrumb"},"inLanguage":"de","potentialAction":[{"@type":"ReadAction","target":["https:\/\/www.vom-taubertal.de\/blog\/regenbogenbruecke\/"]}]},{"@type":"ImageObject","inLanguage":"de","@id":"https:\/\/www.vom-taubertal.de\/blog\/regenbogenbruecke\/#primaryimage","url":"https:\/\/i0.wp.com\/www.vom-taubertal.de\/blog\/wp-content\/uploads\/2013\/09\/regenbog_felix.jpg?fit=250%2C188&quality=100&ssl=1","contentUrl":"https:\/\/i0.wp.com\/www.vom-taubertal.de\/blog\/wp-content\/uploads\/2013\/09\/regenbog_felix.jpg?fit=250%2C188&quality=100&ssl=1","width":250,"height":188},{"@type":"BreadcrumbList","@id":"https:\/\/www.vom-taubertal.de\/blog\/regenbogenbruecke\/#breadcrumb","itemListElement":[{"@type":"ListItem","position":1,"name":"Home","item":"https:\/\/www.vom-taubertal.de\/blog\/"},{"@type":"ListItem","position":2,"name":"Die Regenbogenbr\u00fccke"}]},{"@type":"WebSite","@id":"https:\/\/www.vom-taubertal.de\/blog\/#website","url":"https:\/\/www.vom-taubertal.de\/blog\/","name":"Die Taubertalperser","description":"Alles \u00fcber und f\u00fcr Katzen ","publisher":{"@id":"https:\/\/www.vom-taubertal.de\/blog\/#\/schema\/person\/368654e092f5785df440fe834ecc3049"},"potentialAction":[{"@type":"SearchAction","target":{"@type":"EntryPoint","urlTemplate":"https:\/\/www.vom-taubertal.de\/blog\/?s={search_term_string}"},"query-input":{"@type":"PropertyValueSpecification","valueRequired":true,"valueName":"search_term_string"}}],"inLanguage":"de"},{"@type":["Person","Organization"],"@id":"https:\/\/www.vom-taubertal.de\/blog\/#\/schema\/person\/368654e092f5785df440fe834ecc3049","name":"afrank","image":{"@type":"ImageObject","inLanguage":"de","@id":"https:\/\/www.vom-taubertal.de\/blog\/wp-content\/uploads\/2019\/03\/Andrea_Dividi_02.jpg","url":"https:\/\/www.vom-taubertal.de\/blog\/wp-content\/uploads\/2019\/03\/Andrea_Dividi_02.jpg","contentUrl":"https:\/\/www.vom-taubertal.de\/blog\/wp-content\/uploads\/2019\/03\/Andrea_Dividi_02.jpg","width":653,"height":800,"caption":"afrank"},"logo":{"@id":"https:\/\/www.vom-taubertal.de\/blog\/wp-content\/uploads\/2019\/03\/Andrea_Dividi_02.jpg"}}]}},"jetpack_sharing_enabled":true,"_links":{"self":[{"href":"https:\/\/www.vom-taubertal.de\/blog\/wp-json\/wp\/v2\/pages\/3665","targetHints":{"allow":["GET"]}}],"collection":[{"href":"https:\/\/www.vom-taubertal.de\/blog\/wp-json\/wp\/v2\/pages"}],"about":[{"href":"https:\/\/www.vom-taubertal.de\/blog\/wp-json\/wp\/v2\/types\/page"}],"author":[{"embeddable":true,"href":"https:\/\/www.vom-taubertal.de\/blog\/wp-json\/wp\/v2\/users\/1"}],"replies":[{"embeddable":true,"href":"https:\/\/www.vom-taubertal.de\/blog\/wp-json\/wp\/v2\/comments?post=3665"}],"version-history":[{"count":3,"href":"https:\/\/www.vom-taubertal.de\/blog\/wp-json\/wp\/v2\/pages\/3665\/revisions"}],"predecessor-version":[{"id":3676,"href":"https:\/\/www.vom-taubertal.de\/blog\/wp-json\/wp\/v2\/pages\/3665\/revisions\/3676"}],"wp:attachment":[{"href":"https:\/\/www.vom-taubertal.de\/blog\/wp-json\/wp\/v2\/media?parent=3665"}],"curies":[{"name":"wp","href":"https:\/\/api.w.org\/{rel}","templated":true}]}}