{"id":3777,"date":"2013-10-05T12:47:54","date_gmt":"2013-10-05T10:47:54","guid":{"rendered":"http:\/\/www.vom-taubertal.de\/blog\/?page_id=3777"},"modified":"2016-01-02T10:27:07","modified_gmt":"2016-01-02T08:27:07","slug":"taubertalperser-niederstetten","status":"publish","type":"page","link":"https:\/\/www.vom-taubertal.de\/blog\/taubertalperser-niederstetten\/","title":{"rendered":"Neues von den Taubertalpersern"},"content":{"rendered":"<p>Hallo liebe Besucher,<\/p>\n<p>auf dieser Seite will ich sie auf dem laufenden halten, was so in unserer Cattery bei den Taubertalpersern passiert. Sie werden auf dieser Seite etwas \u00fcber uns erfahren, viel \u00fcber meine \u00fcberaus entz\u00fcckenden Kuschelkatzen, aber noch viel mehr aus der <strong>Welt der Katzen.<\/strong><\/p>\n<p>\u00dcber uns, bzw. \u00fcber unsere Zucht der Perserkatzen des gem\u00e4ssigten Typs mit etwas ausgepr\u00e4gertern N\u00e4schen k\u00f6nnen sie sich\u00a0 <strong><a title=\"Die Cattery\" href=\"https:\/\/www.vom-taubertal.de\/blog\/cattery\/\" target=\"_blank\">hier<\/a><\/strong> informieren.<\/p>\n<p>Im neu gestalteten <strong> <a href=\"https:\/\/www.vom-taubertal.de\/blog\/katzenratgeber-perserkatzen-kuschelperser\/\" target=\"_blank\">Ratgeber<\/a> <\/strong> findet ihr alles was mit unseren Fellnasen zu tun hat beginnend von der \u00dcberlegung zur<strong><a title=\"Anschaffung\" href=\"https:\/\/www.vom-taubertal.de\/blog\/anschaffung-perserkatzen-taubertalperser\/\" target=\"_blank\">Anschaffung<\/a>,<\/strong> Kosten, Ern\u00e4hrung,<strong><a title=\"Katzenhaltung\" href=\"https:\/\/www.vom-taubertal.de\/blog\/katzenhaltung\/\" target=\"_blank\">Haltung<\/a><\/strong> und Pflege aber auch \u00fcber Krankheiten und Erziehung.<\/p>\n<p>Unter der Rubrik <strong><a title=\"Welt der Katzen\" href=\"https:\/\/www.vom-taubertal.de\/blog\/welt-der-katzen\/\" target=\"_blank\">Welt der Katzen<\/a><\/strong> findet ihr ein ganz tolles historisches Buch namens <a title=\"The Book of the Cat\" href=\"https:\/\/www.vom-taubertal.de\/blog\/the-book-of-the-cat\/\" target=\"_blank\">&#8222;<strong>The Book of the Cat&#8220;<\/strong><\/a> von Frances Simpson aus dem Jahre 1903. Ein Buch, das einen wirklich in Staunen versetzt.<\/p>\n<p>Selbstverst\u00e4ndlich informieren wir aber auch \u00fcber diverses <a href=\"https:\/\/www.vom-taubertal.de\/blog\/katzenstreu\/\" target=\"_blank\"><strong>Katzenstreu,<\/strong><\/a> <a title=\"Katzenfuttertests\" href=\"https:\/\/www.vom-taubertal.de\/blog\/katzenfuttertests\/\" target=\"_blank\"><strong>Katzenfuttersorten<\/strong><\/a> sowie \u00fcber diverse <strong><a href=\"https:\/\/www.vom-taubertal.de\/blog\/katzensnacks-taubertalperser\/\" target=\"_blank\">Katzensnacks.<\/a><\/strong> Und damit Ihr wi\u00dft was Katzen brauchen oder womit man ihnen eine Freude machen kann gibt es die Rubrik <strong><a title=\"Produktvorstellungen\" href=\"https:\/\/www.vom-taubertal.de\/blog\/produktvorstellungen\/\" target=\"_blank\">Produktvorstellung.<\/a><\/strong><\/p>\n<p>Ich hoffe Sie finden hier das was sie suchen und vielleicht noch viel mehr.<\/p>\n<p><a href=\"https:\/\/i0.wp.com\/www.vom-taubertal.de\/blog\/wp-content\/uploads\/2015\/01\/cropped-banner_perser-vom-taubertal1.png?quality=100&#038;ssl=1\"><img data-recalc-dims=\"1\" loading=\"lazy\" decoding=\"async\" class=\"aligncenter size-full wp-image-8195\" src=\"https:\/\/i0.wp.com\/www.vom-taubertal.de\/blog\/wp-content\/uploads\/2015\/01\/cropped-banner_perser-vom-taubertal1.png?resize=800%2C83&#038;quality=100&#038;ssl=1\" alt=\"cropped-banner_perser-vom-taubertal1\" width=\"800\" height=\"83\" srcset=\"https:\/\/i0.wp.com\/www.vom-taubertal.de\/blog\/wp-content\/uploads\/2015\/01\/cropped-banner_perser-vom-taubertal1.png?w=940&amp;quality=100&amp;ssl=1 940w, https:\/\/i0.wp.com\/www.vom-taubertal.de\/blog\/wp-content\/uploads\/2015\/01\/cropped-banner_perser-vom-taubertal1.png?resize=300%2C31&amp;quality=100&amp;ssl=1 300w\" sizes=\"auto, (max-width: 800px) 100vw, 800px\" \/><\/a><\/p>\n<div id=\"ez-toc-container\" class=\"ez-toc-v2_0_82_2 counter-hierarchy ez-toc-counter ez-toc-grey ez-toc-container-direction\">\n<div class=\"ez-toc-title-container\">\n<p class=\"ez-toc-title\" style=\"cursor:inherit\">Inhaltsverzeichnis<\/p>\n<span class=\"ez-toc-title-toggle\"><a href=\"#\" class=\"ez-toc-pull-right ez-toc-btn ez-toc-btn-xs ez-toc-btn-default ez-toc-toggle\" aria-label=\"Toggle Table of Content\"><span class=\"ez-toc-js-icon-con\"><span class=\"\"><span class=\"eztoc-hide\" style=\"display:none;\">Toggle<\/span><span class=\"ez-toc-icon-toggle-span\"><svg style=\"fill: #999;color:#999\" xmlns=\"http:\/\/www.w3.org\/2000\/svg\" class=\"list-377408\" width=\"20px\" height=\"20px\" viewBox=\"0 0 24 24\" fill=\"none\"><path d=\"M6 6H4v2h2V6zm14 0H8v2h12V6zM4 11h2v2H4v-2zm16 0H8v2h12v-2zM4 16h2v2H4v-2zm16 0H8v2h12v-2z\" fill=\"currentColor\"><\/path><\/svg><svg style=\"fill: #999;color:#999\" class=\"arrow-unsorted-368013\" xmlns=\"http:\/\/www.w3.org\/2000\/svg\" width=\"10px\" height=\"10px\" viewBox=\"0 0 24 24\" version=\"1.2\" baseProfile=\"tiny\"><path d=\"M18.2 9.3l-6.2-6.3-6.2 6.3c-.2.2-.3.4-.3.7s.1.5.3.7c.2.2.4.3.7.3h11c.3 0 .5-.1.7-.3.2-.2.3-.5.3-.7s-.1-.5-.3-.7zM5.8 14.7l6.2 6.3 6.2-6.3c.2-.2.3-.5.3-.7s-.1-.5-.3-.7c-.2-.2-.4-.3-.7-.3h-11c-.3 0-.5.1-.7.3-.2.2-.3.5-.3.7s.1.5.3.7z\"\/><\/svg><\/span><\/span><\/span><\/a><\/span><\/div>\n<nav><ul class='ez-toc-list ez-toc-list-level-1 ' ><li class='ez-toc-page-1 ez-toc-heading-level-3'><a class=\"ez-toc-link ez-toc-heading-1\" href=\"https:\/\/www.vom-taubertal.de\/blog\/taubertalperser-niederstetten\/#Ausstellungsplaene\" >Ausstellungspl\u00e4ne<\/a><\/li><li class='ez-toc-page-1 ez-toc-heading-level-3'><a class=\"ez-toc-link ez-toc-heading-2\" href=\"https:\/\/www.vom-taubertal.de\/blog\/taubertalperser-niederstetten\/#Fotografie\" >Fotografie<\/a><\/li><li class='ez-toc-page-1 ez-toc-heading-level-3'><a class=\"ez-toc-link ez-toc-heading-3\" href=\"https:\/\/www.vom-taubertal.de\/blog\/taubertalperser-niederstetten\/#Needles_More\" >Needles &amp; More<\/a><\/li><\/ul><\/nav><\/div>\n<h3><span class=\"ez-toc-section\" id=\"Ausstellungsplaene\"><\/span><span style=\"color: #339966;\"><strong>Ausstellungspl\u00e4ne<\/strong><\/span><span class=\"ez-toc-section-end\"><\/span><\/h3>\n<p>Die eine oder andere Ausstellung ist schon geplant und so wird man mich im Januar in Amberg bei einer Ausstellung des Cat Club Germanys finden oder aber im M\u00e4rz in Gie\u00dfen beim Crystall Palace Cats e.V.<\/p>\n<p>Hier finden Sie im \u00fcbrigen einen strong <strong><a title=\"Katzenausstellungen 2015\" href=\"https:\/\/www.vom-taubertal.de\/blog\/katzenausstellungen-2015\/\" target=\"_blank\">Ausstellungskalender f\u00fcr 2015<\/a><\/strong> mit deutschlandweiten Terminen. Es besteht auch die M\u00f6glichkeit den Terminkalender sich als PDF anzeigen zu lassen bzw. sich den Plan auszudrucken.<\/p>\n<h3><span class=\"ez-toc-section\" id=\"Fotografie\"><\/span><span style=\"color: #339966;\"><strong>Fotografie<\/strong><\/span><span class=\"ez-toc-section-end\"><\/span><\/h3>\n<p>Auch hier hat sich wieder etwas getan, ich war mal wieder unterwegs und hab das eine oder andere Event fotografiert. Diesen Men\u00fcpunkt habe ich aus Platztechnischen Gr\u00fcnden unter den Punkt &#8222;Dies &amp; Das&#8220; verschieben m\u00fcssen. Er sollte aber nicht in Vergessenheit geraten ;-)<\/p>\n<h3><span class=\"ez-toc-section\" id=\"Needles_More\"><\/span><span style=\"color: #339966;\"><strong>Needles &amp; More<\/strong><\/span><span class=\"ez-toc-section-end\"><\/span><\/h3>\n<p><a href=\"https:\/\/i0.wp.com\/www.vom-taubertal.de\/blog\/wp-content\/uploads\/2013\/10\/Needles_CC.jpg?quality=100&#038;ssl=1\"><img data-recalc-dims=\"1\" loading=\"lazy\" decoding=\"async\" class=\"aligncenter wp-image-7920\" src=\"https:\/\/i0.wp.com\/www.vom-taubertal.de\/blog\/wp-content\/uploads\/2013\/10\/Needles_CC.jpg?resize=395%2C146&#038;quality=100&#038;ssl=1\" alt=\"Needles_CC\" width=\"395\" height=\"146\" srcset=\"https:\/\/i0.wp.com\/www.vom-taubertal.de\/blog\/wp-content\/uploads\/2013\/10\/Needles_CC.jpg?w=851&amp;quality=100&amp;ssl=1 851w, https:\/\/i0.wp.com\/www.vom-taubertal.de\/blog\/wp-content\/uploads\/2013\/10\/Needles_CC.jpg?resize=300%2C111&amp;quality=100&amp;ssl=1 300w\" sizes=\"auto, (max-width: 395px) 100vw, 395px\" \/><\/a>Nachdem ich die Leidenschaft des n\u00e4hens f\u00fcr mich entdeckt habe, springen immer wieder die einen oder anderen h\u00fcbschen Dinge von meiner N\u00e4hmaschine &#8211; auf der neu errichteten Seite k\u00f6nnt ihr diese &#8222;bewundern&#8220; und auch kaufen.<\/p>\n<p>Da viele St\u00fccke echte Unikate sind, kann es nat\u00fcrlich sein, dass es bereits verkauft ist. Aber eine kurze Info an mich und wir gucken mal :-)<\/p>\n<p>Ach ja hier nun der Link zu meiner <strong><a title=\"Needles &amp; More\" href=\"https:\/\/www.facebook.com\/pages\/Needles-More\/579065122194120\" target=\"_blank\">Facebookseite Needles &amp; More <\/a><\/strong><\/p>\n<p><!-- BEGIN PARTNER PROGRAM - DO NOT CHANGE THE PARAMETERS OF THE HYPERLINK --><br \/>\n<script src=\"http:\/\/banners.webmasterplan.com\/view.asp?ref=742300&amp;site=6159&amp;type=html&amp;hnb=3&amp;js=1\" type=\"text\/javascript\"><\/script><br \/>\n<noscript><a href=\"http:\/\/partners.webmasterplan.com\/click.asp?ref=742300&#038;site=6159&#038;type=b1&#038;bnb=1\" target=\"_blank\"><br \/>\n<img decoding=\"async\" src=\"http:\/\/banners.webmasterplan.com\/view.asp?ref=742300&#038;site=6159&#038;b=1\" border=\"0\" title=\"728_90_katze\" alt=\"728_90_katze\"\/><\/a><br \/>\n<\/noscript><br \/>\n<!-- END PARTNER PROGRAM --><\/p>\n","protected":false},"excerpt":{"rendered":"<p>Hallo liebe Besucher, auf dieser Seite will ich sie auf dem laufenden halten, was so in unserer Cattery bei den<\/p>\n","protected":false},"author":1,"featured_media":0,"parent":0,"menu_order":0,"comment_status":"closed","ping_status":"closed","template":"","meta":{"colormag_page_container_layout":"default_layout","colormag_page_sidebar_layout":"default_layout","sfsi_plus_gutenberg_text_before_share":"","sfsi_plus_gutenberg_show_text_before_share":"","sfsi_plus_gutenberg_icon_type":"","sfsi_plus_gutenberg_icon_alignemt":"","sfsi_plus_gutenburg_max_per_row":"","ngg_post_thumbnail":0,"footnotes":""},"class_list":["post-3777","page","type-page","status-publish","hentry"],"yoast_head":"<!-- This site is optimized with the Yoast SEO plugin v27.3 - https:\/\/yoast.com\/product\/yoast-seo-wordpress\/ -->\n<title>Neues von den Taubertalperser\u00a0<\/title>\n<meta name=\"description\" content=\"Die Taubertalperser aus Niederstetten informieren \u00fcber ihre Hobbyzucht, Katzenern\u00e4hrung, Produktvorstellungen und Tests, Haltung und Anschaffung usw.\" \/>\n<meta name=\"robots\" content=\"index, follow, max-snippet:-1, max-image-preview:large, max-video-preview:-1\" \/>\n<link rel=\"canonical\" href=\"https:\/\/www.vom-taubertal.de\/blog\/taubertalperser-niederstetten\/\" \/>\n<meta property=\"og:locale\" content=\"de_DE\" \/>\n<meta property=\"og:type\" content=\"article\" \/>\n<meta property=\"og:title\" content=\"Neues von den Taubertalperser\u00a0\" \/>\n<meta property=\"og:description\" content=\"Die Taubertalperser aus Niederstetten informieren \u00fcber ihre Hobbyzucht, Katzenern\u00e4hrung, Produktvorstellungen und Tests, Haltung und Anschaffung usw.\" \/>\n<meta property=\"og:url\" content=\"https:\/\/www.vom-taubertal.de\/blog\/taubertalperser-niederstetten\/\" \/>\n<meta property=\"og:site_name\" content=\"Die Taubertalperser\" \/>\n<meta property=\"article:modified_time\" content=\"2016-01-02T08:27:07+00:00\" \/>\n<meta property=\"og:image\" content=\"https:\/\/www.vom-taubertal.de\/blog\/wp-content\/uploads\/2015\/01\/cropped-banner_perser-vom-taubertal1.png\" \/>\n<meta name=\"twitter:label1\" content=\"Gesch\u00e4tzte Lesezeit\" \/>\n\t<meta name=\"twitter:data1\" content=\"2\u00a0Minuten\" \/>\n<script type=\"application\/ld+json\" class=\"yoast-schema-graph\">{\"@context\":\"https:\\\/\\\/schema.org\",\"@graph\":[{\"@type\":\"WebPage\",\"@id\":\"https:\\\/\\\/www.vom-taubertal.de\\\/blog\\\/taubertalperser-niederstetten\\\/\",\"url\":\"https:\\\/\\\/www.vom-taubertal.de\\\/blog\\\/taubertalperser-niederstetten\\\/\",\"name\":\"Neues von den Taubertalperser\u00a0\",\"isPartOf\":{\"@id\":\"https:\\\/\\\/www.vom-taubertal.de\\\/blog\\\/#website\"},\"primaryImageOfPage\":{\"@id\":\"https:\\\/\\\/www.vom-taubertal.de\\\/blog\\\/taubertalperser-niederstetten\\\/#primaryimage\"},\"image\":{\"@id\":\"https:\\\/\\\/www.vom-taubertal.de\\\/blog\\\/taubertalperser-niederstetten\\\/#primaryimage\"},\"thumbnailUrl\":\"https:\\\/\\\/www.vom-taubertal.de\\\/blog\\\/wp-content\\\/uploads\\\/2015\\\/01\\\/cropped-banner_perser-vom-taubertal1.png\",\"datePublished\":\"2013-10-05T10:47:54+00:00\",\"dateModified\":\"2016-01-02T08:27:07+00:00\",\"description\":\"Die Taubertalperser aus Niederstetten informieren \u00fcber ihre Hobbyzucht, Katzenern\u00e4hrung, Produktvorstellungen und Tests, Haltung und Anschaffung usw.\",\"breadcrumb\":{\"@id\":\"https:\\\/\\\/www.vom-taubertal.de\\\/blog\\\/taubertalperser-niederstetten\\\/#breadcrumb\"},\"inLanguage\":\"de\",\"potentialAction\":[{\"@type\":\"ReadAction\",\"target\":[\"https:\\\/\\\/www.vom-taubertal.de\\\/blog\\\/taubertalperser-niederstetten\\\/\"]}]},{\"@type\":\"ImageObject\",\"inLanguage\":\"de\",\"@id\":\"https:\\\/\\\/www.vom-taubertal.de\\\/blog\\\/taubertalperser-niederstetten\\\/#primaryimage\",\"url\":\"https:\\\/\\\/i0.wp.com\\\/www.vom-taubertal.de\\\/blog\\\/wp-content\\\/uploads\\\/2015\\\/01\\\/cropped-banner_perser-vom-taubertal1.png?fit=940%2C98&quality=100&ssl=1\",\"contentUrl\":\"https:\\\/\\\/i0.wp.com\\\/www.vom-taubertal.de\\\/blog\\\/wp-content\\\/uploads\\\/2015\\\/01\\\/cropped-banner_perser-vom-taubertal1.png?fit=940%2C98&quality=100&ssl=1\",\"width\":940,\"height\":98},{\"@type\":\"BreadcrumbList\",\"@id\":\"https:\\\/\\\/www.vom-taubertal.de\\\/blog\\\/taubertalperser-niederstetten\\\/#breadcrumb\",\"itemListElement\":[{\"@type\":\"ListItem\",\"position\":1,\"name\":\"Home\",\"item\":\"https:\\\/\\\/www.vom-taubertal.de\\\/blog\\\/\"},{\"@type\":\"ListItem\",\"position\":2,\"name\":\"Neues von den Taubertalpersern\"}]},{\"@type\":\"WebSite\",\"@id\":\"https:\\\/\\\/www.vom-taubertal.de\\\/blog\\\/#website\",\"url\":\"https:\\\/\\\/www.vom-taubertal.de\\\/blog\\\/\",\"name\":\"Die Taubertalperser\",\"description\":\"Alles \u00fcber und f\u00fcr Katzen \",\"publisher\":{\"@id\":\"https:\\\/\\\/www.vom-taubertal.de\\\/blog\\\/#\\\/schema\\\/person\\\/368654e092f5785df440fe834ecc3049\"},\"potentialAction\":[{\"@type\":\"SearchAction\",\"target\":{\"@type\":\"EntryPoint\",\"urlTemplate\":\"https:\\\/\\\/www.vom-taubertal.de\\\/blog\\\/?s={search_term_string}\"},\"query-input\":{\"@type\":\"PropertyValueSpecification\",\"valueRequired\":true,\"valueName\":\"search_term_string\"}}],\"inLanguage\":\"de\"},{\"@type\":[\"Person\",\"Organization\"],\"@id\":\"https:\\\/\\\/www.vom-taubertal.de\\\/blog\\\/#\\\/schema\\\/person\\\/368654e092f5785df440fe834ecc3049\",\"name\":\"afrank\",\"image\":{\"@type\":\"ImageObject\",\"inLanguage\":\"de\",\"@id\":\"https:\\\/\\\/www.vom-taubertal.de\\\/blog\\\/wp-content\\\/uploads\\\/2019\\\/03\\\/Andrea_Dividi_02.jpg\",\"url\":\"https:\\\/\\\/www.vom-taubertal.de\\\/blog\\\/wp-content\\\/uploads\\\/2019\\\/03\\\/Andrea_Dividi_02.jpg\",\"contentUrl\":\"https:\\\/\\\/www.vom-taubertal.de\\\/blog\\\/wp-content\\\/uploads\\\/2019\\\/03\\\/Andrea_Dividi_02.jpg\",\"width\":653,\"height\":800,\"caption\":\"afrank\"},\"logo\":{\"@id\":\"https:\\\/\\\/www.vom-taubertal.de\\\/blog\\\/wp-content\\\/uploads\\\/2019\\\/03\\\/Andrea_Dividi_02.jpg\"}}]}<\/script>\n<!-- \/ Yoast SEO plugin. -->","yoast_head_json":{"title":"Neues von den Taubertalperser\u00a0","description":"Die Taubertalperser aus Niederstetten informieren \u00fcber ihre Hobbyzucht, Katzenern\u00e4hrung, Produktvorstellungen und Tests, Haltung und Anschaffung usw.","robots":{"index":"index","follow":"follow","max-snippet":"max-snippet:-1","max-image-preview":"max-image-preview:large","max-video-preview":"max-video-preview:-1"},"canonical":"https:\/\/www.vom-taubertal.de\/blog\/taubertalperser-niederstetten\/","og_locale":"de_DE","og_type":"article","og_title":"Neues von den Taubertalperser\u00a0","og_description":"Die Taubertalperser aus Niederstetten informieren \u00fcber ihre Hobbyzucht, Katzenern\u00e4hrung, Produktvorstellungen und Tests, Haltung und Anschaffung usw.","og_url":"https:\/\/www.vom-taubertal.de\/blog\/taubertalperser-niederstetten\/","og_site_name":"Die Taubertalperser","article_modified_time":"2016-01-02T08:27:07+00:00","og_image":[{"url":"https:\/\/www.vom-taubertal.de\/blog\/wp-content\/uploads\/2015\/01\/cropped-banner_perser-vom-taubertal1.png","type":"","width":"","height":""}],"twitter_misc":{"Gesch\u00e4tzte Lesezeit":"2\u00a0Minuten"},"schema":{"@context":"https:\/\/schema.org","@graph":[{"@type":"WebPage","@id":"https:\/\/www.vom-taubertal.de\/blog\/taubertalperser-niederstetten\/","url":"https:\/\/www.vom-taubertal.de\/blog\/taubertalperser-niederstetten\/","name":"Neues von den Taubertalperser\u00a0","isPartOf":{"@id":"https:\/\/www.vom-taubertal.de\/blog\/#website"},"primaryImageOfPage":{"@id":"https:\/\/www.vom-taubertal.de\/blog\/taubertalperser-niederstetten\/#primaryimage"},"image":{"@id":"https:\/\/www.vom-taubertal.de\/blog\/taubertalperser-niederstetten\/#primaryimage"},"thumbnailUrl":"https:\/\/www.vom-taubertal.de\/blog\/wp-content\/uploads\/2015\/01\/cropped-banner_perser-vom-taubertal1.png","datePublished":"2013-10-05T10:47:54+00:00","dateModified":"2016-01-02T08:27:07+00:00","description":"Die Taubertalperser aus Niederstetten informieren \u00fcber ihre Hobbyzucht, Katzenern\u00e4hrung, Produktvorstellungen und Tests, Haltung und Anschaffung usw.","breadcrumb":{"@id":"https:\/\/www.vom-taubertal.de\/blog\/taubertalperser-niederstetten\/#breadcrumb"},"inLanguage":"de","potentialAction":[{"@type":"ReadAction","target":["https:\/\/www.vom-taubertal.de\/blog\/taubertalperser-niederstetten\/"]}]},{"@type":"ImageObject","inLanguage":"de","@id":"https:\/\/www.vom-taubertal.de\/blog\/taubertalperser-niederstetten\/#primaryimage","url":"https:\/\/i0.wp.com\/www.vom-taubertal.de\/blog\/wp-content\/uploads\/2015\/01\/cropped-banner_perser-vom-taubertal1.png?fit=940%2C98&quality=100&ssl=1","contentUrl":"https:\/\/i0.wp.com\/www.vom-taubertal.de\/blog\/wp-content\/uploads\/2015\/01\/cropped-banner_perser-vom-taubertal1.png?fit=940%2C98&quality=100&ssl=1","width":940,"height":98},{"@type":"BreadcrumbList","@id":"https:\/\/www.vom-taubertal.de\/blog\/taubertalperser-niederstetten\/#breadcrumb","itemListElement":[{"@type":"ListItem","position":1,"name":"Home","item":"https:\/\/www.vom-taubertal.de\/blog\/"},{"@type":"ListItem","position":2,"name":"Neues von den Taubertalpersern"}]},{"@type":"WebSite","@id":"https:\/\/www.vom-taubertal.de\/blog\/#website","url":"https:\/\/www.vom-taubertal.de\/blog\/","name":"Die Taubertalperser","description":"Alles \u00fcber und f\u00fcr Katzen ","publisher":{"@id":"https:\/\/www.vom-taubertal.de\/blog\/#\/schema\/person\/368654e092f5785df440fe834ecc3049"},"potentialAction":[{"@type":"SearchAction","target":{"@type":"EntryPoint","urlTemplate":"https:\/\/www.vom-taubertal.de\/blog\/?s={search_term_string}"},"query-input":{"@type":"PropertyValueSpecification","valueRequired":true,"valueName":"search_term_string"}}],"inLanguage":"de"},{"@type":["Person","Organization"],"@id":"https:\/\/www.vom-taubertal.de\/blog\/#\/schema\/person\/368654e092f5785df440fe834ecc3049","name":"afrank","image":{"@type":"ImageObject","inLanguage":"de","@id":"https:\/\/www.vom-taubertal.de\/blog\/wp-content\/uploads\/2019\/03\/Andrea_Dividi_02.jpg","url":"https:\/\/www.vom-taubertal.de\/blog\/wp-content\/uploads\/2019\/03\/Andrea_Dividi_02.jpg","contentUrl":"https:\/\/www.vom-taubertal.de\/blog\/wp-content\/uploads\/2019\/03\/Andrea_Dividi_02.jpg","width":653,"height":800,"caption":"afrank"},"logo":{"@id":"https:\/\/www.vom-taubertal.de\/blog\/wp-content\/uploads\/2019\/03\/Andrea_Dividi_02.jpg"}}]}},"jetpack_sharing_enabled":true,"_links":{"self":[{"href":"https:\/\/www.vom-taubertal.de\/blog\/wp-json\/wp\/v2\/pages\/3777","targetHints":{"allow":["GET"]}}],"collection":[{"href":"https:\/\/www.vom-taubertal.de\/blog\/wp-json\/wp\/v2\/pages"}],"about":[{"href":"https:\/\/www.vom-taubertal.de\/blog\/wp-json\/wp\/v2\/types\/page"}],"author":[{"embeddable":true,"href":"https:\/\/www.vom-taubertal.de\/blog\/wp-json\/wp\/v2\/users\/1"}],"replies":[{"embeddable":true,"href":"https:\/\/www.vom-taubertal.de\/blog\/wp-json\/wp\/v2\/comments?post=3777"}],"version-history":[{"count":66,"href":"https:\/\/www.vom-taubertal.de\/blog\/wp-json\/wp\/v2\/pages\/3777\/revisions"}],"predecessor-version":[{"id":12948,"href":"https:\/\/www.vom-taubertal.de\/blog\/wp-json\/wp\/v2\/pages\/3777\/revisions\/12948"}],"wp:attachment":[{"href":"https:\/\/www.vom-taubertal.de\/blog\/wp-json\/wp\/v2\/media?parent=3777"}],"curies":[{"name":"wp","href":"https:\/\/api.w.org\/{rel}","templated":true}]}}