{"id":3905,"date":"2013-11-04T18:42:48","date_gmt":"2013-11-04T16:42:48","guid":{"rendered":"http:\/\/www.vom-taubertal.de\/blog\/?page_id=3905"},"modified":"2024-04-09T12:31:26","modified_gmt":"2024-04-09T10:31:26","slug":"katzenquiz","status":"publish","type":"page","link":"https:\/\/www.vom-taubertal.de\/blog\/katzenquiz\/","title":{"rendered":"Katzenquiz"},"content":{"rendered":"<p>Hier findet ihr das eine oder andere Quiz rund um unsere liebsten Hausgenossen &#8211; den Katzen.<\/p>\n<p>Machen wir uns nichts vor, es gibt Tage da haben wir mehr oder weniger Langeweile oder absolut keine Lust unseren allerliebsten Hintern vom Sofa zu erheben :-) Ist so, ist menschlich und okay :-)<br \/>\nDamit ihr aber doch die eine oder andere Abwechslung habt, habe ich mir gedacht ich mache euch noch zus\u00e4tzlich zu den vielen Info-Beitr\u00e4gen und Futtertests noch die eine oder andere Unterhaltungsseite hier in meinem Blog :-)<br \/>\nW\u00fcrde mich freuen wenn ihr dies rege nutzt, viel Spa\u00df dabei habt und wenn ihr dies auch teilt, so dass auch andere Spa\u00df haben k\u00f6nnen :-)<\/p>\n<p>Mit einem Klick auf das jeweilige Bild kommt ihr zum gew\u00fcnschten Quiz. Und ich sollte euch darauf hinweisen &#8211; es kommen da noch zwei, drei weitere Quiz dazu :-) Also \u00f6fters mal vorbeischauen k\u00f6nnte sich doch noch lohnen :-)<\/p>\n<p>Manche der Quiz wie <strong>&#8222;Rekorde aus der Welt der Katzen&#8220;<\/strong> oder auch <strong>&#8222;Allerlei aus der Welt der Katzen&#8220;<\/strong> werden f\u00fcr diejenigen sehr leicht sein, die mir bei Facebook und \/ oder Instagram folgen. Aber manche werden es ganz sch\u00f6n in sich haben und euch vor die eine oder andere Herausforderung stellen :-) So ist ein Quiz geplant zum Thema Verhalten aber auch Gesundheit oder diverse Katzenrassen werden nicht zu kurz kommen.<\/p>\n<p>Falls ihr noch weitere W\u00fcnsche habt in Bezug auf &#8222;Unterhaltung&#8220; k\u00f6nnt ihr dies gerne anmerken, vielleicht ist es mir m\u00f6glich diesen Wunsch zu erf\u00fcllen :-)<\/p>\n<p><a href=\"https:\/\/wp.me\/p68skG-9nw\" target=\"_blank\" rel=\"noopener\"><img data-recalc-dims=\"1\" loading=\"lazy\" decoding=\"async\" class=\"size-full wp-image-36052 alignleft\" src=\"https:\/\/i0.wp.com\/www.vom-taubertal.de\/blog\/wp-content\/uploads\/2024\/03\/Rekorde-aus-der-Welt.jpg?resize=300%2C300&#038;quality=100&#038;ssl=1\" alt=\"\" width=\"300\" height=\"300\" srcset=\"https:\/\/i0.wp.com\/www.vom-taubertal.de\/blog\/wp-content\/uploads\/2024\/03\/Rekorde-aus-der-Welt.jpg?w=300&amp;quality=100&amp;ssl=1 300w, https:\/\/i0.wp.com\/www.vom-taubertal.de\/blog\/wp-content\/uploads\/2024\/03\/Rekorde-aus-der-Welt.jpg?resize=150%2C150&amp;quality=100&amp;ssl=1 150w\" sizes=\"auto, (max-width: 300px) 100vw, 300px\" \/><\/a><a href=\"https:\/\/wp.me\/p68skG-9nQ\" target=\"_blank\" rel=\"noopener\"><img data-recalc-dims=\"1\" loading=\"lazy\" decoding=\"async\" class=\"alignleft size-full wp-image-36068\" src=\"https:\/\/i0.wp.com\/www.vom-taubertal.de\/blog\/wp-content\/uploads\/2024\/03\/Katzenquiz-Allerlei.jpg?resize=300%2C300&#038;quality=100&#038;ssl=1\" alt=\"\" width=\"300\" height=\"300\" srcset=\"https:\/\/i0.wp.com\/www.vom-taubertal.de\/blog\/wp-content\/uploads\/2024\/03\/Katzenquiz-Allerlei.jpg?w=300&amp;quality=100&amp;ssl=1 300w, https:\/\/i0.wp.com\/www.vom-taubertal.de\/blog\/wp-content\/uploads\/2024\/03\/Katzenquiz-Allerlei.jpg?resize=150%2C150&amp;quality=100&amp;ssl=1 150w\" sizes=\"auto, (max-width: 300px) 100vw, 300px\" \/><\/a><a href=\"https:\/\/wp.me\/p68skG-9vu\" target=\"_blank\" rel=\"noopener\"><img data-recalc-dims=\"1\" loading=\"lazy\" decoding=\"async\" class=\"size-full wp-image-36547\" src=\"https:\/\/i0.wp.com\/www.vom-taubertal.de\/blog\/wp-content\/uploads\/2024\/04\/beruehmte-Katzen.jpg?resize=300%2C300&#038;quality=100&#038;ssl=1\" alt=\"Ber\u00fchmte Katzen\" width=\"300\" height=\"300\" srcset=\"https:\/\/i0.wp.com\/www.vom-taubertal.de\/blog\/wp-content\/uploads\/2024\/04\/beruehmte-Katzen.jpg?w=300&amp;quality=100&amp;ssl=1 300w, https:\/\/i0.wp.com\/www.vom-taubertal.de\/blog\/wp-content\/uploads\/2024\/04\/beruehmte-Katzen.jpg?resize=150%2C150&amp;quality=100&amp;ssl=1 150w\" sizes=\"auto, (max-width: 300px) 100vw, 300px\" \/><\/a><\/p>\n<p>&nbsp;<\/p>\n<hr>\n<p>Hat dir dieser Beitrag gefallen und du m\u00f6chtest auch in der Zukunft keine tollen Tipps zur Katzenhaltung oder interessante Produktempfehlungen verpassen?<br \/>\nAbonniere einfach unseren Blog und erhalte die neuesten Beitr\u00e4ge einfach direkt in den Mailfach.<\/p>\n<p>Gerne darfst du auch unsere Beitr\u00e4ge mit anderen Katzenliebhabern teilen.<\/p>\n<p><script async=\"\" src=\"https:\/\/pagead2.googlesyndication.com\/pagead\/js\/adsbygoogle.js?client=ca-pub-3363977028533397\" crossorigin=\"anonymous\"><\/script><br \/>\n<ins class=\"adsbygoogle\" style=\"display: block;\" data-ad-format=\"autorelaxed\" data-ad-client=\"ca-pub-3363977028533397\" data-ad-slot=\"1497449773\"><\/ins><br \/>\n<script>\n     (adsbygoogle = window.adsbygoogle || []).push({});\n<\/script><\/p>\n<p><!-- START ADVERTISER: Petplan DE from awin.com --><\/p>\n<p><a href=\"https:\/\/www.awin1.com\/cread.php?s=2426475&amp;v=13775&amp;q=367216&amp;r=557159\" rel=\"sponsored\"><br \/>\n<img decoding=\"async\" class=\"aligncenter\" src=\"https:\/\/www.awin1.com\/cshow.php?s=2426475&amp;v=13775&amp;q=367216&amp;r=557159\" border=\"0\"><br \/>\n<\/a><\/p>\n","protected":false},"excerpt":{"rendered":"<p>Hier findet ihr das eine oder andere Quiz rund um unsere liebsten Hausgenossen &#8211; den Katzen. Machen wir uns nichts<\/p>\n","protected":false},"author":1,"featured_media":36162,"parent":0,"menu_order":0,"comment_status":"closed","ping_status":"open","template":"","meta":{"colormag_page_container_layout":"default_layout","colormag_page_sidebar_layout":"default_layout","sfsi_plus_gutenberg_text_before_share":"","sfsi_plus_gutenberg_show_text_before_share":"","sfsi_plus_gutenberg_icon_type":"","sfsi_plus_gutenberg_icon_alignemt":"","sfsi_plus_gutenburg_max_per_row":"","ngg_post_thumbnail":0,"footnotes":""},"class_list":["post-3905","page","type-page","status-publish","has-post-thumbnail","hentry"],"yoast_head":"<!-- This site is optimized with the Yoast SEO plugin v27.4 - https:\/\/yoast.com\/product\/yoast-seo-wordpress\/ -->\n<title>Katzenquiz - Unterhaltung f\u00fcr den Katzenliebhaber<\/title>\n<meta name=\"description\" content=\"Hier findet ihr ab sofort das eine oder andere Quiz. Mehr sind geplant, seid also gespannt was da noch so kommen mag.\" \/>\n<meta name=\"robots\" content=\"index, follow, max-snippet:-1, max-image-preview:large, max-video-preview:-1\" \/>\n<link rel=\"canonical\" href=\"https:\/\/www.vom-taubertal.de\/blog\/katzenquiz\/\" \/>\n<meta property=\"og:locale\" content=\"de_DE\" \/>\n<meta property=\"og:type\" content=\"article\" \/>\n<meta property=\"og:title\" content=\"Katzenquiz - Unterhaltung f\u00fcr den Katzenliebhaber\" \/>\n<meta property=\"og:description\" content=\"Hier findet ihr ab sofort das eine oder andere Quiz. Mehr sind geplant, seid also gespannt was da noch so kommen mag.\" \/>\n<meta property=\"og:url\" content=\"https:\/\/www.vom-taubertal.de\/blog\/katzenquiz\/\" \/>\n<meta property=\"og:site_name\" content=\"Die Taubertalperser\" \/>\n<meta property=\"article:modified_time\" content=\"2024-04-09T10:31:26+00:00\" \/>\n<meta property=\"og:image\" content=\"https:\/\/www.vom-taubertal.de\/blog\/wp-content\/uploads\/2024\/03\/Katzenquiz-Titelbild.jpg\" \/>\n\t<meta property=\"og:image:width\" content=\"800\" \/>\n\t<meta property=\"og:image:height\" content=\"300\" \/>\n\t<meta property=\"og:image:type\" content=\"image\/jpeg\" \/>\n<meta name=\"twitter:label1\" content=\"Gesch\u00e4tzte Lesezeit\" \/>\n\t<meta name=\"twitter:data1\" content=\"3\u00a0Minuten\" \/>\n<script type=\"application\/ld+json\" class=\"yoast-schema-graph\">{\"@context\":\"https:\\\/\\\/schema.org\",\"@graph\":[{\"@type\":\"WebPage\",\"@id\":\"https:\\\/\\\/www.vom-taubertal.de\\\/blog\\\/katzenquiz\\\/\",\"url\":\"https:\\\/\\\/www.vom-taubertal.de\\\/blog\\\/katzenquiz\\\/\",\"name\":\"Katzenquiz - Unterhaltung f\u00fcr den Katzenliebhaber\",\"isPartOf\":{\"@id\":\"https:\\\/\\\/www.vom-taubertal.de\\\/blog\\\/#website\"},\"primaryImageOfPage\":{\"@id\":\"https:\\\/\\\/www.vom-taubertal.de\\\/blog\\\/katzenquiz\\\/#primaryimage\"},\"image\":{\"@id\":\"https:\\\/\\\/www.vom-taubertal.de\\\/blog\\\/katzenquiz\\\/#primaryimage\"},\"thumbnailUrl\":\"https:\\\/\\\/i0.wp.com\\\/www.vom-taubertal.de\\\/blog\\\/wp-content\\\/uploads\\\/2024\\\/03\\\/Katzenquiz-Titelbild.jpg?fit=800%2C300&quality=100&ssl=1\",\"datePublished\":\"2013-11-04T16:42:48+00:00\",\"dateModified\":\"2024-04-09T10:31:26+00:00\",\"description\":\"Hier findet ihr ab sofort das eine oder andere Quiz. Mehr sind geplant, seid also gespannt was da noch so kommen mag.\",\"breadcrumb\":{\"@id\":\"https:\\\/\\\/www.vom-taubertal.de\\\/blog\\\/katzenquiz\\\/#breadcrumb\"},\"inLanguage\":\"de\",\"potentialAction\":[{\"@type\":\"ReadAction\",\"target\":[\"https:\\\/\\\/www.vom-taubertal.de\\\/blog\\\/katzenquiz\\\/\"]}]},{\"@type\":\"ImageObject\",\"inLanguage\":\"de\",\"@id\":\"https:\\\/\\\/www.vom-taubertal.de\\\/blog\\\/katzenquiz\\\/#primaryimage\",\"url\":\"https:\\\/\\\/i0.wp.com\\\/www.vom-taubertal.de\\\/blog\\\/wp-content\\\/uploads\\\/2024\\\/03\\\/Katzenquiz-Titelbild.jpg?fit=800%2C300&quality=100&ssl=1\",\"contentUrl\":\"https:\\\/\\\/i0.wp.com\\\/www.vom-taubertal.de\\\/blog\\\/wp-content\\\/uploads\\\/2024\\\/03\\\/Katzenquiz-Titelbild.jpg?fit=800%2C300&quality=100&ssl=1\",\"width\":800,\"height\":300,\"caption\":\"Katzenquiz Titelbild\"},{\"@type\":\"BreadcrumbList\",\"@id\":\"https:\\\/\\\/www.vom-taubertal.de\\\/blog\\\/katzenquiz\\\/#breadcrumb\",\"itemListElement\":[{\"@type\":\"ListItem\",\"position\":1,\"name\":\"Home\",\"item\":\"https:\\\/\\\/www.vom-taubertal.de\\\/blog\\\/\"},{\"@type\":\"ListItem\",\"position\":2,\"name\":\"Katzenquiz\"}]},{\"@type\":\"WebSite\",\"@id\":\"https:\\\/\\\/www.vom-taubertal.de\\\/blog\\\/#website\",\"url\":\"https:\\\/\\\/www.vom-taubertal.de\\\/blog\\\/\",\"name\":\"Die Taubertalperser\",\"description\":\"Alles \u00fcber und f\u00fcr Katzen \",\"publisher\":{\"@id\":\"https:\\\/\\\/www.vom-taubertal.de\\\/blog\\\/#\\\/schema\\\/person\\\/368654e092f5785df440fe834ecc3049\"},\"potentialAction\":[{\"@type\":\"SearchAction\",\"target\":{\"@type\":\"EntryPoint\",\"urlTemplate\":\"https:\\\/\\\/www.vom-taubertal.de\\\/blog\\\/?s={search_term_string}\"},\"query-input\":{\"@type\":\"PropertyValueSpecification\",\"valueRequired\":true,\"valueName\":\"search_term_string\"}}],\"inLanguage\":\"de\"},{\"@type\":[\"Person\",\"Organization\"],\"@id\":\"https:\\\/\\\/www.vom-taubertal.de\\\/blog\\\/#\\\/schema\\\/person\\\/368654e092f5785df440fe834ecc3049\",\"name\":\"afrank\",\"image\":{\"@type\":\"ImageObject\",\"inLanguage\":\"de\",\"@id\":\"https:\\\/\\\/www.vom-taubertal.de\\\/blog\\\/wp-content\\\/uploads\\\/2019\\\/03\\\/Andrea_Dividi_02.jpg\",\"url\":\"https:\\\/\\\/www.vom-taubertal.de\\\/blog\\\/wp-content\\\/uploads\\\/2019\\\/03\\\/Andrea_Dividi_02.jpg\",\"contentUrl\":\"https:\\\/\\\/www.vom-taubertal.de\\\/blog\\\/wp-content\\\/uploads\\\/2019\\\/03\\\/Andrea_Dividi_02.jpg\",\"width\":653,\"height\":800,\"caption\":\"afrank\"},\"logo\":{\"@id\":\"https:\\\/\\\/www.vom-taubertal.de\\\/blog\\\/wp-content\\\/uploads\\\/2019\\\/03\\\/Andrea_Dividi_02.jpg\"}}]}<\/script>\n<!-- \/ Yoast SEO plugin. -->","yoast_head_json":{"title":"Katzenquiz - Unterhaltung f\u00fcr den Katzenliebhaber","description":"Hier findet ihr ab sofort das eine oder andere Quiz. Mehr sind geplant, seid also gespannt was da noch so kommen mag.","robots":{"index":"index","follow":"follow","max-snippet":"max-snippet:-1","max-image-preview":"max-image-preview:large","max-video-preview":"max-video-preview:-1"},"canonical":"https:\/\/www.vom-taubertal.de\/blog\/katzenquiz\/","og_locale":"de_DE","og_type":"article","og_title":"Katzenquiz - Unterhaltung f\u00fcr den Katzenliebhaber","og_description":"Hier findet ihr ab sofort das eine oder andere Quiz. Mehr sind geplant, seid also gespannt was da noch so kommen mag.","og_url":"https:\/\/www.vom-taubertal.de\/blog\/katzenquiz\/","og_site_name":"Die Taubertalperser","article_modified_time":"2024-04-09T10:31:26+00:00","og_image":[{"width":800,"height":300,"url":"https:\/\/www.vom-taubertal.de\/blog\/wp-content\/uploads\/2024\/03\/Katzenquiz-Titelbild.jpg","type":"image\/jpeg"}],"twitter_misc":{"Gesch\u00e4tzte Lesezeit":"3\u00a0Minuten"},"schema":{"@context":"https:\/\/schema.org","@graph":[{"@type":"WebPage","@id":"https:\/\/www.vom-taubertal.de\/blog\/katzenquiz\/","url":"https:\/\/www.vom-taubertal.de\/blog\/katzenquiz\/","name":"Katzenquiz - Unterhaltung f\u00fcr den Katzenliebhaber","isPartOf":{"@id":"https:\/\/www.vom-taubertal.de\/blog\/#website"},"primaryImageOfPage":{"@id":"https:\/\/www.vom-taubertal.de\/blog\/katzenquiz\/#primaryimage"},"image":{"@id":"https:\/\/www.vom-taubertal.de\/blog\/katzenquiz\/#primaryimage"},"thumbnailUrl":"https:\/\/i0.wp.com\/www.vom-taubertal.de\/blog\/wp-content\/uploads\/2024\/03\/Katzenquiz-Titelbild.jpg?fit=800%2C300&quality=100&ssl=1","datePublished":"2013-11-04T16:42:48+00:00","dateModified":"2024-04-09T10:31:26+00:00","description":"Hier findet ihr ab sofort das eine oder andere Quiz. Mehr sind geplant, seid also gespannt was da noch so kommen mag.","breadcrumb":{"@id":"https:\/\/www.vom-taubertal.de\/blog\/katzenquiz\/#breadcrumb"},"inLanguage":"de","potentialAction":[{"@type":"ReadAction","target":["https:\/\/www.vom-taubertal.de\/blog\/katzenquiz\/"]}]},{"@type":"ImageObject","inLanguage":"de","@id":"https:\/\/www.vom-taubertal.de\/blog\/katzenquiz\/#primaryimage","url":"https:\/\/i0.wp.com\/www.vom-taubertal.de\/blog\/wp-content\/uploads\/2024\/03\/Katzenquiz-Titelbild.jpg?fit=800%2C300&quality=100&ssl=1","contentUrl":"https:\/\/i0.wp.com\/www.vom-taubertal.de\/blog\/wp-content\/uploads\/2024\/03\/Katzenquiz-Titelbild.jpg?fit=800%2C300&quality=100&ssl=1","width":800,"height":300,"caption":"Katzenquiz Titelbild"},{"@type":"BreadcrumbList","@id":"https:\/\/www.vom-taubertal.de\/blog\/katzenquiz\/#breadcrumb","itemListElement":[{"@type":"ListItem","position":1,"name":"Home","item":"https:\/\/www.vom-taubertal.de\/blog\/"},{"@type":"ListItem","position":2,"name":"Katzenquiz"}]},{"@type":"WebSite","@id":"https:\/\/www.vom-taubertal.de\/blog\/#website","url":"https:\/\/www.vom-taubertal.de\/blog\/","name":"Die Taubertalperser","description":"Alles \u00fcber und f\u00fcr Katzen ","publisher":{"@id":"https:\/\/www.vom-taubertal.de\/blog\/#\/schema\/person\/368654e092f5785df440fe834ecc3049"},"potentialAction":[{"@type":"SearchAction","target":{"@type":"EntryPoint","urlTemplate":"https:\/\/www.vom-taubertal.de\/blog\/?s={search_term_string}"},"query-input":{"@type":"PropertyValueSpecification","valueRequired":true,"valueName":"search_term_string"}}],"inLanguage":"de"},{"@type":["Person","Organization"],"@id":"https:\/\/www.vom-taubertal.de\/blog\/#\/schema\/person\/368654e092f5785df440fe834ecc3049","name":"afrank","image":{"@type":"ImageObject","inLanguage":"de","@id":"https:\/\/www.vom-taubertal.de\/blog\/wp-content\/uploads\/2019\/03\/Andrea_Dividi_02.jpg","url":"https:\/\/www.vom-taubertal.de\/blog\/wp-content\/uploads\/2019\/03\/Andrea_Dividi_02.jpg","contentUrl":"https:\/\/www.vom-taubertal.de\/blog\/wp-content\/uploads\/2019\/03\/Andrea_Dividi_02.jpg","width":653,"height":800,"caption":"afrank"},"logo":{"@id":"https:\/\/www.vom-taubertal.de\/blog\/wp-content\/uploads\/2019\/03\/Andrea_Dividi_02.jpg"}}]}},"jetpack_sharing_enabled":true,"_links":{"self":[{"href":"https:\/\/www.vom-taubertal.de\/blog\/wp-json\/wp\/v2\/pages\/3905","targetHints":{"allow":["GET"]}}],"collection":[{"href":"https:\/\/www.vom-taubertal.de\/blog\/wp-json\/wp\/v2\/pages"}],"about":[{"href":"https:\/\/www.vom-taubertal.de\/blog\/wp-json\/wp\/v2\/types\/page"}],"author":[{"embeddable":true,"href":"https:\/\/www.vom-taubertal.de\/blog\/wp-json\/wp\/v2\/users\/1"}],"replies":[{"embeddable":true,"href":"https:\/\/www.vom-taubertal.de\/blog\/wp-json\/wp\/v2\/comments?post=3905"}],"version-history":[{"count":38,"href":"https:\/\/www.vom-taubertal.de\/blog\/wp-json\/wp\/v2\/pages\/3905\/revisions"}],"predecessor-version":[{"id":36469,"href":"https:\/\/www.vom-taubertal.de\/blog\/wp-json\/wp\/v2\/pages\/3905\/revisions\/36469"}],"wp:featuredmedia":[{"embeddable":true,"href":"https:\/\/www.vom-taubertal.de\/blog\/wp-json\/wp\/v2\/media\/36162"}],"wp:attachment":[{"href":"https:\/\/www.vom-taubertal.de\/blog\/wp-json\/wp\/v2\/media?parent=3905"}],"curies":[{"name":"wp","href":"https:\/\/api.w.org\/{rel}","templated":true}]}}