{"id":4052,"date":"2013-12-15T21:16:26","date_gmt":"2013-12-15T19:16:26","guid":{"rendered":"http:\/\/www.vom-taubertal.de\/blog\/?page_id=4052"},"modified":"2014-05-11T21:33:19","modified_gmt":"2014-05-11T19:33:19","slug":"gwenni","status":"publish","type":"page","link":"https:\/\/www.vom-taubertal.de\/blog\/gwenni\/","title":{"rendered":"Gwenni"},"content":{"rendered":"<h3><span style=\"color: #ff0000;\">Sweet Gwend0line vom Taubertal<\/span><\/h3>\n<p>Unser kleines Nachwuchssternchen Sweet Gwendoline vom Taubertal, liebevoll Gwenni gerufen,\u00a0 wurde am 1. September 2013 geboren.<\/p>\n<p>Sie stammt aus der Verpaarung Gr. Worldchampion Angel vom Taubertal x Gr. Int. Ch. Prinzipals Avalon.<\/p>\n<figure id=\"attachment_3504\" aria-describedby=\"caption-attachment-3504\" style=\"width: 260px\" class=\"wp-caption aligncenter\"><a href=\"https:\/\/i0.wp.com\/www.vom-taubertal.de\/blog\/wp-content\/uploads\/2013\/09\/angel-004.jpg?quality=100&#038;ssl=1\"><img data-recalc-dims=\"1\" loading=\"lazy\" decoding=\"async\" class=\" wp-image-3504\" src=\"https:\/\/i0.wp.com\/www.vom-taubertal.de\/blog\/wp-content\/uploads\/2013\/09\/angel-004.jpg?resize=260%2C390&#038;quality=100&#038;ssl=1\" alt=\"angel-004\" width=\"260\" height=\"390\" \/><\/a><figcaption id=\"caption-attachment-3504\" class=\"wp-caption-text\">Gr. World Champion Angel vom Taubertal. liebevoll nur Zwetschke gerufen.<\/figcaption><\/figure>\n<figure id=\"attachment_3423\" aria-describedby=\"caption-attachment-3423\" style=\"width: 433px\" class=\"wp-caption aligncenter\"><a href=\"https:\/\/i0.wp.com\/www.vom-taubertal.de\/blog\/wp-content\/uploads\/2013\/09\/Avalon02.jpg?quality=100&#038;ssl=1\"><img data-recalc-dims=\"1\" loading=\"lazy\" decoding=\"async\" class=\" wp-image-3423\" src=\"https:\/\/i0.wp.com\/www.vom-taubertal.de\/blog\/wp-content\/uploads\/2013\/09\/Avalon02.jpg?resize=433%2C290&#038;quality=100&#038;ssl=1\" alt=\"Avalon02\" width=\"433\" height=\"290\" \/><\/a><figcaption id=\"caption-attachment-3423\" class=\"wp-caption-text\">Gr. Int. Champion Prinzipals Avalon oder auch Loni genannt<\/figcaption><\/figure>\n<p>Viel gibt es von ihr in der kurzen Zeit ja noch nicht zu berichten, au\u00dfer das sie eine total entz\u00fcckende kleine Katze ist und uns mit ihrer s\u00fc\u00dfen Art total schnell um den Finger wickelt.<\/p>\n<p>Ach, sie war bereits einmal erfolgreich auf einer Ausstellung vertreten und bekam dort zweimal CACP und zweimal Ex 1. Das sie gemeinsam mit ihren Geschwistern Best in Show war &#8230;..<\/p>\n<p>Man darf gespannt sein was da noch kommt :-)<\/p>\n<p><a href=\"https:\/\/i0.wp.com\/www.vom-taubertal.de\/blog\/wp-content\/uploads\/2013\/12\/2J7P1172.jpg?quality=100&#038;ssl=1\"><img data-recalc-dims=\"1\" loading=\"lazy\" decoding=\"async\" class=\"aligncenter size-medium wp-image-4053\" src=\"https:\/\/i0.wp.com\/www.vom-taubertal.de\/blog\/wp-content\/uploads\/2013\/12\/2J7P1172.jpg?resize=300%2C200&#038;quality=100&#038;ssl=1\" alt=\"2J7P1172\" width=\"300\" height=\"200\" srcset=\"https:\/\/i0.wp.com\/www.vom-taubertal.de\/blog\/wp-content\/uploads\/2013\/12\/2J7P1172.jpg?resize=300%2C200&amp;quality=100&amp;ssl=1 300w, https:\/\/i0.wp.com\/www.vom-taubertal.de\/blog\/wp-content\/uploads\/2013\/12\/2J7P1172.jpg?w=650&amp;quality=100&amp;ssl=1 650w\" sizes=\"auto, (max-width: 300px) 100vw, 300px\" \/><\/a><\/p>\n<p>Hier k\u00f6nnt ihr die sch\u00f6nsten Babybilder von ihr sehen<\/p>\nngg_shortcode_0_placeholder\n<p>Nat\u00fcrlich ist mittlerweile unsere kleine Gwenni schon ein wenig gr\u00f6\u00dfer geworden und so gibt es neue Fotos von ihr :-)<\/p>\n<p><a href=\"https:\/\/i0.wp.com\/www.vom-taubertal.de\/blog\/wp-content\/uploads\/2013\/12\/IMG_4989.jpg?quality=100&#038;ssl=1\"><img data-recalc-dims=\"1\" loading=\"lazy\" decoding=\"async\" class=\"aligncenter size-full wp-image-6019\" src=\"https:\/\/i0.wp.com\/www.vom-taubertal.de\/blog\/wp-content\/uploads\/2013\/12\/IMG_4989.jpg?resize=800%2C533&#038;quality=100&#038;ssl=1\" alt=\"IMG_4989\" width=\"800\" height=\"533\" srcset=\"https:\/\/i0.wp.com\/www.vom-taubertal.de\/blog\/wp-content\/uploads\/2013\/12\/IMG_4989.jpg?w=800&amp;quality=100&amp;ssl=1 800w, https:\/\/i0.wp.com\/www.vom-taubertal.de\/blog\/wp-content\/uploads\/2013\/12\/IMG_4989.jpg?resize=300%2C199&amp;quality=100&amp;ssl=1 300w\" sizes=\"auto, (max-width: 800px) 100vw, 800px\" \/><\/a><\/p>\n","protected":false},"excerpt":{"rendered":"<p>Sweet Gwend0line vom Taubertal Unser kleines Nachwuchssternchen Sweet Gwendoline vom Taubertal, liebevoll Gwenni gerufen,\u00a0 wurde am 1. September 2013 geboren.<\/p>\n","protected":false},"author":1,"featured_media":0,"parent":0,"menu_order":0,"comment_status":"closed","ping_status":"open","template":"","meta":{"colormag_page_container_layout":"default_layout","colormag_page_sidebar_layout":"default_layout","sfsi_plus_gutenberg_text_before_share":"","sfsi_plus_gutenberg_show_text_before_share":"","sfsi_plus_gutenberg_icon_type":"","sfsi_plus_gutenberg_icon_alignemt":"","sfsi_plus_gutenburg_max_per_row":"","ngg_post_thumbnail":0,"footnotes":""},"class_list":["post-4052","page","type-page","status-publish","hentry"],"yoast_head":"<!-- This site is optimized with the Yoast SEO plugin v27.4 - https:\/\/yoast.com\/product\/yoast-seo-wordpress\/ -->\n<title>Gwenni - Sweet Gwendoline vom Taubertal - die Taubertalperser<\/title>\n<meta name=\"description\" content=\"Sweet Gwendoline vom Taubertal alias Gwenni. Die Taubertalperser informieren, die Perser mit N\u00e4schen aus Niederstetten kl\u00e4ren auf\" \/>\n<meta name=\"robots\" content=\"index, follow, max-snippet:-1, max-image-preview:large, max-video-preview:-1\" \/>\n<link rel=\"canonical\" href=\"https:\/\/www.vom-taubertal.de\/blog\/gwenni\/\" \/>\n<meta property=\"og:locale\" content=\"de_DE\" \/>\n<meta property=\"og:type\" content=\"article\" \/>\n<meta property=\"og:title\" content=\"Gwenni - Sweet Gwendoline vom Taubertal - die Taubertalperser\" \/>\n<meta property=\"og:description\" content=\"Sweet Gwendoline vom Taubertal alias Gwenni. Die Taubertalperser informieren, die Perser mit N\u00e4schen aus Niederstetten kl\u00e4ren auf\" \/>\n<meta property=\"og:url\" content=\"https:\/\/www.vom-taubertal.de\/blog\/gwenni\/\" \/>\n<meta property=\"og:site_name\" content=\"Die Taubertalperser\" \/>\n<meta property=\"article:modified_time\" content=\"2014-05-11T19:33:19+00:00\" \/>\n<meta property=\"og:image\" content=\"https:\/\/www.vom-taubertal.de\/blog\/wp-content\/uploads\/2013\/09\/angel-004.jpg\" \/>\n<meta name=\"twitter:label1\" content=\"Gesch\u00e4tzte Lesezeit\" \/>\n\t<meta name=\"twitter:data1\" content=\"1\u00a0Minute\" \/>\n<script type=\"application\/ld+json\" class=\"yoast-schema-graph\">{\"@context\":\"https:\\\/\\\/schema.org\",\"@graph\":[{\"@type\":\"WebPage\",\"@id\":\"https:\\\/\\\/www.vom-taubertal.de\\\/blog\\\/gwenni\\\/\",\"url\":\"https:\\\/\\\/www.vom-taubertal.de\\\/blog\\\/gwenni\\\/\",\"name\":\"Gwenni - Sweet Gwendoline vom Taubertal - die Taubertalperser\",\"isPartOf\":{\"@id\":\"https:\\\/\\\/www.vom-taubertal.de\\\/blog\\\/#website\"},\"primaryImageOfPage\":{\"@id\":\"https:\\\/\\\/www.vom-taubertal.de\\\/blog\\\/gwenni\\\/#primaryimage\"},\"image\":{\"@id\":\"https:\\\/\\\/www.vom-taubertal.de\\\/blog\\\/gwenni\\\/#primaryimage\"},\"thumbnailUrl\":\"https:\\\/\\\/www.vom-taubertal.de\\\/blog\\\/wp-content\\\/uploads\\\/2013\\\/09\\\/angel-004.jpg\",\"datePublished\":\"2013-12-15T19:16:26+00:00\",\"dateModified\":\"2014-05-11T19:33:19+00:00\",\"description\":\"Sweet Gwendoline vom Taubertal alias Gwenni. Die Taubertalperser informieren, die Perser mit N\u00e4schen aus Niederstetten kl\u00e4ren auf\",\"breadcrumb\":{\"@id\":\"https:\\\/\\\/www.vom-taubertal.de\\\/blog\\\/gwenni\\\/#breadcrumb\"},\"inLanguage\":\"de\",\"potentialAction\":[{\"@type\":\"ReadAction\",\"target\":[\"https:\\\/\\\/www.vom-taubertal.de\\\/blog\\\/gwenni\\\/\"]}]},{\"@type\":\"ImageObject\",\"inLanguage\":\"de\",\"@id\":\"https:\\\/\\\/www.vom-taubertal.de\\\/blog\\\/gwenni\\\/#primaryimage\",\"url\":\"https:\\\/\\\/www.vom-taubertal.de\\\/blog\\\/wp-content\\\/uploads\\\/2013\\\/09\\\/angel-004.jpg\",\"contentUrl\":\"https:\\\/\\\/www.vom-taubertal.de\\\/blog\\\/wp-content\\\/uploads\\\/2013\\\/09\\\/angel-004.jpg\"},{\"@type\":\"BreadcrumbList\",\"@id\":\"https:\\\/\\\/www.vom-taubertal.de\\\/blog\\\/gwenni\\\/#breadcrumb\",\"itemListElement\":[{\"@type\":\"ListItem\",\"position\":1,\"name\":\"Home\",\"item\":\"https:\\\/\\\/www.vom-taubertal.de\\\/blog\\\/\"},{\"@type\":\"ListItem\",\"position\":2,\"name\":\"Gwenni\"}]},{\"@type\":\"WebSite\",\"@id\":\"https:\\\/\\\/www.vom-taubertal.de\\\/blog\\\/#website\",\"url\":\"https:\\\/\\\/www.vom-taubertal.de\\\/blog\\\/\",\"name\":\"Die Taubertalperser\",\"description\":\"Alles \u00fcber und f\u00fcr Katzen \",\"publisher\":{\"@id\":\"https:\\\/\\\/www.vom-taubertal.de\\\/blog\\\/#\\\/schema\\\/person\\\/368654e092f5785df440fe834ecc3049\"},\"potentialAction\":[{\"@type\":\"SearchAction\",\"target\":{\"@type\":\"EntryPoint\",\"urlTemplate\":\"https:\\\/\\\/www.vom-taubertal.de\\\/blog\\\/?s={search_term_string}\"},\"query-input\":{\"@type\":\"PropertyValueSpecification\",\"valueRequired\":true,\"valueName\":\"search_term_string\"}}],\"inLanguage\":\"de\"},{\"@type\":[\"Person\",\"Organization\"],\"@id\":\"https:\\\/\\\/www.vom-taubertal.de\\\/blog\\\/#\\\/schema\\\/person\\\/368654e092f5785df440fe834ecc3049\",\"name\":\"afrank\",\"image\":{\"@type\":\"ImageObject\",\"inLanguage\":\"de\",\"@id\":\"https:\\\/\\\/www.vom-taubertal.de\\\/blog\\\/wp-content\\\/uploads\\\/2019\\\/03\\\/Andrea_Dividi_02.jpg\",\"url\":\"https:\\\/\\\/www.vom-taubertal.de\\\/blog\\\/wp-content\\\/uploads\\\/2019\\\/03\\\/Andrea_Dividi_02.jpg\",\"contentUrl\":\"https:\\\/\\\/www.vom-taubertal.de\\\/blog\\\/wp-content\\\/uploads\\\/2019\\\/03\\\/Andrea_Dividi_02.jpg\",\"width\":653,\"height\":800,\"caption\":\"afrank\"},\"logo\":{\"@id\":\"https:\\\/\\\/www.vom-taubertal.de\\\/blog\\\/wp-content\\\/uploads\\\/2019\\\/03\\\/Andrea_Dividi_02.jpg\"}}]}<\/script>\n<!-- \/ Yoast SEO plugin. -->","yoast_head_json":{"title":"Gwenni - Sweet Gwendoline vom Taubertal - die Taubertalperser","description":"Sweet Gwendoline vom Taubertal alias Gwenni. Die Taubertalperser informieren, die Perser mit N\u00e4schen aus Niederstetten kl\u00e4ren auf","robots":{"index":"index","follow":"follow","max-snippet":"max-snippet:-1","max-image-preview":"max-image-preview:large","max-video-preview":"max-video-preview:-1"},"canonical":"https:\/\/www.vom-taubertal.de\/blog\/gwenni\/","og_locale":"de_DE","og_type":"article","og_title":"Gwenni - Sweet Gwendoline vom Taubertal - die Taubertalperser","og_description":"Sweet Gwendoline vom Taubertal alias Gwenni. Die Taubertalperser informieren, die Perser mit N\u00e4schen aus Niederstetten kl\u00e4ren auf","og_url":"https:\/\/www.vom-taubertal.de\/blog\/gwenni\/","og_site_name":"Die Taubertalperser","article_modified_time":"2014-05-11T19:33:19+00:00","og_image":[{"url":"https:\/\/www.vom-taubertal.de\/blog\/wp-content\/uploads\/2013\/09\/angel-004.jpg","type":"","width":"","height":""}],"twitter_misc":{"Gesch\u00e4tzte Lesezeit":"1\u00a0Minute"},"schema":{"@context":"https:\/\/schema.org","@graph":[{"@type":"WebPage","@id":"https:\/\/www.vom-taubertal.de\/blog\/gwenni\/","url":"https:\/\/www.vom-taubertal.de\/blog\/gwenni\/","name":"Gwenni - Sweet Gwendoline vom Taubertal - die Taubertalperser","isPartOf":{"@id":"https:\/\/www.vom-taubertal.de\/blog\/#website"},"primaryImageOfPage":{"@id":"https:\/\/www.vom-taubertal.de\/blog\/gwenni\/#primaryimage"},"image":{"@id":"https:\/\/www.vom-taubertal.de\/blog\/gwenni\/#primaryimage"},"thumbnailUrl":"https:\/\/www.vom-taubertal.de\/blog\/wp-content\/uploads\/2013\/09\/angel-004.jpg","datePublished":"2013-12-15T19:16:26+00:00","dateModified":"2014-05-11T19:33:19+00:00","description":"Sweet Gwendoline vom Taubertal alias Gwenni. Die Taubertalperser informieren, die Perser mit N\u00e4schen aus Niederstetten kl\u00e4ren auf","breadcrumb":{"@id":"https:\/\/www.vom-taubertal.de\/blog\/gwenni\/#breadcrumb"},"inLanguage":"de","potentialAction":[{"@type":"ReadAction","target":["https:\/\/www.vom-taubertal.de\/blog\/gwenni\/"]}]},{"@type":"ImageObject","inLanguage":"de","@id":"https:\/\/www.vom-taubertal.de\/blog\/gwenni\/#primaryimage","url":"https:\/\/www.vom-taubertal.de\/blog\/wp-content\/uploads\/2013\/09\/angel-004.jpg","contentUrl":"https:\/\/www.vom-taubertal.de\/blog\/wp-content\/uploads\/2013\/09\/angel-004.jpg"},{"@type":"BreadcrumbList","@id":"https:\/\/www.vom-taubertal.de\/blog\/gwenni\/#breadcrumb","itemListElement":[{"@type":"ListItem","position":1,"name":"Home","item":"https:\/\/www.vom-taubertal.de\/blog\/"},{"@type":"ListItem","position":2,"name":"Gwenni"}]},{"@type":"WebSite","@id":"https:\/\/www.vom-taubertal.de\/blog\/#website","url":"https:\/\/www.vom-taubertal.de\/blog\/","name":"Die Taubertalperser","description":"Alles \u00fcber und f\u00fcr Katzen ","publisher":{"@id":"https:\/\/www.vom-taubertal.de\/blog\/#\/schema\/person\/368654e092f5785df440fe834ecc3049"},"potentialAction":[{"@type":"SearchAction","target":{"@type":"EntryPoint","urlTemplate":"https:\/\/www.vom-taubertal.de\/blog\/?s={search_term_string}"},"query-input":{"@type":"PropertyValueSpecification","valueRequired":true,"valueName":"search_term_string"}}],"inLanguage":"de"},{"@type":["Person","Organization"],"@id":"https:\/\/www.vom-taubertal.de\/blog\/#\/schema\/person\/368654e092f5785df440fe834ecc3049","name":"afrank","image":{"@type":"ImageObject","inLanguage":"de","@id":"https:\/\/www.vom-taubertal.de\/blog\/wp-content\/uploads\/2019\/03\/Andrea_Dividi_02.jpg","url":"https:\/\/www.vom-taubertal.de\/blog\/wp-content\/uploads\/2019\/03\/Andrea_Dividi_02.jpg","contentUrl":"https:\/\/www.vom-taubertal.de\/blog\/wp-content\/uploads\/2019\/03\/Andrea_Dividi_02.jpg","width":653,"height":800,"caption":"afrank"},"logo":{"@id":"https:\/\/www.vom-taubertal.de\/blog\/wp-content\/uploads\/2019\/03\/Andrea_Dividi_02.jpg"}}]}},"jetpack_sharing_enabled":true,"_links":{"self":[{"href":"https:\/\/www.vom-taubertal.de\/blog\/wp-json\/wp\/v2\/pages\/4052","targetHints":{"allow":["GET"]}}],"collection":[{"href":"https:\/\/www.vom-taubertal.de\/blog\/wp-json\/wp\/v2\/pages"}],"about":[{"href":"https:\/\/www.vom-taubertal.de\/blog\/wp-json\/wp\/v2\/types\/page"}],"author":[{"embeddable":true,"href":"https:\/\/www.vom-taubertal.de\/blog\/wp-json\/wp\/v2\/users\/1"}],"replies":[{"embeddable":true,"href":"https:\/\/www.vom-taubertal.de\/blog\/wp-json\/wp\/v2\/comments?post=4052"}],"version-history":[{"count":10,"href":"https:\/\/www.vom-taubertal.de\/blog\/wp-json\/wp\/v2\/pages\/4052\/revisions"}],"predecessor-version":[{"id":8269,"href":"https:\/\/www.vom-taubertal.de\/blog\/wp-json\/wp\/v2\/pages\/4052\/revisions\/8269"}],"wp:attachment":[{"href":"https:\/\/www.vom-taubertal.de\/blog\/wp-json\/wp\/v2\/media?parent=4052"}],"curies":[{"name":"wp","href":"https:\/\/api.w.org\/{rel}","templated":true}]}}