{"id":6497,"date":"2014-05-25T20:35:03","date_gmt":"2014-05-25T18:35:03","guid":{"rendered":"http:\/\/www.vom-taubertal.de\/blog\/?page_id=6497"},"modified":"2025-11-07T22:56:56","modified_gmt":"2025-11-07T20:56:56","slug":"katzenhaltung","status":"publish","type":"page","link":"https:\/\/www.vom-taubertal.de\/blog\/katzenhaltung\/","title":{"rendered":"Katzenhaltung"},"content":{"rendered":"<p>Sobald man Dosen\u00f6ffner einer Katze geworden ist, steht man vor der einen oder anderen Herausforderung und manchmal ist die Kommunikation zwischen Zweibeiner und Vierbeiner doch ein wenig schwierig bis hin zu sehr kompliziert.<\/p>\n<p>Hier will ich euch einige Beitr\u00e4ge auflisten, die ich bereits zu diesem Thema verfasst habe um euch vielleicht doch die eine oder andere Hilfestellung zu geben.<\/p>\n<ul>\n<li><a href=\"https:\/\/www.vom-taubertal.de\/blog\/gefahren-im-haushalt\/\" target=\"_blank\" rel=\"noopener\">Gefahren im Haushalt<\/a><\/li>\n<li><a href=\"https:\/\/www.vom-taubertal.de\/blog\/die-richtige-transportbox-wer-die-wahl-hat\/\" target=\"_blank\" rel=\"noopener\">Die richtige Transportbox &#8211; Wer die Wahl hat\u2026<\/a><\/li>\n<li><a href=\"https:\/\/www.vom-taubertal.de\/blog\/das-richtige-klomanagement-bei-der-katze-taubertalperser\/\" target=\"_blank\" rel=\"noopener\">Das richtige Klomanagement bei Katzen<\/a><\/li>\n<li><a href=\"https:\/\/www.vom-taubertal.de\/blog\/kratzbaeume-wer-billig-kauft-kauft-meist-doppelt\/\" target=\"_blank\" rel=\"noopener\">Kratzb\u00e4ume \u2013 wer billig kauft, kauft meist doppelt!<\/a><\/li>\n<li><a href=\"https:\/\/www.vom-taubertal.de\/blog\/fressnapf-fuer-die-katzen-taubertalperser\/\" target=\"_blank\" rel=\"noopener\">Der richtige Futternapf<\/a><\/li>\n<li><a href=\"https:\/\/www.vom-taubertal.de\/blog\/fuer-katzen-die-sommerhitze-ertraeglich-gestalten-perserkatzen\/\" target=\"_blank\" rel=\"noopener\">Die Sommerhitze f\u00fcr Katzen ertr\u00e4glich gestalten<\/a><\/li>\n<li><a href=\"https:\/\/www.vom-taubertal.de\/blog\/floehe-die-ungeliebten-mitbewohner-unserer-fellnasen\/\" target=\"_blank\" rel=\"noopener\">Fl\u00f6he &#8211; die ungebliebten Mitbewohner unserer Katzen<\/a><\/li>\n<li><a href=\"https:\/\/www.vom-taubertal.de\/blog\/fernsehsendungen-koennen-unsere-katzen-gefaehrden\/\" target=\"_blank\" rel=\"noopener\">Fernsehsendungen k\u00f6nnen die Gesundheit ihrer Katzen gef\u00e4hrden<\/a><\/li>\n<li><a href=\"https:\/\/www.vom-taubertal.de\/blog\/kastration-ohne-wenn-und-aber\/\" target=\"_blank\" rel=\"noopener\">Kastration ohne Wenn und Aber<\/a><\/li>\n<li><a href=\"https:\/\/www.vom-taubertal.de\/blog\/katze-verschwunden-was-tun\/\" target=\"_blank\" rel=\"noopener\">Katze verschwunden was tun?<\/a><\/li>\n<li><a href=\"https:\/\/www.vom-taubertal.de\/blog\/katzen-in-mietwohnung-verboten-erlaubt\/\" target=\"_blank\" rel=\"noopener\">Katzen in Mietwohnung &#8211; erlaubt\/verboten?<\/a><\/li>\n<li><a href=\"https:\/\/www.vom-taubertal.de\/blog\/einzelhaltung-bei-katzen\/\" target=\"_blank\" rel=\"noopener\">Katzen lieben es zu zweit<\/a><\/li>\n<li><a href=\"https:\/\/www.vom-taubertal.de\/blog\/katzenerziehung\/\" target=\"_blank\" rel=\"noopener\">Katzenerziehung<\/a><\/li>\n<li><a href=\"https:\/\/www.vom-taubertal.de\/blog\/katzenhalsbaender-hilfreich-oder-gefaehrlich\/\" target=\"_blank\" rel=\"noopener\">Katzenhalsb\u00e4nder &#8211; hilfreich oder gef\u00e4hrlich?<\/a><\/li>\n<li><a href=\"https:\/\/www.vom-taubertal.de\/blog\/katzenkiller-teebaumoel-gefahr\/\" target=\"_blank\" rel=\"noopener\">Katzenkiller Teebaum\u00f6l<\/a><\/li>\n<li><a href=\"https:\/\/www.vom-taubertal.de\/blog\/kippfenster-die-toedliche-gefahr-fuer-katzen\/\" target=\"_blank\" rel=\"noopener\">Kippfenster die t\u00f6dliche Gefahr<\/a><\/li>\n<li><a href=\"https:\/\/www.vom-taubertal.de\/blog\/liebesleid-fuer-die-katz\/\" target=\"_blank\" rel=\"noopener\">Liebesleid f\u00fcr die Katze<\/a><\/li>\n<li><a href=\"https:\/\/www.vom-taubertal.de\/blog\/mein-tierarzt-hat-mir-empfohlen\/\" target=\"_blank\" rel=\"noopener\">Mein Tierarzt hat mir empfohlen<\/a><\/li>\n<li><a href=\"https:\/\/www.vom-taubertal.de\/blog\/meine-katze-soll-doch-einmal-babys-bekommen\/\" target=\"_blank\" rel=\"noopener\">Meine Katze soll doch einmal Babys haben<\/a><\/li>\n<li><a href=\"https:\/\/www.vom-taubertal.de\/blog\/sonnenbrand-bei-haustieren-weisshaarige-hunde-und-katzen-gefaehrdet-perserkatzen-katzen\/\" target=\"_blank\" rel=\"noopener\">Sonnenbrand bei Haustieren<\/a><\/li>\n<li><a href=\"https:\/\/www.vom-taubertal.de\/blog\/braucht-meine-katze-eine-krankenversicherung\/\" target=\"_blank\" rel=\"noopener\">Versicherung &#8211; Braucht meine Katze eine Krankenversicherung?<\/a><\/li>\n<li><a href=\"https:\/\/www.vom-taubertal.de\/blog\/von-glueck-zwei-fellnasen-als-mitbewohner-haben\/\" target=\"_blank\" rel=\"noopener\">Vom Gl\u00fcck zwei Fellnasen als Mitbewohner zu haben<\/a><\/li>\n<li><a href=\"https:\/\/www.vom-taubertal.de\/blog\/vergesellschaftung-aelterer-katzen\/\" target=\"_blank\" rel=\"noopener\">Vergesellschaftung \u00e4lterer Katzen<\/a><\/li>\n<li><a href=\"https:\/\/www.vom-taubertal.de\/blog\/fruehjahr-und-sommer-ist-zeckenzeit\/\" target=\"_blank\" rel=\"noopener\">Zeckenzeit im Fr\u00fchjahr und Sommer<\/a><\/li>\n<li><a href=\"https:\/\/www.vom-taubertal.de\/blog\/unsauberkeit-bei-katzen-meine-katze-pinkelt-uberall-hin\/\" target=\"_blank\" rel=\"noopener\">Unsauberkeit bei Katzen: Meine Katze pinkelt \u00fcberall hin<\/a><\/li>\n<li><a href=\"https:\/\/www.vom-taubertal.de\/blog\/katzengras-notwendig-oder-nicht\/\" target=\"_blank\" rel=\"noopener\">Katzengras \u2013 notwendig oder nicht?<\/a><\/li>\n<li><a href=\"https:\/\/www.vom-taubertal.de\/blog\/milch-braucht-eine-katze-milch-perserkatzen-katzen-katzenmilch\/\" target=\"_blank\" rel=\"noopener\">Brauchen Katzen Katzenmilch?<\/a><\/li>\n<li><a href=\"https:\/\/www.vom-taubertal.de\/blog\/der-abschied\/\" target=\"_blank\" rel=\"noopener\">Der Abschied von der geliebten Fellnase<\/a><\/li>\n<\/ul>\n<h3>Hier findet ihr einige Tests, die wir hier bei den Taubertalpersern absolviert haben.<\/h3>\n<p>Warum wir diese durchf\u00fchren ist ein wenig selbsterkl\u00e4rend. Wir haben soviel M\u00fcll im Laufe der Jahre kennengelernt, dass wir euch davor bewahren m\u00f6chten unn\u00f6tiges Geld auszugeben.<\/p>\n<p>Wenn wir hier schreiben das es M\u00fcll ist, ist es auch so und umgekehrt genauso :-) Wir empfehlen nur Futter, Produkte oder Streu von dem wir absolut \u00fcberzeugt sind.<\/p>\n<p><em><strong><a href=\"https:\/\/www.vom-taubertal.de\/blog\/neu-katzenfuttertests-bei-den-taubertalpersern\/\" target=\"_blank\" rel=\"noopener\">Katzenfutter<\/a> <\/strong><\/em><\/p>\n<p><em><strong><a href=\"https:\/\/www.vom-taubertal.de\/blog\/category\/testreihen\/katzenstreutest\/\" target=\"_blank\" rel=\"noopener\">Katzenstreu<\/a><\/strong><\/em><\/p>\n<h3>Nachfolgend auch die eine oder andere Buchempfehlung<\/h3>\n<p><img loading=\"lazy\" decoding=\"async\" style=\"border: none !important; margin: 0px !important;\" src=\"http:\/\/ir-de.amazon-adsystem.com\/e\/ir?t=crazcat-21&amp;l=as2&amp;o=3&amp;a=3440098648\" alt=\"\" width=\"1\" height=\"1\" border=\"0\"><a href=\"https:\/\/i0.wp.com\/www.vom-taubertal.de\/blog\/wp-content\/uploads\/2024\/04\/Katzenseele.jpg?quality=100&#038;ssl=1\"><img data-recalc-dims=\"1\" loading=\"lazy\" decoding=\"async\" class=\"aligncenter size-full wp-image-37670\" src=\"https:\/\/i0.wp.com\/www.vom-taubertal.de\/blog\/wp-content\/uploads\/2024\/04\/Katzenseele.jpg?resize=800%2C300&#038;quality=100&#038;ssl=1\" alt=\"\" width=\"800\" height=\"300\" srcset=\"https:\/\/i0.wp.com\/www.vom-taubertal.de\/blog\/wp-content\/uploads\/2024\/04\/Katzenseele.jpg?w=800&amp;quality=100&amp;ssl=1 800w, https:\/\/i0.wp.com\/www.vom-taubertal.de\/blog\/wp-content\/uploads\/2024\/04\/Katzenseele.jpg?resize=300%2C113&amp;quality=100&amp;ssl=1 300w, https:\/\/i0.wp.com\/www.vom-taubertal.de\/blog\/wp-content\/uploads\/2024\/04\/Katzenseele.jpg?resize=768%2C288&amp;quality=100&amp;ssl=1 768w\" sizes=\"auto, (max-width: 800px) 100vw, 800px\" \/><\/a><br \/>\n<span style=\"color: #000000;\"><strong><a href=\"http:\/\/www.amazon.de\/gp\/product\/3440098648\/ref=as_li_tf_tl?ie=UTF8&amp;camp=1638&amp;creative=6742&amp;creativeASIN=3440098648&amp;linkCode=as2&amp;tag=crazcat-21\"><span style=\"color: #000000;\">Katzenseele: Wesen und Sozialverhalten<\/span><\/a><img loading=\"lazy\" decoding=\"async\" style=\"border: none !important; margin: 0px !important;\" src=\"http:\/\/ir-de.amazon-adsystem.com\/e\/ir?t=crazcat-21&amp;l=as2&amp;o=3&amp;a=3440098648\" alt=\"\" width=\"1\" height=\"1\" border=\"0\"> <\/strong><\/span>&#8211; Prof. Leyhausen gilt als DER Katzenpabst schlecht hin, er hatte sich immer schon sehr f\u00fcr Tierpsychologie interessiert und auch einige Zeit beim Gr\u00fcndervater derselbigen, bei Konrad Lorenz studiert.<\/p>\n<p>In \u00fcber 20 Jahren des t\u00e4glichen Zusammenlebens mit zahlreichen Katzenkarten (Flachkopfkatzen, Marmorkatzen, Afrikanische Goldkatzen, Bengalkatzen, Serval, Baumozelot) konnten Prof. Leyhausens umfassende und genaue Erforschungen des Verhaltensrepertoires durchf\u00fchren und ver\u00f6ffentlichte zahlreiche Publikationen zu diesem Thema. Seinen Beobachtungen und Erfahrungen sind das heute bekannte Wissen \u00fcber das Verhalten der meisten Katzenarten.<br \/>\n<span style=\"color: #ff0000;\"><strong><a href=\"http:\/\/www.amazon.de\/gp\/product\/3440098648\/ref=as_li_tf_tl?ie=UTF8&amp;camp=1638&amp;creative=6742&amp;creativeASIN=3440098648&amp;linkCode=as2&amp;tag=crazcat-21\"><span style=\"color: #ff0000;\">Katzenseele: Wesen und Sozialverhalten &#8211; Prof. Leyhausen erschienen im Kosmos Verlag<\/span><\/a><img loading=\"lazy\" decoding=\"async\" style=\"border: none !important; margin: 0px !important;\" src=\"http:\/\/ir-de.amazon-adsystem.com\/e\/ir?t=crazcat-21&amp;l=as2&amp;o=3&amp;a=3440098648\" alt=\"\" width=\"1\" height=\"1\" border=\"0\"><\/strong><\/span><\/p>\n<p><img loading=\"lazy\" decoding=\"async\" style=\"border: none !important; margin: 0px !important;\" src=\"http:\/\/ir-de.amazon-adsystem.com\/e\/ir?t=crazcat-21&amp;l=as2&amp;o=3&amp;a=3833835923\" alt=\"\" width=\"1\" height=\"1\" border=\"0\"><br \/>\n<span style=\"color: #000000;\"><strong><a href=\"http:\/\/www.amazon.de\/gp\/product\/3833835923\/ref=as_li_tf_tl?ie=UTF8&amp;camp=1638&amp;creative=6742&amp;creativeASIN=3833835923&amp;linkCode=as2&amp;tag=crazcat-21\"><span style=\"color: #000000;\">Katzen-Clicker-Box: Plus Clicker f\u00fcr sofortigen Spielspa\u00df (GU Tier-Box)<\/span><\/a><\/strong><\/span><img loading=\"lazy\" decoding=\"async\" style=\"border: none !important; margin: 0px !important;\" src=\"http:\/\/ir-de.amazon-adsystem.com\/e\/ir?t=crazcat-21&amp;l=as2&amp;o=3&amp;a=3833835923\" alt=\"\" width=\"1\" height=\"1\" border=\"0\"> &#8211; Clickern ist eine sehr gute M\u00f6glichkeit eine Katze zu fordern und auch auszulasten. Allerdings erfordert dies auch eine gewisse Konsequenz des Halters. Hier mit dieser Box ist ein sehr guter Grundstein gelegt Gelernt werden kann vieles mittels positiver Best\u00e4rkung und so mancher Tierarztbesuch k\u00f6nnte auch so viel entspannter ablaufen.<br \/>\n<span style=\"color: #ff0000;\"><strong><a href=\"http:\/\/www.amazon.de\/gp\/product\/3833835923\/ref=as_li_tf_tl?ie=UTF8&amp;camp=1638&amp;creative=6742&amp;creativeASIN=3833835923&amp;linkCode=as2&amp;tag=crazcat-21\"><span style=\"color: #ff0000;\">Katzen-Clicker-Box: Plus Clicker f\u00fcr sofortigen Spielspa\u00df (GU Tier-Box)<\/span><\/a><img loading=\"lazy\" decoding=\"async\" style=\"border: none !important; margin: 0px !important;\" src=\"http:\/\/ir-de.amazon-adsystem.com\/e\/ir?t=crazcat-21&amp;l=as2&amp;o=3&amp;a=3833835923\" alt=\"\" width=\"1\" height=\"1\" border=\"0\"><\/strong><\/span><\/p>\n<p><span style=\"border-radius: 2px; text-indent: 20px; width: auto; padding: 0px 4px 0px 0px; text-align: center; font: bold 11px\/20px 'Helvetica Neue',Helvetica,sans-serif; color: #ffffff; background: #bd081c no-repeat scroll 3px 50% \/ 14px 14px; position: absolute; opacity: 1; z-index: 8675309; display: none; cursor: pointer;\">Merken<\/span><\/p>\n<p><span style=\"border-radius: 2px; text-indent: 20px; width: auto; padding: 0px 4px 0px 0px; text-align: center; font: bold 11px\/20px 'Helvetica Neue',Helvetica,sans-serif; color: #ffffff; background: #bd081c no-repeat scroll 3px 50% \/ 14px 14px; position: absolute; opacity: 1; z-index: 8675309; display: none; cursor: pointer;\">Merken<\/span><\/p>\n","protected":false},"excerpt":{"rendered":"<p>Sobald man Dosen\u00f6ffner einer Katze geworden ist, steht man vor der einen oder anderen Herausforderung und manchmal ist die Kommunikation<\/p>\n","protected":false},"author":1,"featured_media":37042,"parent":0,"menu_order":0,"comment_status":"closed","ping_status":"open","template":"","meta":{"colormag_page_container_layout":"default_layout","colormag_page_sidebar_layout":"default_layout","sfsi_plus_gutenberg_text_before_share":"","sfsi_plus_gutenberg_show_text_before_share":"","sfsi_plus_gutenberg_icon_type":"","sfsi_plus_gutenberg_icon_alignemt":"","sfsi_plus_gutenburg_max_per_row":"","ngg_post_thumbnail":0,"footnotes":""},"class_list":["post-6497","page","type-page","status-publish","has-post-thumbnail","hentry"],"yoast_head":"<!-- This site is optimized with the Yoast SEO plugin v27.4 - https:\/\/yoast.com\/product\/yoast-seo-wordpress\/ -->\n<title>Katzenhaltung &#8226; Die Taubertalperser - Perser vom Taubertal<\/title>\n<meta name=\"description\" content=\"Katzenhaltung - hier versuche ich auf das eine oder andere Problem in der Katzenhaltung einzugehen und eine kleine Hilfestellung zu geben.\" \/>\n<meta name=\"robots\" content=\"index, follow, max-snippet:-1, max-image-preview:large, max-video-preview:-1\" \/>\n<link rel=\"canonical\" href=\"https:\/\/www.vom-taubertal.de\/blog\/katzenhaltung\/\" \/>\n<meta property=\"og:locale\" content=\"de_DE\" \/>\n<meta property=\"og:type\" content=\"article\" \/>\n<meta property=\"og:title\" content=\"Katzenhaltung &#8226; Die Taubertalperser - Perser vom Taubertal\" \/>\n<meta property=\"og:description\" content=\"Katzenhaltung - hier versuche ich auf das eine oder andere Problem in der Katzenhaltung einzugehen und eine kleine Hilfestellung zu geben.\" \/>\n<meta property=\"og:url\" content=\"https:\/\/www.vom-taubertal.de\/blog\/katzenhaltung\/\" \/>\n<meta property=\"og:site_name\" content=\"Die Taubertalperser\" \/>\n<meta property=\"article:modified_time\" content=\"2025-11-07T20:56:56+00:00\" \/>\n<meta property=\"og:image\" content=\"https:\/\/www.vom-taubertal.de\/blog\/wp-content\/uploads\/2024\/04\/Titelbild-Clipsa.jpg\" \/>\n\t<meta property=\"og:image:width\" content=\"800\" \/>\n\t<meta property=\"og:image:height\" content=\"300\" \/>\n\t<meta property=\"og:image:type\" content=\"image\/jpeg\" \/>\n<meta name=\"twitter:label1\" content=\"Gesch\u00e4tzte Lesezeit\" \/>\n\t<meta name=\"twitter:data1\" content=\"4\u00a0Minuten\" \/>\n<script type=\"application\/ld+json\" class=\"yoast-schema-graph\">{\"@context\":\"https:\\\/\\\/schema.org\",\"@graph\":[{\"@type\":\"WebPage\",\"@id\":\"https:\\\/\\\/www.vom-taubertal.de\\\/blog\\\/katzenhaltung\\\/\",\"url\":\"https:\\\/\\\/www.vom-taubertal.de\\\/blog\\\/katzenhaltung\\\/\",\"name\":\"Katzenhaltung &#8226; Die Taubertalperser - Perser vom Taubertal\",\"isPartOf\":{\"@id\":\"https:\\\/\\\/www.vom-taubertal.de\\\/blog\\\/#website\"},\"primaryImageOfPage\":{\"@id\":\"https:\\\/\\\/www.vom-taubertal.de\\\/blog\\\/katzenhaltung\\\/#primaryimage\"},\"image\":{\"@id\":\"https:\\\/\\\/www.vom-taubertal.de\\\/blog\\\/katzenhaltung\\\/#primaryimage\"},\"thumbnailUrl\":\"https:\\\/\\\/i0.wp.com\\\/www.vom-taubertal.de\\\/blog\\\/wp-content\\\/uploads\\\/2024\\\/04\\\/Titelbild-Clipsa.jpg?fit=800%2C300&quality=100&ssl=1\",\"datePublished\":\"2014-05-25T18:35:03+00:00\",\"dateModified\":\"2025-11-07T20:56:56+00:00\",\"description\":\"Katzenhaltung - hier versuche ich auf das eine oder andere Problem in der Katzenhaltung einzugehen und eine kleine Hilfestellung zu geben.\",\"breadcrumb\":{\"@id\":\"https:\\\/\\\/www.vom-taubertal.de\\\/blog\\\/katzenhaltung\\\/#breadcrumb\"},\"inLanguage\":\"de\",\"potentialAction\":[{\"@type\":\"ReadAction\",\"target\":[\"https:\\\/\\\/www.vom-taubertal.de\\\/blog\\\/katzenhaltung\\\/\"]}]},{\"@type\":\"ImageObject\",\"inLanguage\":\"de\",\"@id\":\"https:\\\/\\\/www.vom-taubertal.de\\\/blog\\\/katzenhaltung\\\/#primaryimage\",\"url\":\"https:\\\/\\\/i0.wp.com\\\/www.vom-taubertal.de\\\/blog\\\/wp-content\\\/uploads\\\/2024\\\/04\\\/Titelbild-Clipsa.jpg?fit=800%2C300&quality=100&ssl=1\",\"contentUrl\":\"https:\\\/\\\/i0.wp.com\\\/www.vom-taubertal.de\\\/blog\\\/wp-content\\\/uploads\\\/2024\\\/04\\\/Titelbild-Clipsa.jpg?fit=800%2C300&quality=100&ssl=1\",\"width\":800,\"height\":300,\"caption\":\"Clipsa Katzenspielplatz\"},{\"@type\":\"BreadcrumbList\",\"@id\":\"https:\\\/\\\/www.vom-taubertal.de\\\/blog\\\/katzenhaltung\\\/#breadcrumb\",\"itemListElement\":[{\"@type\":\"ListItem\",\"position\":1,\"name\":\"Home\",\"item\":\"https:\\\/\\\/www.vom-taubertal.de\\\/blog\\\/\"},{\"@type\":\"ListItem\",\"position\":2,\"name\":\"Katzenhaltung\"}]},{\"@type\":\"WebSite\",\"@id\":\"https:\\\/\\\/www.vom-taubertal.de\\\/blog\\\/#website\",\"url\":\"https:\\\/\\\/www.vom-taubertal.de\\\/blog\\\/\",\"name\":\"Die Taubertalperser\",\"description\":\"Alles \u00fcber und f\u00fcr Katzen \",\"publisher\":{\"@id\":\"https:\\\/\\\/www.vom-taubertal.de\\\/blog\\\/#\\\/schema\\\/person\\\/368654e092f5785df440fe834ecc3049\"},\"potentialAction\":[{\"@type\":\"SearchAction\",\"target\":{\"@type\":\"EntryPoint\",\"urlTemplate\":\"https:\\\/\\\/www.vom-taubertal.de\\\/blog\\\/?s={search_term_string}\"},\"query-input\":{\"@type\":\"PropertyValueSpecification\",\"valueRequired\":true,\"valueName\":\"search_term_string\"}}],\"inLanguage\":\"de\"},{\"@type\":[\"Person\",\"Organization\"],\"@id\":\"https:\\\/\\\/www.vom-taubertal.de\\\/blog\\\/#\\\/schema\\\/person\\\/368654e092f5785df440fe834ecc3049\",\"name\":\"afrank\",\"image\":{\"@type\":\"ImageObject\",\"inLanguage\":\"de\",\"@id\":\"https:\\\/\\\/www.vom-taubertal.de\\\/blog\\\/wp-content\\\/uploads\\\/2019\\\/03\\\/Andrea_Dividi_02.jpg\",\"url\":\"https:\\\/\\\/www.vom-taubertal.de\\\/blog\\\/wp-content\\\/uploads\\\/2019\\\/03\\\/Andrea_Dividi_02.jpg\",\"contentUrl\":\"https:\\\/\\\/www.vom-taubertal.de\\\/blog\\\/wp-content\\\/uploads\\\/2019\\\/03\\\/Andrea_Dividi_02.jpg\",\"width\":653,\"height\":800,\"caption\":\"afrank\"},\"logo\":{\"@id\":\"https:\\\/\\\/www.vom-taubertal.de\\\/blog\\\/wp-content\\\/uploads\\\/2019\\\/03\\\/Andrea_Dividi_02.jpg\"}}]}<\/script>\n<!-- \/ Yoast SEO plugin. -->","yoast_head_json":{"title":"Katzenhaltung &#8226; Die Taubertalperser - Perser vom Taubertal","description":"Katzenhaltung - hier versuche ich auf das eine oder andere Problem in der Katzenhaltung einzugehen und eine kleine Hilfestellung zu geben.","robots":{"index":"index","follow":"follow","max-snippet":"max-snippet:-1","max-image-preview":"max-image-preview:large","max-video-preview":"max-video-preview:-1"},"canonical":"https:\/\/www.vom-taubertal.de\/blog\/katzenhaltung\/","og_locale":"de_DE","og_type":"article","og_title":"Katzenhaltung &#8226; Die Taubertalperser - Perser vom Taubertal","og_description":"Katzenhaltung - hier versuche ich auf das eine oder andere Problem in der Katzenhaltung einzugehen und eine kleine Hilfestellung zu geben.","og_url":"https:\/\/www.vom-taubertal.de\/blog\/katzenhaltung\/","og_site_name":"Die Taubertalperser","article_modified_time":"2025-11-07T20:56:56+00:00","og_image":[{"width":800,"height":300,"url":"https:\/\/www.vom-taubertal.de\/blog\/wp-content\/uploads\/2024\/04\/Titelbild-Clipsa.jpg","type":"image\/jpeg"}],"twitter_misc":{"Gesch\u00e4tzte Lesezeit":"4\u00a0Minuten"},"schema":{"@context":"https:\/\/schema.org","@graph":[{"@type":"WebPage","@id":"https:\/\/www.vom-taubertal.de\/blog\/katzenhaltung\/","url":"https:\/\/www.vom-taubertal.de\/blog\/katzenhaltung\/","name":"Katzenhaltung &#8226; Die Taubertalperser - Perser vom Taubertal","isPartOf":{"@id":"https:\/\/www.vom-taubertal.de\/blog\/#website"},"primaryImageOfPage":{"@id":"https:\/\/www.vom-taubertal.de\/blog\/katzenhaltung\/#primaryimage"},"image":{"@id":"https:\/\/www.vom-taubertal.de\/blog\/katzenhaltung\/#primaryimage"},"thumbnailUrl":"https:\/\/i0.wp.com\/www.vom-taubertal.de\/blog\/wp-content\/uploads\/2024\/04\/Titelbild-Clipsa.jpg?fit=800%2C300&quality=100&ssl=1","datePublished":"2014-05-25T18:35:03+00:00","dateModified":"2025-11-07T20:56:56+00:00","description":"Katzenhaltung - hier versuche ich auf das eine oder andere Problem in der Katzenhaltung einzugehen und eine kleine Hilfestellung zu geben.","breadcrumb":{"@id":"https:\/\/www.vom-taubertal.de\/blog\/katzenhaltung\/#breadcrumb"},"inLanguage":"de","potentialAction":[{"@type":"ReadAction","target":["https:\/\/www.vom-taubertal.de\/blog\/katzenhaltung\/"]}]},{"@type":"ImageObject","inLanguage":"de","@id":"https:\/\/www.vom-taubertal.de\/blog\/katzenhaltung\/#primaryimage","url":"https:\/\/i0.wp.com\/www.vom-taubertal.de\/blog\/wp-content\/uploads\/2024\/04\/Titelbild-Clipsa.jpg?fit=800%2C300&quality=100&ssl=1","contentUrl":"https:\/\/i0.wp.com\/www.vom-taubertal.de\/blog\/wp-content\/uploads\/2024\/04\/Titelbild-Clipsa.jpg?fit=800%2C300&quality=100&ssl=1","width":800,"height":300,"caption":"Clipsa Katzenspielplatz"},{"@type":"BreadcrumbList","@id":"https:\/\/www.vom-taubertal.de\/blog\/katzenhaltung\/#breadcrumb","itemListElement":[{"@type":"ListItem","position":1,"name":"Home","item":"https:\/\/www.vom-taubertal.de\/blog\/"},{"@type":"ListItem","position":2,"name":"Katzenhaltung"}]},{"@type":"WebSite","@id":"https:\/\/www.vom-taubertal.de\/blog\/#website","url":"https:\/\/www.vom-taubertal.de\/blog\/","name":"Die Taubertalperser","description":"Alles \u00fcber und f\u00fcr Katzen ","publisher":{"@id":"https:\/\/www.vom-taubertal.de\/blog\/#\/schema\/person\/368654e092f5785df440fe834ecc3049"},"potentialAction":[{"@type":"SearchAction","target":{"@type":"EntryPoint","urlTemplate":"https:\/\/www.vom-taubertal.de\/blog\/?s={search_term_string}"},"query-input":{"@type":"PropertyValueSpecification","valueRequired":true,"valueName":"search_term_string"}}],"inLanguage":"de"},{"@type":["Person","Organization"],"@id":"https:\/\/www.vom-taubertal.de\/blog\/#\/schema\/person\/368654e092f5785df440fe834ecc3049","name":"afrank","image":{"@type":"ImageObject","inLanguage":"de","@id":"https:\/\/www.vom-taubertal.de\/blog\/wp-content\/uploads\/2019\/03\/Andrea_Dividi_02.jpg","url":"https:\/\/www.vom-taubertal.de\/blog\/wp-content\/uploads\/2019\/03\/Andrea_Dividi_02.jpg","contentUrl":"https:\/\/www.vom-taubertal.de\/blog\/wp-content\/uploads\/2019\/03\/Andrea_Dividi_02.jpg","width":653,"height":800,"caption":"afrank"},"logo":{"@id":"https:\/\/www.vom-taubertal.de\/blog\/wp-content\/uploads\/2019\/03\/Andrea_Dividi_02.jpg"}}]}},"jetpack_sharing_enabled":true,"_links":{"self":[{"href":"https:\/\/www.vom-taubertal.de\/blog\/wp-json\/wp\/v2\/pages\/6497","targetHints":{"allow":["GET"]}}],"collection":[{"href":"https:\/\/www.vom-taubertal.de\/blog\/wp-json\/wp\/v2\/pages"}],"about":[{"href":"https:\/\/www.vom-taubertal.de\/blog\/wp-json\/wp\/v2\/types\/page"}],"author":[{"embeddable":true,"href":"https:\/\/www.vom-taubertal.de\/blog\/wp-json\/wp\/v2\/users\/1"}],"replies":[{"embeddable":true,"href":"https:\/\/www.vom-taubertal.de\/blog\/wp-json\/wp\/v2\/comments?post=6497"}],"version-history":[{"count":29,"href":"https:\/\/www.vom-taubertal.de\/blog\/wp-json\/wp\/v2\/pages\/6497\/revisions"}],"predecessor-version":[{"id":43386,"href":"https:\/\/www.vom-taubertal.de\/blog\/wp-json\/wp\/v2\/pages\/6497\/revisions\/43386"}],"wp:featuredmedia":[{"embeddable":true,"href":"https:\/\/www.vom-taubertal.de\/blog\/wp-json\/wp\/v2\/media\/37042"}],"wp:attachment":[{"href":"https:\/\/www.vom-taubertal.de\/blog\/wp-json\/wp\/v2\/media?parent=6497"}],"curies":[{"name":"wp","href":"https:\/\/api.w.org\/{rel}","templated":true}]}}