{"id":8739,"date":"2015-02-19T13:02:43","date_gmt":"2015-02-19T11:02:43","guid":{"rendered":"http:\/\/www.vom-taubertal.de\/blog\/?page_id=8739"},"modified":"2024-04-23T17:49:11","modified_gmt":"2024-04-23T15:49:11","slug":"die-schoensten-katzennamen","status":"publish","type":"page","link":"https:\/\/www.vom-taubertal.de\/blog\/die-schoensten-katzennamen\/","title":{"rendered":"Die sch\u00f6nsten Katzennamen"},"content":{"rendered":"<p>Das wichtigste Thema, wenn wir uns einen vierbeinigen Freund ins Haus holen, ist neben der Frage woher das K\u00e4tzchen kommen soll, der Name.<\/p>\n<p>Vielfach haben die K\u00e4tzchen bereits von ihrem fr\u00fcheren Zuhause einen Namen bekommen aber meist gef\u00e4llt uns dieser nicht. Und so begeben wir uns auf die Suche nach sch\u00f6nen klangvollen Namen. Selbstverst\u00e4ndlich sind hier nicht alle Namen aufgelistet aber ich denke, diese Aufstellung kann f\u00fcr den einen oder anderen doch ein wenig hilfreich sein<\/p>\n<div id=\"ez-toc-container\" class=\"ez-toc-v2_0_82_2 counter-hierarchy ez-toc-counter ez-toc-grey ez-toc-container-direction\">\n<div class=\"ez-toc-title-container\">\n<p class=\"ez-toc-title\" style=\"cursor:inherit\">Inhaltsverzeichnis<\/p>\n<span class=\"ez-toc-title-toggle\"><a href=\"#\" class=\"ez-toc-pull-right ez-toc-btn ez-toc-btn-xs ez-toc-btn-default ez-toc-toggle\" aria-label=\"Toggle Table of Content\"><span class=\"ez-toc-js-icon-con\"><span class=\"\"><span class=\"eztoc-hide\" style=\"display:none;\">Toggle<\/span><span class=\"ez-toc-icon-toggle-span\"><svg style=\"fill: #999;color:#999\" xmlns=\"http:\/\/www.w3.org\/2000\/svg\" class=\"list-377408\" width=\"20px\" height=\"20px\" viewBox=\"0 0 24 24\" fill=\"none\"><path d=\"M6 6H4v2h2V6zm14 0H8v2h12V6zM4 11h2v2H4v-2zm16 0H8v2h12v-2zM4 16h2v2H4v-2zm16 0H8v2h12v-2z\" fill=\"currentColor\"><\/path><\/svg><svg style=\"fill: #999;color:#999\" class=\"arrow-unsorted-368013\" xmlns=\"http:\/\/www.w3.org\/2000\/svg\" width=\"10px\" height=\"10px\" viewBox=\"0 0 24 24\" version=\"1.2\" baseProfile=\"tiny\"><path d=\"M18.2 9.3l-6.2-6.3-6.2 6.3c-.2.2-.3.4-.3.7s.1.5.3.7c.2.2.4.3.7.3h11c.3 0 .5-.1.7-.3.2-.2.3-.5.3-.7s-.1-.5-.3-.7zM5.8 14.7l6.2 6.3 6.2-6.3c.2-.2.3-.5.3-.7s-.1-.5-.3-.7c-.2-.2-.4-.3-.7-.3h-11c-.3 0-.5.1-.7.3-.2.2-.3.5-.3.7s.1.5.3.7z\"\/><\/svg><\/span><\/span><\/span><\/a><\/span><\/div>\n<nav><ul class='ez-toc-list ez-toc-list-level-1 ' ><li class='ez-toc-page-1 ez-toc-heading-level-3'><a class=\"ez-toc-link ez-toc-heading-1\" href=\"https:\/\/www.vom-taubertal.de\/blog\/die-schoensten-katzennamen\/#Neutrale_Katzennamen_von_A-Z\" >Neutrale Katzennamen von A-Z<\/a><\/li><li class='ez-toc-page-1 ez-toc-heading-level-3'><a class=\"ez-toc-link ez-toc-heading-2\" href=\"https:\/\/www.vom-taubertal.de\/blog\/die-schoensten-katzennamen\/#Maennliche_Katzennamen\" >M\u00e4nnliche Katzennamen<\/a><\/li><li class='ez-toc-page-1 ez-toc-heading-level-3'><a class=\"ez-toc-link ez-toc-heading-3\" href=\"https:\/\/www.vom-taubertal.de\/blog\/die-schoensten-katzennamen\/#Weibliche_Katzennamen\" >Weibliche Katzennamen<\/a><\/li><li class='ez-toc-page-1 ez-toc-heading-level-3'><a class=\"ez-toc-link ez-toc-heading-4\" href=\"https:\/\/www.vom-taubertal.de\/blog\/die-schoensten-katzennamen\/#Goettliche_Namen_%E2%80%93_weiblich\" >G\u00f6ttliche Namen \u2013 weiblich<\/a><\/li><li class='ez-toc-page-1 ez-toc-heading-level-3'><a class=\"ez-toc-link ez-toc-heading-5\" href=\"https:\/\/www.vom-taubertal.de\/blog\/die-schoensten-katzennamen\/#Goettliche_Namen_%E2%80%93_maennlich\" >G\u00f6ttliche Namen \u2013 m\u00e4nnlich<\/a><\/li><li class='ez-toc-page-1 ez-toc-heading-level-3'><a class=\"ez-toc-link ez-toc-heading-6\" href=\"https:\/\/www.vom-taubertal.de\/blog\/die-schoensten-katzennamen\/#Indiansche_Namen%E2%80%93_weiblich\" >Indiansche Namen\u2013 weiblich<\/a><\/li><li class='ez-toc-page-1 ez-toc-heading-level-3'><a class=\"ez-toc-link ez-toc-heading-7\" href=\"https:\/\/www.vom-taubertal.de\/blog\/die-schoensten-katzennamen\/#Indianische_Namen%E2%80%93_maennlich\" >Indianische Namen\u2013 m\u00e4nnlich<\/a><\/li><li class='ez-toc-page-1 ez-toc-heading-level-3'><a class=\"ez-toc-link ez-toc-heading-8\" href=\"https:\/\/www.vom-taubertal.de\/blog\/die-schoensten-katzennamen\/#Indianische_Namen%E2%80%93_neutral\" >Indianische Namen\u2013 neutral<\/a><\/li><li class='ez-toc-page-1 ez-toc-heading-level-3'><a class=\"ez-toc-link ez-toc-heading-9\" href=\"https:\/\/www.vom-taubertal.de\/blog\/die-schoensten-katzennamen\/#Keltische_Namen_%E2%80%93_weiblich\" >Keltische Namen \u2013 weiblich<\/a><\/li><li class='ez-toc-page-1 ez-toc-heading-level-3'><a class=\"ez-toc-link ez-toc-heading-10\" href=\"https:\/\/www.vom-taubertal.de\/blog\/die-schoensten-katzennamen\/#Keltische_Namen_%E2%80%93_maennlich\" >Keltische Namen &#8211; m\u00e4nnlich<\/a><\/li><li class='ez-toc-page-1 ez-toc-heading-level-3'><a class=\"ez-toc-link ez-toc-heading-11\" href=\"https:\/\/www.vom-taubertal.de\/blog\/die-schoensten-katzennamen\/#Germanische_Namen_%E2%80%93_weiblich\" >Germanische Namen \u2013 weiblich<\/a><\/li><li class='ez-toc-page-1 ez-toc-heading-level-3'><a class=\"ez-toc-link ez-toc-heading-12\" href=\"https:\/\/www.vom-taubertal.de\/blog\/die-schoensten-katzennamen\/#Germanische_Namen_%E2%80%93_maennlich\" >Germanische Namen &#8211; m\u00e4nnlich<\/a><\/li><\/ul><\/nav><\/div>\n<h3><span class=\"ez-toc-section\" id=\"Neutrale_Katzennamen_von_A-Z\"><\/span>Neutrale Katzennamen von A-Z<span class=\"ez-toc-section-end\"><\/span><\/h3>\n<p>A B C D E F G H I J K L M N O P Q R S T U V W X Y Z<\/p>\n<h3><span class=\"ez-toc-section\" id=\"Maennliche_Katzennamen\"><\/span>M\u00e4nnliche Katzennamen<span class=\"ez-toc-section-end\"><\/span><\/h3>\n<p><strong><a title=\"M\u00e4nnliche Katzennamen A\" href=\"https:\/\/www.vom-taubertal.de\/blog\/maennliche-katzennamen-a\/\" target=\"_blank\" rel=\"noopener\">A<\/a> <a title=\"M\u00e4nnliche Katzennamen \u2013 B\" href=\"https:\/\/www.vom-taubertal.de\/blog\/maennliche-katzennamen-b\/\" target=\"_blank\" rel=\"noopener\">B <\/a><a title=\"M\u00e4nnliche Katzennamen \u2013 C\" href=\"https:\/\/www.vom-taubertal.de\/blog\/maennliche-katzennamen-c\/\" target=\"_blank\" rel=\"noopener\">C<\/a> <a title=\"M\u00e4nnliche Katzennamen \u2013 D\" href=\"https:\/\/www.vom-taubertal.de\/blog\/maennliche-katzennamen-d\/\" target=\"_blank\" rel=\"noopener\">D<\/a> <a title=\"M\u00e4nnliche Katzennamen \u2013 E\" href=\"https:\/\/www.vom-taubertal.de\/blog\/maennliche-katzennamen-e\/\" target=\"_blank\" rel=\"noopener\">E<\/a> <a title=\"M\u00e4nnliche Katzennamen \u2013 F\" href=\"https:\/\/www.vom-taubertal.de\/blog\/maennliche-katzennamen-f\/\" target=\"_blank\" rel=\"noopener\">F<\/a> <a title=\"M\u00e4nnliche Katzennamen \u2013 G\" href=\"https:\/\/www.vom-taubertal.de\/blog\/maennliche-katzennamen-g\/\" target=\"_blank\" rel=\"noopener\">G<\/a> <a title=\"M\u00e4nnliche Katzennamen \u2013 H\" href=\"https:\/\/www.vom-taubertal.de\/blog\/maennliche-katzennamen-h\/\" target=\"_blank\" rel=\"noopener\">H<\/a> <a title=\"M\u00e4nnliche Katzennamen \u2013 I\" href=\"https:\/\/www.vom-taubertal.de\/blog\/maennliche-katzennamen-i\/\" target=\"_blank\" rel=\"noopener\">I<\/a> <a title=\"M\u00e4nnliche Katzennamen \u2013 J\" href=\"https:\/\/www.vom-taubertal.de\/blog\/maennliche-katzennamen-j\/\" target=\"_blank\" rel=\"noopener\">J<\/a> <a title=\"M\u00e4nnliche Katzennamen \u2013 K\" href=\"https:\/\/www.vom-taubertal.de\/blog\/maennliche-katzennamen-k\/\" target=\"_blank\" rel=\"noopener\">K<\/a> <a title=\"M\u00e4nnliche Katzennamen \u2013 L\" href=\"https:\/\/www.vom-taubertal.de\/blog\/maennliche-katzennamen-l\/\" target=\"_blank\" rel=\"noopener\">L<\/a> <a title=\"M\u00e4nnliche Katzennamen \u2013 M\" href=\"https:\/\/www.vom-taubertal.de\/blog\/maennliche-katzennamen-m\/\" target=\"_blank\" rel=\"noopener\">M<\/a> <a title=\"M\u00e4nnliche Katzennamen \u2013 N\" href=\"https:\/\/www.vom-taubertal.de\/blog\/maennliche-katzennamen-n\/\" target=\"_blank\" rel=\"noopener\">N<\/a> <a title=\"M\u00e4nnliche Katzennamen \u2013 O\" href=\"https:\/\/www.vom-taubertal.de\/blog\/maennliche-katzennamen-o\/\" target=\"_blank\" rel=\"noopener\">O<\/a> <a title=\"M\u00e4nnliche Katzennamen \u2013 P\" href=\"https:\/\/www.vom-taubertal.de\/blog\/maennliche-katzennamen-p\/\" target=\"_blank\" rel=\"noopener\">P<\/a> <a title=\"M\u00e4nnliche Katzennamen \u2013 Q\" href=\"https:\/\/www.vom-taubertal.de\/blog\/maennliche-katzennamen-q\/\" target=\"_blank\" rel=\"noopener\">Q<\/a> <a title=\"M\u00e4nnliche Katzennamen \u2013 R\" href=\"https:\/\/www.vom-taubertal.de\/blog\/maennliche-katzennamen-r\/\" target=\"_blank\" rel=\"noopener\">R<\/a> <a title=\"M\u00e4nnliche Katzennamen \u2013 S\" href=\"https:\/\/www.vom-taubertal.de\/blog\/maennliche-katzennamen-s\/\" target=\"_blank\" rel=\"noopener\">S<\/a> <a title=\"M\u00e4nnliche Katzennamen \u2013 T\" href=\"https:\/\/www.vom-taubertal.de\/blog\/maennliche-katzennamen-t\/\" target=\"_blank\" rel=\"noopener\">T<\/a> <a title=\"M\u00e4nnliche Katzennamen \u2013 U\" href=\"https:\/\/www.vom-taubertal.de\/blog\/maennliche-katzennamen-u\/\" target=\"_blank\" rel=\"noopener\">U<\/a> <a title=\"M\u00e4nnliche Katzennamen \u2013 V\" href=\"https:\/\/www.vom-taubertal.de\/blog\/maennliche-katzennamen-v\/\" target=\"_blank\" rel=\"noopener\">V<\/a> <a title=\"M\u00e4nnliche Katzennamen \u2013 W\" href=\"https:\/\/www.vom-taubertal.de\/blog\/maennliche-katzennamen-w\/\" target=\"_blank\" rel=\"noopener\">W<\/a> <a title=\"M\u00e4nnliche Katzennamen \u2013 X\" href=\"https:\/\/www.vom-taubertal.de\/blog\/maennliche-katzennamen-x\/\" target=\"_blank\" rel=\"noopener\">X<\/a> <a title=\"M\u00e4nnliche Katzennamen \u2013 Y\" href=\"https:\/\/www.vom-taubertal.de\/blog\/maennliche-katzennamen-y\/\" target=\"_blank\" rel=\"noopener\">Y<\/a> <a title=\"M\u00e4nnliche Katzennamen \u2013 Z\" href=\"https:\/\/www.vom-taubertal.de\/blog\/maennliche-katzennamen-z\/\" target=\"_blank\" rel=\"noopener\">Z<\/a><\/strong><\/p>\n<h3><span class=\"ez-toc-section\" id=\"Weibliche_Katzennamen\"><\/span>Weibliche Katzennamen<span class=\"ez-toc-section-end\"><\/span><\/h3>\n<p><strong><a title=\"Weibliche Katzennamen \u2013 A\" href=\"https:\/\/www.vom-taubertal.de\/blog\/weibliche-katzennamen-a\/\" target=\"_blank\" rel=\"noopener\">A<\/a> <a title=\"Weibliche Katzennamen \u2013 B\" href=\"https:\/\/www.vom-taubertal.de\/blog\/weibliche-katzennamen-b\/\" target=\"_blank\" rel=\"noopener\">B<\/a> <a title=\"Weibliche Katzennamen \u2013 C\" href=\"https:\/\/www.vom-taubertal.de\/blog\/weibliche-katzennamen-c\/\" target=\"_blank\" rel=\"noopener\">C<\/a> <a title=\"Weibliche Katzennamen \u2013 D\" href=\"https:\/\/www.vom-taubertal.de\/blog\/weibliche-katzennamen-d\/\" target=\"_blank\" rel=\"noopener\">D<\/a> <a title=\"Weibliche Katzennamen \u2013 E\" href=\"https:\/\/www.vom-taubertal.de\/blog\/weibliche-katzennamen-e\/\" target=\"_blank\" rel=\"noopener\">E<\/a> <a title=\"Weibliche Katzennamen \u2013 F\" href=\"https:\/\/www.vom-taubertal.de\/blog\/weibliche-katzennamen-f\/\" target=\"_blank\" rel=\"noopener\">F<\/a> <a title=\"Weibliche Katzennamen \u2013 G\" href=\"https:\/\/www.vom-taubertal.de\/blog\/weibliche-katzennamen-g\/\" target=\"_blank\" rel=\"noopener\">G<\/a> <a title=\"Weibliche Katzennamen \u2013 H\" href=\"https:\/\/www.vom-taubertal.de\/blog\/weibliche-katzennamen-h\/\" target=\"_blank\" rel=\"noopener\">H<\/a> <a title=\"Weibliche Katzennamen \u2013 I\" href=\"https:\/\/www.vom-taubertal.de\/blog\/weibliche-katzennamen-i\/\" target=\"_blank\" rel=\"noopener\">I<\/a> <a title=\"Weibliche Katzennamen \u2013 J\" href=\"https:\/\/www.vom-taubertal.de\/blog\/weibliche-katzennamen-j\/\" target=\"_blank\" rel=\"noopener\">J<\/a><a title=\"Weibliche Katzennamen \u2013 K\" href=\"https:\/\/www.vom-taubertal.de\/blog\/weibliche-katzennamen-k\/\" target=\"_blank\" rel=\"noopener\"> K<\/a> <a title=\"Weibliche Katzennamen \u2013 L\" href=\"https:\/\/www.vom-taubertal.de\/blog\/weibliche-katzennamen-l\/\" target=\"_blank\" rel=\"noopener\">L<\/a> <a title=\"Weibliche Katzennamen \u2013 M\" href=\"https:\/\/www.vom-taubertal.de\/blog\/weibliche-katzennamen-m\/\" target=\"_blank\" rel=\"noopener\">M<\/a> <a title=\"Weibliche Katzennamen \u2013 N\" href=\"https:\/\/www.vom-taubertal.de\/blog\/weibliche-katzennamen-n\/\" target=\"_blank\" rel=\"noopener\">N<\/a> <a title=\"Weibliche Katzennamen \u2013 O\" href=\"https:\/\/www.vom-taubertal.de\/blog\/weibliche-katzennamen-o\/\">O<\/a> <a title=\"Weibliche Katzennamen \u2013 P\" href=\"https:\/\/www.vom-taubertal.de\/blog\/weibliche-katzennamen-p\/\" target=\"_blank\" rel=\"noopener\">P <\/a><a title=\"Weibliche Katzennamen \u2013 Q\" href=\"https:\/\/www.vom-taubertal.de\/blog\/weibliche-katzennamen-q\/\" target=\"_blank\" rel=\"noopener\">Q<\/a> <a title=\"Weibliche Katzennamen \u2013 R\" href=\"https:\/\/www.vom-taubertal.de\/blog\/weibliche-katzennamen-r\/\" target=\"_blank\" rel=\"noopener\">R<\/a> <a title=\"Weibliche Katzennamen \u2013 S\" href=\"https:\/\/www.vom-taubertal.de\/blog\/weibliche-katzennamen-s\/\" target=\"_blank\" rel=\"noopener\">S<\/a> <a title=\"Weibliche Katzennamen \u2013 T\" href=\"https:\/\/www.vom-taubertal.de\/blog\/weibliche-katzennamen-t\/\" target=\"_blank\" rel=\"noopener\">T<\/a> <a title=\"Weibliche Katzennamen \u2013 U\" href=\"https:\/\/www.vom-taubertal.de\/blog\/weibliche-katzennamen-u\/\" target=\"_blank\" rel=\"noopener\">U<\/a> <a title=\"Weibliche Katzennamen \u2013 V\" href=\"https:\/\/www.vom-taubertal.de\/blog\/weibliche-katzennamen-v\/\" target=\"_blank\" rel=\"noopener\">V<\/a> <a title=\"Weibliche Katzennamen \u2013 W\" href=\"https:\/\/www.vom-taubertal.de\/blog\/weibliche-katzennamen-w-2\/\" target=\"_blank\" rel=\"noopener\">W<\/a><a title=\"Weibliche Katzennamen \u2013 X\" href=\"https:\/\/www.vom-taubertal.de\/blog\/weibliche-katzennamen-x\/\" target=\"_blank\" rel=\"noopener\"> X<\/a> <a title=\"Weibliche Katzennamen \u2013 Y\" href=\"https:\/\/www.vom-taubertal.de\/blog\/weibliche-katzennamen-y\/\" target=\"_blank\" rel=\"noopener\">Y<\/a> <a title=\"Weibliche Katzennamen \u2013 Z\" href=\"https:\/\/www.vom-taubertal.de\/blog\/weibliche-katzennamen-z\/\" target=\"_blank\" rel=\"noopener\">Z<\/a><\/strong><\/p>\n<h3><span class=\"ez-toc-section\" id=\"Goettliche_Namen_%E2%80%93_weiblich\"><\/span><a title=\"G\u00f6ttliche Katzennamen \u2013 weiblich\" href=\"https:\/\/www.vom-taubertal.de\/blog\/goettliche-katzennamen-weiblich\/\" target=\"_blank\" rel=\"noopener\">G\u00f6ttliche Namen \u2013 weiblich<\/a><span class=\"ez-toc-section-end\"><\/span><\/h3>\n<h3><span class=\"ez-toc-section\" id=\"Goettliche_Namen_%E2%80%93_maennlich\"><\/span><a title=\"G\u00f6ttliche Katzennamen \u2013 m\u00e4nnlich\" href=\"https:\/\/www.vom-taubertal.de\/blog\/goettliche-katzennamen-maennlich\/\" target=\"_blank\" rel=\"noopener\">G\u00f6ttliche Namen \u2013 m\u00e4nnlich<\/a><span class=\"ez-toc-section-end\"><\/span><\/h3>\n<h3><span class=\"ez-toc-section\" id=\"Indiansche_Namen%E2%80%93_weiblich\"><\/span><a href=\"https:\/\/www.vom-taubertal.de\/blog\/indianische-katzennamen-weiblich\/\" target=\"_blank\" rel=\"noopener\">Indiansche Namen\u2013 weiblich<\/a><span class=\"ez-toc-section-end\"><\/span><\/h3>\n<h3><span class=\"ez-toc-section\" id=\"Indianische_Namen%E2%80%93_maennlich\"><\/span><a title=\"Indianische Katzennamen \u2013 m\u00e4nnlich\" href=\"https:\/\/www.vom-taubertal.de\/blog\/indianische-katzennamen-maennlich\/\" target=\"_blank\" rel=\"noopener\">Indianische Namen\u2013 m\u00e4nnlich<\/a><span class=\"ez-toc-section-end\"><\/span><\/h3>\n<h3><span class=\"ez-toc-section\" id=\"Indianische_Namen%E2%80%93_neutral\"><\/span><a title=\"Indianische Katzennamen \u2013 neutral\" href=\"https:\/\/www.vom-taubertal.de\/blog\/indianische-katzennamen-neutral\/\" target=\"_blank\" rel=\"noopener\">Indianische Namen\u2013 neutral<\/a><span class=\"ez-toc-section-end\"><\/span><\/h3>\n<h3><span class=\"ez-toc-section\" id=\"Keltische_Namen_%E2%80%93_weiblich\"><\/span><a title=\"Keltische Namen \u2013 weiblich\" href=\"https:\/\/www.vom-taubertal.de\/blog\/keltische-namen-weiblich\/\" target=\"_blank\" rel=\"noopener\">Keltische Namen \u2013 weiblich<\/a><span class=\"ez-toc-section-end\"><\/span><\/h3>\n<h3><span class=\"ez-toc-section\" id=\"Keltische_Namen_%E2%80%93_maennlich\"><\/span><a title=\"Keltische Namen -M\u00e4nnlich\" href=\"https:\/\/www.vom-taubertal.de\/blog\/keltische-namen-maennlich\/\" target=\"_blank\" rel=\"noopener\">Keltische Namen &#8211; m\u00e4nnlich<\/a><span class=\"ez-toc-section-end\"><\/span><\/h3>\n<h3><span class=\"ez-toc-section\" id=\"Germanische_Namen_%E2%80%93_weiblich\"><\/span><a title=\"Germanische Namen \u2013 weiblich\" href=\"https:\/\/www.vom-taubertal.de\/blog\/germanische-namen-weiblich\/\" target=\"_blank\" rel=\"noopener\">Germanische Namen \u2013 weiblich<\/a><span class=\"ez-toc-section-end\"><\/span><\/h3>\n<h3><span class=\"ez-toc-section\" id=\"Germanische_Namen_%E2%80%93_maennlich\"><\/span><a title=\"Germanische Namen \u2013 m\u00e4nnlich\" href=\"https:\/\/www.vom-taubertal.de\/blog\/germanische-namen-maennlich\/\" target=\"_blank\" rel=\"noopener\">Germanische Namen &#8211; m\u00e4nnlich<\/a><span class=\"ez-toc-section-end\"><\/span><\/h3>\n<p><span style=\"color: #808080;\"><em>Diese Namensseite ist noch im Aufbau und wird nach und nach erweitert, um- und ausgebaut. Also gerne mal \u00f6fters vorbekommen und st\u00f6bern.<\/em><\/span><\/p>\n<p>Und nun w\u00fcnsche ich Euch viel Spa\u00df beim St\u00f6bern und hoffentlich finden, des richtigen Namen f\u00fcr euren neuen vierbeinigen Gef\u00e4hrten.<br \/>\n<script type=\"text\/javascript\">\n    google_ad_client = \"ca-pub-3363977028533397\";\n    google_ad_slot = \"3730385664\";\n    google_ad_width = 728;\n    google_ad_height = 90;\n<\/script><br \/>\n<!-- Taubertal2 --><br \/>\n<script type=\"text\/javascript\" src=\"\/\/pagead2.googlesyndication.com\/pagead\/show_ads.js\">\n<\/script><\/p>\n","protected":false},"excerpt":{"rendered":"<p>Das wichtigste Thema, wenn wir uns einen vierbeinigen Freund ins Haus holen, ist neben der Frage woher das K\u00e4tzchen kommen<\/p>\n","protected":false},"author":1,"featured_media":0,"parent":0,"menu_order":0,"comment_status":"closed","ping_status":"open","template":"","meta":{"colormag_page_container_layout":"default_layout","colormag_page_sidebar_layout":"default_layout","sfsi_plus_gutenberg_text_before_share":"","sfsi_plus_gutenberg_show_text_before_share":"","sfsi_plus_gutenberg_icon_type":"","sfsi_plus_gutenberg_icon_alignemt":"","sfsi_plus_gutenburg_max_per_row":"","ngg_post_thumbnail":0,"footnotes":""},"class_list":["post-8739","page","type-page","status-publish","hentry"],"yoast_head":"<!-- This site is optimized with the Yoast SEO plugin v27.4 - https:\/\/yoast.com\/product\/yoast-seo-wordpress\/ -->\n<title>Die sch\u00f6nsten Katzennamen - Taubertalperser<\/title>\n<meta name=\"description\" content=\"Hier pr\u00e4sentieren euch die Taubertalperser, die sch\u00f6nste Katzennamen aus der Mythologie und vielen anderen Bereichen.\" \/>\n<meta name=\"robots\" content=\"index, follow, max-snippet:-1, max-image-preview:large, max-video-preview:-1\" \/>\n<link rel=\"canonical\" href=\"https:\/\/www.vom-taubertal.de\/blog\/die-schoensten-katzennamen\/\" \/>\n<meta property=\"og:locale\" content=\"de_DE\" \/>\n<meta property=\"og:type\" content=\"article\" \/>\n<meta property=\"og:title\" content=\"Die sch\u00f6nsten Katzennamen - Taubertalperser\" \/>\n<meta property=\"og:description\" content=\"Hier pr\u00e4sentieren euch die Taubertalperser, die sch\u00f6nste Katzennamen aus der Mythologie und vielen anderen Bereichen.\" \/>\n<meta property=\"og:url\" content=\"https:\/\/www.vom-taubertal.de\/blog\/die-schoensten-katzennamen\/\" \/>\n<meta property=\"og:site_name\" content=\"Die Taubertalperser\" \/>\n<meta property=\"article:modified_time\" content=\"2024-04-23T15:49:11+00:00\" \/>\n<meta name=\"twitter:label1\" content=\"Gesch\u00e4tzte Lesezeit\" \/>\n\t<meta name=\"twitter:data1\" content=\"2\u00a0Minuten\" \/>\n<script type=\"application\/ld+json\" class=\"yoast-schema-graph\">{\"@context\":\"https:\\\/\\\/schema.org\",\"@graph\":[{\"@type\":\"WebPage\",\"@id\":\"https:\\\/\\\/www.vom-taubertal.de\\\/blog\\\/die-schoensten-katzennamen\\\/\",\"url\":\"https:\\\/\\\/www.vom-taubertal.de\\\/blog\\\/die-schoensten-katzennamen\\\/\",\"name\":\"Die sch\u00f6nsten Katzennamen - Taubertalperser\",\"isPartOf\":{\"@id\":\"https:\\\/\\\/www.vom-taubertal.de\\\/blog\\\/#website\"},\"datePublished\":\"2015-02-19T11:02:43+00:00\",\"dateModified\":\"2024-04-23T15:49:11+00:00\",\"description\":\"Hier pr\u00e4sentieren euch die Taubertalperser, die sch\u00f6nste Katzennamen aus der Mythologie und vielen anderen Bereichen.\",\"breadcrumb\":{\"@id\":\"https:\\\/\\\/www.vom-taubertal.de\\\/blog\\\/die-schoensten-katzennamen\\\/#breadcrumb\"},\"inLanguage\":\"de\",\"potentialAction\":[{\"@type\":\"ReadAction\",\"target\":[\"https:\\\/\\\/www.vom-taubertal.de\\\/blog\\\/die-schoensten-katzennamen\\\/\"]}]},{\"@type\":\"BreadcrumbList\",\"@id\":\"https:\\\/\\\/www.vom-taubertal.de\\\/blog\\\/die-schoensten-katzennamen\\\/#breadcrumb\",\"itemListElement\":[{\"@type\":\"ListItem\",\"position\":1,\"name\":\"Home\",\"item\":\"https:\\\/\\\/www.vom-taubertal.de\\\/blog\\\/\"},{\"@type\":\"ListItem\",\"position\":2,\"name\":\"Die sch\u00f6nsten Katzennamen\"}]},{\"@type\":\"WebSite\",\"@id\":\"https:\\\/\\\/www.vom-taubertal.de\\\/blog\\\/#website\",\"url\":\"https:\\\/\\\/www.vom-taubertal.de\\\/blog\\\/\",\"name\":\"Die Taubertalperser\",\"description\":\"Alles \u00fcber und f\u00fcr Katzen \",\"publisher\":{\"@id\":\"https:\\\/\\\/www.vom-taubertal.de\\\/blog\\\/#\\\/schema\\\/person\\\/368654e092f5785df440fe834ecc3049\"},\"potentialAction\":[{\"@type\":\"SearchAction\",\"target\":{\"@type\":\"EntryPoint\",\"urlTemplate\":\"https:\\\/\\\/www.vom-taubertal.de\\\/blog\\\/?s={search_term_string}\"},\"query-input\":{\"@type\":\"PropertyValueSpecification\",\"valueRequired\":true,\"valueName\":\"search_term_string\"}}],\"inLanguage\":\"de\"},{\"@type\":[\"Person\",\"Organization\"],\"@id\":\"https:\\\/\\\/www.vom-taubertal.de\\\/blog\\\/#\\\/schema\\\/person\\\/368654e092f5785df440fe834ecc3049\",\"name\":\"afrank\",\"image\":{\"@type\":\"ImageObject\",\"inLanguage\":\"de\",\"@id\":\"https:\\\/\\\/www.vom-taubertal.de\\\/blog\\\/wp-content\\\/uploads\\\/2019\\\/03\\\/Andrea_Dividi_02.jpg\",\"url\":\"https:\\\/\\\/www.vom-taubertal.de\\\/blog\\\/wp-content\\\/uploads\\\/2019\\\/03\\\/Andrea_Dividi_02.jpg\",\"contentUrl\":\"https:\\\/\\\/www.vom-taubertal.de\\\/blog\\\/wp-content\\\/uploads\\\/2019\\\/03\\\/Andrea_Dividi_02.jpg\",\"width\":653,\"height\":800,\"caption\":\"afrank\"},\"logo\":{\"@id\":\"https:\\\/\\\/www.vom-taubertal.de\\\/blog\\\/wp-content\\\/uploads\\\/2019\\\/03\\\/Andrea_Dividi_02.jpg\"}}]}<\/script>\n<!-- \/ Yoast SEO plugin. -->","yoast_head_json":{"title":"Die sch\u00f6nsten Katzennamen - Taubertalperser","description":"Hier pr\u00e4sentieren euch die Taubertalperser, die sch\u00f6nste Katzennamen aus der Mythologie und vielen anderen Bereichen.","robots":{"index":"index","follow":"follow","max-snippet":"max-snippet:-1","max-image-preview":"max-image-preview:large","max-video-preview":"max-video-preview:-1"},"canonical":"https:\/\/www.vom-taubertal.de\/blog\/die-schoensten-katzennamen\/","og_locale":"de_DE","og_type":"article","og_title":"Die sch\u00f6nsten Katzennamen - Taubertalperser","og_description":"Hier pr\u00e4sentieren euch die Taubertalperser, die sch\u00f6nste Katzennamen aus der Mythologie und vielen anderen Bereichen.","og_url":"https:\/\/www.vom-taubertal.de\/blog\/die-schoensten-katzennamen\/","og_site_name":"Die Taubertalperser","article_modified_time":"2024-04-23T15:49:11+00:00","twitter_misc":{"Gesch\u00e4tzte Lesezeit":"2\u00a0Minuten"},"schema":{"@context":"https:\/\/schema.org","@graph":[{"@type":"WebPage","@id":"https:\/\/www.vom-taubertal.de\/blog\/die-schoensten-katzennamen\/","url":"https:\/\/www.vom-taubertal.de\/blog\/die-schoensten-katzennamen\/","name":"Die sch\u00f6nsten Katzennamen - Taubertalperser","isPartOf":{"@id":"https:\/\/www.vom-taubertal.de\/blog\/#website"},"datePublished":"2015-02-19T11:02:43+00:00","dateModified":"2024-04-23T15:49:11+00:00","description":"Hier pr\u00e4sentieren euch die Taubertalperser, die sch\u00f6nste Katzennamen aus der Mythologie und vielen anderen Bereichen.","breadcrumb":{"@id":"https:\/\/www.vom-taubertal.de\/blog\/die-schoensten-katzennamen\/#breadcrumb"},"inLanguage":"de","potentialAction":[{"@type":"ReadAction","target":["https:\/\/www.vom-taubertal.de\/blog\/die-schoensten-katzennamen\/"]}]},{"@type":"BreadcrumbList","@id":"https:\/\/www.vom-taubertal.de\/blog\/die-schoensten-katzennamen\/#breadcrumb","itemListElement":[{"@type":"ListItem","position":1,"name":"Home","item":"https:\/\/www.vom-taubertal.de\/blog\/"},{"@type":"ListItem","position":2,"name":"Die sch\u00f6nsten Katzennamen"}]},{"@type":"WebSite","@id":"https:\/\/www.vom-taubertal.de\/blog\/#website","url":"https:\/\/www.vom-taubertal.de\/blog\/","name":"Die Taubertalperser","description":"Alles \u00fcber und f\u00fcr Katzen ","publisher":{"@id":"https:\/\/www.vom-taubertal.de\/blog\/#\/schema\/person\/368654e092f5785df440fe834ecc3049"},"potentialAction":[{"@type":"SearchAction","target":{"@type":"EntryPoint","urlTemplate":"https:\/\/www.vom-taubertal.de\/blog\/?s={search_term_string}"},"query-input":{"@type":"PropertyValueSpecification","valueRequired":true,"valueName":"search_term_string"}}],"inLanguage":"de"},{"@type":["Person","Organization"],"@id":"https:\/\/www.vom-taubertal.de\/blog\/#\/schema\/person\/368654e092f5785df440fe834ecc3049","name":"afrank","image":{"@type":"ImageObject","inLanguage":"de","@id":"https:\/\/www.vom-taubertal.de\/blog\/wp-content\/uploads\/2019\/03\/Andrea_Dividi_02.jpg","url":"https:\/\/www.vom-taubertal.de\/blog\/wp-content\/uploads\/2019\/03\/Andrea_Dividi_02.jpg","contentUrl":"https:\/\/www.vom-taubertal.de\/blog\/wp-content\/uploads\/2019\/03\/Andrea_Dividi_02.jpg","width":653,"height":800,"caption":"afrank"},"logo":{"@id":"https:\/\/www.vom-taubertal.de\/blog\/wp-content\/uploads\/2019\/03\/Andrea_Dividi_02.jpg"}}]}},"jetpack_sharing_enabled":true,"_links":{"self":[{"href":"https:\/\/www.vom-taubertal.de\/blog\/wp-json\/wp\/v2\/pages\/8739","targetHints":{"allow":["GET"]}}],"collection":[{"href":"https:\/\/www.vom-taubertal.de\/blog\/wp-json\/wp\/v2\/pages"}],"about":[{"href":"https:\/\/www.vom-taubertal.de\/blog\/wp-json\/wp\/v2\/types\/page"}],"author":[{"embeddable":true,"href":"https:\/\/www.vom-taubertal.de\/blog\/wp-json\/wp\/v2\/users\/1"}],"replies":[{"embeddable":true,"href":"https:\/\/www.vom-taubertal.de\/blog\/wp-json\/wp\/v2\/comments?post=8739"}],"version-history":[{"count":46,"href":"https:\/\/www.vom-taubertal.de\/blog\/wp-json\/wp\/v2\/pages\/8739\/revisions"}],"predecessor-version":[{"id":36906,"href":"https:\/\/www.vom-taubertal.de\/blog\/wp-json\/wp\/v2\/pages\/8739\/revisions\/36906"}],"wp:attachment":[{"href":"https:\/\/www.vom-taubertal.de\/blog\/wp-json\/wp\/v2\/media?parent=8739"}],"curies":[{"name":"wp","href":"https:\/\/api.w.org\/{rel}","templated":true}]}}